{"id":1596,"date":"2022-04-29T18:20:40","date_gmt":"2022-04-29T18:20:40","guid":{"rendered":"https:\/\/www.acacr.es\/?page_id=1596"},"modified":"2022-05-05T15:40:27","modified_gmt":"2022-05-05T15:40:27","slug":"comite-de-honor-del-congreso-internacional-del-olivar-y-el-aceite-de-oliva","status":"publish","type":"page","link":"https:\/\/www.acacr.es\/?page_id=1596","title":{"rendered":"COMIT\u00c9 DE HONOR DEL CONGRESO INTERNACIONAL DEL OLIVAR Y EL ACEITE DE OLIVA"},"content":{"rendered":"\t\t<div data-elementor-type=\"wp-page\" data-elementor-id=\"1596\" class=\"elementor elementor-1596\">\n\t\t\t\t\t\t<section class=\"elementor-section elementor-top-section elementor-element elementor-element-c13a673 elementor-section-boxed elementor-section-height-default elementor-section-height-default\" data-id=\"c13a673\" data-element_type=\"section\">\n\t\t\t\t\t\t<div class=\"elementor-container elementor-column-gap-default\">\n\t\t\t\t\t<div class=\"elementor-column elementor-col-100 elementor-top-column elementor-element elementor-element-ee14b69\" data-id=\"ee14b69\" data-element_type=\"column\">\n\t\t\t<div class=\"elementor-widget-wrap elementor-element-populated\">\n\t\t\t\t\t\t<div class=\"elementor-element elementor-element-4a8590c elementor-widget elementor-widget-heading\" data-id=\"4a8590c\" data-element_type=\"widget\" data-widget_type=\"heading.default\">\n\t\t\t\t<div class=\"elementor-widget-container\">\n\t\t\t\t\t<h2 class=\"elementor-heading-title elementor-size-default\">COMIT\u00c9 DE HONOR DEL CONGRESO INTERNACIONAL DEL OLIVAR Y EL ACEITE DE OLIVA <\/h2>\t\t\t\t<\/div>\n\t\t\t\t<\/div>\n\t\t\t\t\t<\/div>\n\t\t<\/div>\n\t\t\t\t\t<\/div>\n\t\t<\/section>\n\t\t\t\t<section class=\"elementor-section elementor-top-section elementor-element elementor-element-7490589 elementor-section-boxed elementor-section-height-default elementor-section-height-default\" data-id=\"7490589\" data-element_type=\"section\">\n\t\t\t\t\t\t<div class=\"elementor-container elementor-column-gap-default\">\n\t\t\t\t\t<div class=\"elementor-column elementor-col-100 elementor-top-column elementor-element elementor-element-ff1136b\" data-id=\"ff1136b\" data-element_type=\"column\">\n\t\t\t<div class=\"elementor-widget-wrap elementor-element-populated\">\n\t\t\t\t\t\t<div class=\"elementor-element elementor-element-b61d3a7 elementor-widget elementor-widget-spacer\" data-id=\"b61d3a7\" data-element_type=\"widget\" data-widget_type=\"spacer.default\">\n\t\t\t\t<div class=\"elementor-widget-container\">\n\t\t\t\t\t\t\t<div class=\"elementor-spacer\">\n\t\t\t<div class=\"elementor-spacer-inner\"><\/div>\n\t\t<\/div>\n\t\t\t\t\t\t<\/div>\n\t\t\t\t<\/div>\n\t\t\t\t\t<\/div>\n\t\t<\/div>\n\t\t\t\t\t<\/div>\n\t\t<\/section>\n\t\t\t\t<section class=\"elementor-section elementor-top-section elementor-element elementor-element-2fbc1f2 elementor-section-boxed elementor-section-height-default elementor-section-height-default\" data-id=\"2fbc1f2\" data-element_type=\"section\" data-settings=\"{&quot;shape_divider_top&quot;:&quot;mountains&quot;}\">\n\t\t\t\t\t<div class=\"elementor-shape elementor-shape-top\" aria-hidden=\"true\" data-negative=\"false\">\n\t\t\t<svg xmlns=\"http:\/\/www.w3.org\/2000\/svg\" viewBox=\"0 0 1000 100\" preserveAspectRatio=\"none\">\n\t<path class=\"elementor-shape-fill\" opacity=\"0.33\" d=\"M473,67.3c-203.9,88.3-263.1-34-320.3,0C66,119.1,0,59.7,0,59.7V0h1000v59.7 c0,0-62.1,26.1-94.9,29.3c-32.8,3.3-62.8-12.3-75.8-22.1C806,49.6,745.3,8.7,694.9,4.7S492.4,59,473,67.3z\"\/>\n\t<path class=\"elementor-shape-fill\" opacity=\"0.66\" d=\"M734,67.3c-45.5,0-77.2-23.2-129.1-39.1c-28.6-8.7-150.3-10.1-254,39.1 s-91.7-34.4-149.2,0C115.7,118.3,0,39.8,0,39.8V0h1000v36.5c0,0-28.2-18.5-92.1-18.5C810.2,18.1,775.7,67.3,734,67.3z\"\/>\n\t<path class=\"elementor-shape-fill\" d=\"M766.1,28.9c-200-57.5-266,65.5-395.1,19.5C242,1.8,242,5.4,184.8,20.6C128,35.8,132.3,44.9,89.9,52.5C28.6,63.7,0,0,0,0 h1000c0,0-9.9,40.9-83.6,48.1S829.6,47,766.1,28.9z\"\/>\n<\/svg>\t\t<\/div>\n\t\t\t\t\t<div class=\"elementor-container elementor-column-gap-default\">\n\t\t\t\t\t<div class=\"elementor-column elementor-col-100 elementor-top-column elementor-element elementor-element-adcdf49\" data-id=\"adcdf49\" data-element_type=\"column\">\n\t\t\t<div class=\"elementor-widget-wrap elementor-element-populated\">\n\t\t\t\t\t\t<div class=\"elementor-element elementor-element-57850fa elementor-widget elementor-widget-text-editor\" data-id=\"57850fa\" data-element_type=\"widget\" data-widget_type=\"text-editor.default\">\n\t\t\t\t<div class=\"elementor-widget-container\">\n\t\t\t\t\t\t\t\t\t<p>Presidente: D. Juan Manuel Moreno Bonilla, Presidente de la Junta de Andaluc\u00eda<\/p><p>D. Luis Planas Puchades, Ministro de Agricultura, Pesca y Alimentaci\u00f3n<\/p><p>D. Lhassane Sikaoui Jefe de la Unidad de Olivicultura, Eleotecnia y Medio Ambiente del Consejo Ole\u00edcola Internacional<\/p><p>D. Juan Antonio Mar\u00edn Lozano, Vicepresidente de la Junta de Andaluc\u00eda<\/p><p>D\u00f1a. Carmen Crespo D\u00edaz, Consejera de Agricultura, Ganader\u00eda, Pesca y Desarrollo Sostenible<\/p><p>D. Rogelio Velasco P\u00e9rez, Consejero de Transformaci\u00f3n Econ\u00f3mica, Industria, Conocimiento y Universidades<\/p><p>D. Javier Gonz\u00e1lez de Lara y Sarria, Presidente de la Confederaci\u00f3n de Empresarios de Andaluc\u00eda<\/p><p>D. Miguel \u00c1ngel Castro Arroyo, Rector Magn\u00edfico de la Universidad de Sevilla<\/p><p>D\u00f1a. Pilar Aranda Ram\u00edrez, Rectora Magn\u00edfica de la Universidad de Granada<\/p><p>D. Jos\u00e9 Carlos G\u00f3mez Villamandos, Rector Magn\u00edfico de la Universidad de C\u00f3rdoba<\/p><p>D. Jos\u00e9 \u00c1ngel Narv\u00e1ez Bueno, Rector Magn\u00edfico de la Universidad de M\u00e1laga<\/p><p>D. Juan G\u00f3mez Ortega, Rector Magn\u00edfico de la Universidad de Ja\u00e9n<\/p><p>D. Gabriel Mar\u00eda P\u00e9rez Alcal\u00e1, Rector Magn\u00edfico de la Universidad Loyola Andaluc\u00eda<\/p><p>D. Braulio Medel C\u00e1mara, Presidente de la Fundaci\u00f3n Unicaja Banco<\/p><p>D. Antonio Luque Luque, Presidente de DCOOP<\/p><p>D\u00f1a. Ana M\u00aa Romero Obrero, Presidenta de la Asociaci\u00f3n Espa\u00f1ola de Municipios del Olivo (AEMO) y Alcaldesa del Excmo. Ayuntamiento de Montoro<\/p><p>D. Fernando Rodr\u00edguez Villalobos, Presidente de la Federaci\u00f3n Andaluza de Municipios y Provincias.<\/p><p>D. Francisco Reyes Mart\u00ednez, Presidente de la Excma. Diputaci\u00f3n de Ja\u00e9n<\/p><p>D. Julio Mill\u00e1n Mu\u00f1oz, Alcalde del Excmo. Ayuntamiento de Ja\u00e9n<\/p><p>D\u00f1a. \u00c1frica Colomo Jim\u00e9nez, Presidenta de IFEJA, Ferias Ja\u00e9n S.A.<\/p><p>D. Jos\u00e9 Luis Garc\u00eda-Lomas Hern\u00e1ndez, Presidente de Caja Rural de Ja\u00e9n<\/p>\t\t\t\t\t\t\t\t<\/div>\n\t\t\t\t<\/div>\n\t\t\t\t\t<\/div>\n\t\t<\/div>\n\t\t\t\t\t<\/div>\n\t\t<\/section>\n\t\t\t\t<\/div>\n\t\t","protected":false},"excerpt":{"rendered":"<p>COMIT\u00c9 DE HONOR DEL CONGRESO INTERNACIONAL DEL OLIVAR Y EL ACEITE DE OLIVA Presidente: D. Juan Manuel Moreno Bonilla, Presidente de la Junta de Andaluc\u00eda D. Luis Planas Puchades, Ministro de Agricultura, Pesca y Alimentaci\u00f3n D. Lhassane Sikaoui Jefe de la Unidad de Olivicultura, Eleotecnia y Medio Ambiente del Consejo Ole\u00edcola Internacional D. Juan Antonio [&hellip;]<\/p>\n","protected":false},"author":1,"featured_media":0,"parent":0,"menu_order":0,"comment_status":"closed","ping_status":"closed","template":"","meta":{"advgb_blocks_editor_width":"","advgb_blocks_columns_visual_guide":"","ocean_post_layout":"","ocean_both_sidebars_style":"","ocean_both_sidebars_content_width":0,"ocean_both_sidebars_sidebars_width":0,"ocean_sidebar":"0","ocean_second_sidebar":"0","ocean_disable_margins":"enable","ocean_add_body_class":"","ocean_shortcode_before_top_bar":"","ocean_shortcode_after_top_bar":"","ocean_shortcode_before_header":"","ocean_shortcode_after_header":"","ocean_has_shortcode":"","ocean_shortcode_after_title":"","ocean_shortcode_before_footer_widgets":"","ocean_shortcode_after_footer_widgets":"","ocean_shortcode_before_footer_bottom":"","ocean_shortcode_after_footer_bottom":"","ocean_display_top_bar":"off","ocean_display_header":"default","ocean_header_style":"","ocean_center_header_left_menu":"0","ocean_custom_header_template":"0","ocean_custom_logo":0,"ocean_custom_retina_logo":0,"ocean_custom_logo_max_width":0,"ocean_custom_logo_tablet_max_width":0,"ocean_custom_logo_mobile_max_width":0,"ocean_custom_logo_max_height":0,"ocean_custom_logo_tablet_max_height":0,"ocean_custom_logo_mobile_max_height":0,"ocean_header_custom_menu":"0","ocean_menu_typo_font_family":"0","ocean_menu_typo_font_subset":"","ocean_menu_typo_font_size":0,"ocean_menu_typo_font_size_tablet":0,"ocean_menu_typo_font_size_mobile":0,"ocean_menu_typo_font_size_unit":"px","ocean_menu_typo_font_weight":"","ocean_menu_typo_font_weight_tablet":"","ocean_menu_typo_font_weight_mobile":"","ocean_menu_typo_transform":"","ocean_menu_typo_transform_tablet":"","ocean_menu_typo_transform_mobile":"","ocean_menu_typo_line_height":0,"ocean_menu_typo_line_height_tablet":0,"ocean_menu_typo_line_height_mobile":0,"ocean_menu_typo_line_height_unit":"","ocean_menu_typo_spacing":0,"ocean_menu_typo_spacing_tablet":0,"ocean_menu_typo_spacing_mobile":0,"ocean_menu_typo_spacing_unit":"","ocean_menu_link_color":"","ocean_menu_link_color_hover":"","ocean_menu_link_color_active":"","ocean_menu_link_background":"","ocean_menu_link_hover_background":"","ocean_menu_link_active_background":"","ocean_menu_social_links_bg":"","ocean_menu_social_hover_links_bg":"","ocean_menu_social_links_color":"","ocean_menu_social_hover_links_color":"","ocean_disable_title":"on","ocean_disable_heading":"default","ocean_post_title":"","ocean_post_subheading":"","ocean_post_title_style":"","ocean_post_title_background_color":"","ocean_post_title_background":0,"ocean_post_title_bg_image_position":"","ocean_post_title_bg_image_attachment":"","ocean_post_title_bg_image_repeat":"","ocean_post_title_bg_image_size":"","ocean_post_title_height":0,"ocean_post_title_bg_overlay":0.5,"ocean_post_title_bg_overlay_color":"","ocean_disable_breadcrumbs":"default","ocean_breadcrumbs_color":"","ocean_breadcrumbs_separator_color":"","ocean_breadcrumbs_links_color":"","ocean_breadcrumbs_links_hover_color":"","ocean_display_footer_widgets":"default","ocean_display_footer_bottom":"default","ocean_custom_footer_template":"0","footnotes":""},"class_list":["post-1596","page","type-page","status-publish","hentry","entry"],"coauthors":[],"author_meta":{"author_link":"https:\/\/www.acacr.es\/?author=1","display_name":"Acacr"},"relative_dates":{"created":"Publicado 4 a\u00f1os hace","modified":"Actualizado 4 a\u00f1os hace"},"absolute_dates":{"created":"Publicado el 29 abril 2022","modified":"Actualizado el 5 mayo 2022"},"absolute_dates_time":{"created":"Publicado el 29 abril 2022 18:20","modified":"Actualizado el 5 mayo 2022 15:40"},"featured_img_caption":"","featured_img":false,"series_order":"","_links":{"self":[{"href":"https:\/\/www.acacr.es\/index.php?rest_route=\/wp\/v2\/pages\/1596","targetHints":{"allow":["GET"]}}],"collection":[{"href":"https:\/\/www.acacr.es\/index.php?rest_route=\/wp\/v2\/pages"}],"about":[{"href":"https:\/\/www.acacr.es\/index.php?rest_route=\/wp\/v2\/types\/page"}],"author":[{"embeddable":true,"href":"https:\/\/www.acacr.es\/index.php?rest_route=\/wp\/v2\/users\/1"}],"replies":[{"embeddable":true,"href":"https:\/\/www.acacr.es\/index.php?rest_route=%2Fwp%2Fv2%2Fcomments&post=1596"}],"version-history":[{"count":10,"href":"https:\/\/www.acacr.es\/index.php?rest_route=\/wp\/v2\/pages\/1596\/revisions"}],"predecessor-version":[{"id":1624,"href":"https:\/\/www.acacr.es\/index.php?rest_route=\/wp\/v2\/pages\/1596\/revisions\/1624"}],"wp:attachment":[{"href":"https:\/\/www.acacr.es\/index.php?rest_route=%2Fwp%2Fv2%2Fmedia&parent=1596"}],"curies":[{"name":"wp","href":"https:\/\/api.w.org\/{rel}","templated":true}]}}