{"id":1789,"date":"2022-10-25T10:20:28","date_gmt":"2022-10-25T10:20:28","guid":{"rendered":"https:\/\/www.acacr.es\/?page_id=1789"},"modified":"2023-06-02T09:35:41","modified_gmt":"2023-06-02T09:35:41","slug":"comites","status":"publish","type":"page","link":"https:\/\/www.acacr.es\/?page_id=1789","title":{"rendered":"Comit\u00e9s CIDR2023"},"content":{"rendered":"\t\t<div data-elementor-type=\"wp-page\" data-elementor-id=\"1789\" class=\"elementor elementor-1789\">\n\t\t\t\t\t\t<section class=\"elementor-section elementor-top-section elementor-element elementor-element-b13b765 elementor-section-boxed elementor-section-height-default elementor-section-height-default\" data-id=\"b13b765\" data-element_type=\"section\">\n\t\t\t\t\t\t<div class=\"elementor-container elementor-column-gap-default\">\n\t\t\t\t\t<div class=\"elementor-column elementor-col-100 elementor-top-column elementor-element elementor-element-fe2a206\" data-id=\"fe2a206\" data-element_type=\"column\">\n\t\t\t<div class=\"elementor-widget-wrap elementor-element-populated\">\n\t\t\t\t\t\t<div class=\"elementor-element elementor-element-e842ef4 elementor-align-right elementor-widget elementor-widget-button\" data-id=\"e842ef4\" data-element_type=\"widget\" data-widget_type=\"button.default\">\n\t\t\t\t<div class=\"elementor-widget-container\">\n\t\t\t\t\t\t\t\t\t<div class=\"elementor-button-wrapper\">\n\t\t\t\t\t<a class=\"elementor-button elementor-button-link elementor-size-sm\" href=\"https:\/\/www.acacr.es\/?page_id=2058\">\n\t\t\t\t\t\t<span class=\"elementor-button-content-wrapper\">\n\t\t\t\t\t\t\t\t\t<span class=\"elementor-button-text\">English Version<\/span>\n\t\t\t\t\t<\/span>\n\t\t\t\t\t<\/a>\n\t\t\t\t<\/div>\n\t\t\t\t\t\t\t\t<\/div>\n\t\t\t\t<\/div>\n\t\t\t\t\t<\/div>\n\t\t<\/div>\n\t\t\t\t\t<\/div>\n\t\t<\/section>\n\t\t\t\t<section class=\"elementor-section elementor-top-section elementor-element elementor-element-7ee631a elementor-section-boxed elementor-section-height-default elementor-section-height-default\" data-id=\"7ee631a\" data-element_type=\"section\">\n\t\t\t\t\t\t<div class=\"elementor-container elementor-column-gap-default\">\n\t\t\t\t\t<div class=\"elementor-column elementor-col-100 elementor-top-column elementor-element elementor-element-84f3c59\" data-id=\"84f3c59\" data-element_type=\"column\">\n\t\t\t<div class=\"elementor-widget-wrap elementor-element-populated\">\n\t\t\t\t\t\t<div class=\"elementor-element elementor-element-a62f4cb elementor-widget elementor-widget-text-editor\" data-id=\"a62f4cb\" data-element_type=\"widget\" data-widget_type=\"text-editor.default\">\n\t\t\t\t<div class=\"elementor-widget-container\">\n\t\t\t\t\t\t\t\t\t<p><span style=\"text-decoration: underline;\"><strong style=\"font-size: 15px;\">PRESIDENTE DEL CONGRESO:<\/strong><\/span><\/p>\n<p>D. Jos\u00e9 Valles Ferrer, Presidente de la Academia Andaluza de Ciencia Regional<\/p>\n<p><strong style=\"font-size: 15px;\">VICE-PRESIDENTES:<\/strong><\/p>\n<p><span style=\"font-family: 'PT Sans'; font-size: 15px; font-style: normal; font-variant-ligatures: normal; font-variant-caps: normal; font-weight: 400;\">D. Jos\u00e9 Manuel Mart\u00edn Lozano, Instituto Desarrollo de la Universidad Loyola Andaluc\u00eda<\/span><\/p>\n<p>D. Francisco Rodr\u00edguez Mart\u00ednez.&nbsp;Vicepresidente de la Academia Andaluza de Ciencia Regional<\/p>\n<p><span style=\"font-size: 15px; font-weight: 600;\">SECRETARIO GENERAL:<\/span><\/p>\n<p style=\"font-variant-ligatures: normal; font-variant-caps: normal; font-family: 'PT Sans'; font-size: 15px; font-style: normal; font-weight: 400;\">D. Francisco del R\u00edo Mu\u00f1oz. Secretario General de la Academia Andaluza de Ciencia Regional<\/p>\t\t\t\t\t\t\t\t<\/div>\n\t\t\t\t<\/div>\n\t\t\t\t\t<\/div>\n\t\t<\/div>\n\t\t\t\t\t<\/div>\n\t\t<\/section>\n\t\t\t\t<section class=\"elementor-section elementor-top-section elementor-element elementor-element-0b56c52 elementor-section-boxed elementor-section-height-default elementor-section-height-default\" data-id=\"0b56c52\" data-element_type=\"section\">\n\t\t\t\t\t\t<div class=\"elementor-container elementor-column-gap-default\">\n\t\t\t\t\t<div class=\"elementor-column elementor-col-100 elementor-top-column elementor-element elementor-element-e79e579\" data-id=\"e79e579\" data-element_type=\"column\">\n\t\t\t<div class=\"elementor-widget-wrap elementor-element-populated\">\n\t\t\t\t\t\t<div class=\"elementor-element elementor-element-9d91a4e elementor-widget elementor-widget-text-editor\" data-id=\"9d91a4e\" data-element_type=\"widget\" data-widget_type=\"text-editor.default\">\n\t\t\t\t<div class=\"elementor-widget-container\">\n\t\t\t\t\t\t\t\t\t<p><strong><u>COMIT\u00c9 DE HONOR<\/u><\/strong><\/p><p><b>PRESIDENTE<\/b>\u00a0:<\/p><p>D. Juan Manuel Moreno Bonilla, Presidente de la Junta de Andaluc\u00eda.<\/p><p><b>VICEPRESIDENTE :<\/b><\/p><p>D. Gabriel Mar\u00eda P\u00e9rez Alcal\u00e1, Rector Magn\u00edfico de la Universidad Loyola.<\/p><p><b>MIEMBROS :<\/b><\/p><p>D. Luis Planas Puchades, Ministro de Agricultura, Pesca y Alimentaci\u00f3n.<\/p><p>D. Gabriel Ferrero y de Loma-Osorio, Embajador en Misi\u00f3n Especial para la Seguridad Alimentaria. Actualmente Presidente del Comit\u00e9 Mundial de Seguridad Alimentaria (FAO).<\/p><p>D\u00f1a. Lucrecia Rodr\u00edguez Pe\u00f1alba, Secretar\u00eda Ejecutiva del Consejo Agropecuario Centroamericano \u2013 CAC.<\/p><p>D\u00f1a. Carmen Crespo D\u00edaz, Consejera de Agricultura, Pesca, Agua y Desarrollo Rural de la Junta de Andaluc\u00eda.<\/p><p>D. Javier Gonz\u00e1lez de Lara y Sarria, Presidente de la Confederaci\u00f3n de Empresarios de Andaluc\u00eda (CEA).<\/p><p>D\u00f1a. Pilar Aranda Ram\u00edrez, Rectora Magn\u00edfica de la Universidad de Granada.<\/p><p>D. Manuel Torralbo Rodr\u00edguez, Rector Magn\u00edfico de la Universidad de C\u00f3rdoba y Presidente del ceiA3.<\/p><p>D\u00f1a. Mar\u00eda Antonia Pe\u00f1a Guerrero, Rectora Magn\u00edfica de la Universidad de Huelva.<\/p><p>D. Andreu Oliva, Rector Magn\u00edfico de la Universidad Centroamericana de El Salvador.<\/p><p>D. Jos\u00e9 Antonio Camacho, Director del Instituto Universitario de Investigaci\u00f3n de Desarrollo Regional de la Universidad de Granada<\/p><p>D. Jaime Ora\u00e1 Ora\u00e1, S.J., Presidente del Patronato de la Fundaci\u00f3n ETEA para el Desarrollo y la Cooperaci\u00f3n.<\/p><p>D. Jos\u00e9 Manuel Dom\u00ednguez Mart\u00ednez, Presidente de la Fundaci\u00f3n Bancaria Unicaja.<\/p><p>D. Ricardo Delgado Vizcaino, Presidente de COVAP.<\/p><p>D. David Javier Garc\u00eda Ostos, Presidente de la Asociaci\u00f3n para el Desarrollo Rural de Andaluc\u00eda -ARA.<\/p><p>D\u00f1a. M\u00aa Dolores Amo Camino Presidenta de Asociaci\u00f3n Espa\u00f1ola de Municipios del Olivo &#8211; AEMO.<\/p><p>D. Enrique Colilles Cascallar, Director General SAT 2803 TROPS<\/p><p>D. Antonio Ru\u00edz Cruz, Presidente de la Excma. Diputaci\u00f3n de C\u00f3rdoba.<\/p><p>D. Jos\u00e9 Mar\u00eda Bellido Roche, Alcalde Presidente del Excmo. Ayuntamiento de C\u00f3rdoba.<\/p>\t\t\t\t\t\t\t\t<\/div>\n\t\t\t\t<\/div>\n\t\t\t\t\t<\/div>\n\t\t<\/div>\n\t\t\t\t\t<\/div>\n\t\t<\/section>\n\t\t\t\t<section class=\"elementor-section elementor-top-section elementor-element elementor-element-4305182 elementor-section-boxed elementor-section-height-default elementor-section-height-default\" data-id=\"4305182\" data-element_type=\"section\">\n\t\t\t\t\t\t<div class=\"elementor-container elementor-column-gap-default\">\n\t\t\t\t\t<div class=\"elementor-column elementor-col-100 elementor-top-column elementor-element elementor-element-f5d0027\" data-id=\"f5d0027\" data-element_type=\"column\">\n\t\t\t<div class=\"elementor-widget-wrap elementor-element-populated\">\n\t\t\t\t\t\t<div class=\"elementor-element elementor-element-52b37bc elementor-widget elementor-widget-text-editor\" data-id=\"52b37bc\" data-element_type=\"widget\" data-widget_type=\"text-editor.default\">\n\t\t\t\t<div class=\"elementor-widget-container\">\n\t\t\t\t\t\t\t\t\t<p style=\"font-variant-ligatures: normal; font-variant-caps: normal; font-family: 'PT Sans'; font-size: 15px; font-style: normal; font-weight: 400;\"><span style=\"text-decoration: underline;\"><span style=\"font-size: 15px; font-weight: 600;\">COMIT\u00c9 CIENTIFICO<\/span><\/span><\/p><p style=\"font-variant-ligatures: normal; font-variant-caps: normal; font-family: 'PT Sans'; font-size: 15px; font-style: normal; font-weight: 400;\"><span style=\"font-size: 15px; font-weight: 600;\">PRESIDENTE:<\/span><\/p><p style=\"font-variant-ligatures: normal; font-variant-caps: normal; font-family: 'PT Sans'; font-size: 15px; font-style: normal; font-weight: 400;\">D. Pedro Pablo P\u00e9rez Hern\u00e1ndez, Universidad Loyola Andaluc\u00eda<\/p><p><span style=\"font-size: 15px; font-weight: 600;\">COPRESIDENTE:<\/span><\/p><p>D. Pedro Caldentey del Pozo, Universidad de Loyola Andaluc\u00eda<\/p><p style=\"font-variant-ligatures: normal; font-variant-caps: normal; font-family: 'PT Sans'; font-size: 15px; font-style: normal; font-weight: 400;\"><span style=\"font-size: 15px; font-weight: 600;\">MIEMBROS:<\/span><\/p><p>D. Francisco Amador Hidalgo, Universidad Loyola Andaluc\u00eda<\/p><p>D\u00f1a. Flora Cecilia Bland\u00f3n de Grajeda, Universidad Centroamericana UCA El Salvador<\/p><p>D. Juana Castro Santa, Universidad de Barcelona<\/p><p>D. Javier Calatrava Requena, Academia Andaluza de Ciencia Regional<\/p><p>D. Andrew Cummings, FLACSO El Salvador<\/p><p>D. Lorenzo Estepa Mohedano, Instituto de Desarrollo Universidad Loyola Andaluc\u00eda<\/p><p>D. Carmelo Gallardo, Ex Representante FAO<\/p><p>D\u00f1a. Rosa Gallardo Cobos, Universidad de C\u00f3rdoba<\/p><p>D\u00f1a. Johana Herrera Arango, Pontificia Universidad Javeriana<\/p><p>D. Juliano Junqueira Assun\u00e7ao, Pontif\u00edcia Universidad Cat\u00f3lica do Rio de Janeiro<\/p><p>D. Niraj Kumar, School of Rural Management, XIM University<\/p><p>D. Juan Antonio M\u00e1rquez Dom\u00ednguez, Academia Andaluza de Ciencia Regional<\/p><p>D. Jos\u00e9 Manuel Mart\u00edn Lozano, Universidad Loyola Andaluc\u00eda<\/p><p>D. Ricardo Montero L\u00f3pez, Consejo Agropecuario Centroamericano<\/p><p>D. Jaime Ribalaygua Batalla, Fundaci\u00f3n para la investigaci\u00f3n del Clima<\/p><p>D. Jos\u00e9 Javier Rodr\u00edguez Alcaide, Academia Andaluza de Ciencia Regional<\/p><p>D. Miguel Romero Velasco, Universidad Loyola Andaluc\u00eda<\/p><p>D. Luis Torres Michelena, Meteogrid<\/p>\t\t\t\t\t\t\t\t<\/div>\n\t\t\t\t<\/div>\n\t\t\t\t\t<\/div>\n\t\t<\/div>\n\t\t\t\t\t<\/div>\n\t\t<\/section>\n\t\t\t\t<section class=\"elementor-section elementor-top-section elementor-element elementor-element-b2579e3 elementor-section-boxed elementor-section-height-default elementor-section-height-default\" data-id=\"b2579e3\" data-element_type=\"section\">\n\t\t\t\t\t\t<div class=\"elementor-container elementor-column-gap-default\">\n\t\t\t\t\t<div class=\"elementor-column elementor-col-100 elementor-top-column elementor-element elementor-element-3b9ec8c\" data-id=\"3b9ec8c\" data-element_type=\"column\">\n\t\t\t<div class=\"elementor-widget-wrap elementor-element-populated\">\n\t\t\t\t\t\t<div class=\"elementor-element elementor-element-bbccbc6 elementor-widget elementor-widget-text-editor\" data-id=\"bbccbc6\" data-element_type=\"widget\" data-widget_type=\"text-editor.default\">\n\t\t\t\t<div class=\"elementor-widget-container\">\n\t\t\t\t\t\t\t\t\t<p><span style=\"text-decoration: underline;\"><strong>COMITE ORGANIZADOR<\/strong><\/span><\/p><p><strong>PRESIDENTE:<\/strong><\/p><p>D. Miguel Romero Velasco, Universidad Loyola Andaluc\u00eda<\/p><p><strong>MIEMBROS:<\/strong><\/p><p>D. Lorenzo Estepa Mohedano, Instituto Desarrollo Universidad Loyola Andaluc\u00eda<\/p><p>D. Luis Fern\u00e1ndez Portillo, Instituto Desarrollo Universidad Loyola Andaluc\u00eda<\/p><p>D. Fernando L\u00f3pez Mora, Universidad de C\u00f3rdoba \/ Academia Andaluza de Ciencia Regional<\/p><p>D. Jos\u00e9 Manuel Mart\u00edn Lozano, Universidad Loyola Andaluc\u00eda<\/p><p>D\u00f1a. M\u00aa Dolores Mu\u00f1oz Due\u00f1as, Universidad de C\u00f3rdoba \/ Academia Andaluza de Ciencia Regional<\/p><p>D. Pedro Pablo P\u00e9rez Hern\u00e1ndez, Universidad Loyola Andaluc\u00eda<\/p><p>D. Pablo Sim\u00f3n Rodr\u00edguez., Instituto Desarrollo Universidad Loyola Andaluc\u00eda<\/p><p>D. Enrique J. Torres Bernier, Universidad de M\u00e1laga \/ Academia Andaluza de Ciencia Regional<\/p><p>D\u00f1a. Alicia Tortosa Garc\u00eda, Instituto Desarrollo Universidad Loyola Andaluc\u00eda<\/p><p>D\u00f1a. Mar\u00eda Jos\u00e9 V\u00e1zquez de Francisco, Universidad Loyola Andaluc\u00eda<\/p>\t\t\t\t\t\t\t\t<\/div>\n\t\t\t\t<\/div>\n\t\t\t\t\t<\/div>\n\t\t<\/div>\n\t\t\t\t\t<\/div>\n\t\t<\/section>\n\t\t\t\t<section class=\"elementor-section elementor-top-section elementor-element elementor-element-4a5c98da elementor-section-boxed elementor-section-height-default elementor-section-height-default\" data-id=\"4a5c98da\" data-element_type=\"section\">\n\t\t\t\t\t\t<div class=\"elementor-container elementor-column-gap-default\">\n\t\t\t\t\t<div class=\"elementor-column elementor-col-100 elementor-top-column elementor-element elementor-element-52bf803f\" data-id=\"52bf803f\" data-element_type=\"column\">\n\t\t\t<div class=\"elementor-widget-wrap elementor-element-populated\">\n\t\t\t\t\t\t<div class=\"elementor-element elementor-element-6eadd795 elementor-widget elementor-widget-image\" data-id=\"6eadd795\" data-element_type=\"widget\" data-widget_type=\"image.default\">\n\t\t\t\t<div class=\"elementor-widget-container\">\n\t\t\t\t\t\t\t\t\t\t\t\t\t\t\t<img fetchpriority=\"high\" decoding=\"async\" width=\"544\" height=\"164\" src=\"https:\/\/www.acacr.es\/wp-content\/uploads\/2021\/05\/ub.png\" class=\"attachment-large size-large wp-image-1145\" alt=\"\" srcset=\"https:\/\/www.acacr.es\/wp-content\/uploads\/2021\/05\/ub.png 544w, https:\/\/www.acacr.es\/wp-content\/uploads\/2021\/05\/ub-300x90.png 300w\" sizes=\"(max-width: 544px) 100vw, 544px\" \/>\t\t\t\t\t\t\t\t\t\t\t\t\t\t\t<\/div>\n\t\t\t\t<\/div>\n\t\t\t\t\t<\/div>\n\t\t<\/div>\n\t\t\t\t\t<\/div>\n\t\t<\/section>\n\t\t\t\t<section class=\"elementor-section elementor-top-section elementor-element elementor-element-d4f2936 elementor-section-boxed elementor-section-height-default elementor-section-height-default\" data-id=\"d4f2936\" data-element_type=\"section\">\n\t\t\t\t\t\t<div class=\"elementor-container elementor-column-gap-default\">\n\t\t\t\t\t<div class=\"elementor-column elementor-col-20 elementor-top-column elementor-element elementor-element-5fafa11d\" data-id=\"5fafa11d\" data-element_type=\"column\">\n\t\t\t<div class=\"elementor-widget-wrap elementor-element-populated\">\n\t\t\t\t\t\t<div class=\"elementor-element elementor-element-23c8a14a elementor-widget elementor-widget-image\" data-id=\"23c8a14a\" data-element_type=\"widget\" data-widget_type=\"image.default\">\n\t\t\t\t<div class=\"elementor-widget-container\">\n\t\t\t\t\t\t\t\t\t\t\t\t\t\t\t<img decoding=\"async\" width=\"1446\" height=\"1229\" src=\"https:\/\/www.acacr.es\/wp-content\/uploads\/2020\/12\/logoue.png\" class=\"attachment-full size-full wp-image-723\" alt=\"\" srcset=\"https:\/\/www.acacr.es\/wp-content\/uploads\/2020\/12\/logoue.png 1446w, https:\/\/www.acacr.es\/wp-content\/uploads\/2020\/12\/logoue-300x255.png 300w, https:\/\/www.acacr.es\/wp-content\/uploads\/2020\/12\/logoue-1024x870.png 1024w, https:\/\/www.acacr.es\/wp-content\/uploads\/2020\/12\/logoue-768x653.png 768w, https:\/\/www.acacr.es\/wp-content\/uploads\/2020\/12\/logoue-1320x1122.png 1320w\" sizes=\"(max-width: 1446px) 100vw, 1446px\" \/>\t\t\t\t\t\t\t\t\t\t\t\t\t\t\t<\/div>\n\t\t\t\t<\/div>\n\t\t\t\t\t<\/div>\n\t\t<\/div>\n\t\t\t\t<div class=\"elementor-column elementor-col-20 elementor-top-column elementor-element elementor-element-2888cf5\" data-id=\"2888cf5\" data-element_type=\"column\">\n\t\t\t<div class=\"elementor-widget-wrap elementor-element-populated\">\n\t\t\t\t\t\t<div class=\"elementor-element elementor-element-4acdba69 elementor-widget elementor-widget-image\" data-id=\"4acdba69\" data-element_type=\"widget\" data-widget_type=\"image.default\">\n\t\t\t\t<div class=\"elementor-widget-container\">\n\t\t\t\t\t\t\t\t\t\t\t\t\t\t\t<img decoding=\"async\" width=\"1280\" height=\"341\" src=\"https:\/\/www.acacr.es\/wp-content\/uploads\/2022\/10\/ministerio-pesca.png\" class=\"attachment-full size-full wp-image-1937\" alt=\"\" srcset=\"https:\/\/www.acacr.es\/wp-content\/uploads\/2022\/10\/ministerio-pesca.png 1280w, https:\/\/www.acacr.es\/wp-content\/uploads\/2022\/10\/ministerio-pesca-300x80.png 300w, https:\/\/www.acacr.es\/wp-content\/uploads\/2022\/10\/ministerio-pesca-1024x273.png 1024w, https:\/\/www.acacr.es\/wp-content\/uploads\/2022\/10\/ministerio-pesca-768x205.png 768w\" sizes=\"(max-width: 1280px) 100vw, 1280px\" \/>\t\t\t\t\t\t\t\t\t\t\t\t\t\t\t<\/div>\n\t\t\t\t<\/div>\n\t\t\t\t\t<\/div>\n\t\t<\/div>\n\t\t\t\t<div class=\"elementor-column elementor-col-20 elementor-top-column elementor-element elementor-element-fb0cbe2\" data-id=\"fb0cbe2\" data-element_type=\"column\">\n\t\t\t<div class=\"elementor-widget-wrap elementor-element-populated\">\n\t\t\t\t\t\t<div class=\"elementor-element elementor-element-793931d5 elementor-widget elementor-widget-image\" data-id=\"793931d5\" data-element_type=\"widget\" data-widget_type=\"image.default\">\n\t\t\t\t<div class=\"elementor-widget-container\">\n\t\t\t\t\t\t\t\t\t\t\t\t\t\t\t<img loading=\"lazy\" decoding=\"async\" width=\"988\" height=\"384\" src=\"https:\/\/www.acacr.es\/wp-content\/uploads\/2021\/03\/mcei.jpg\" class=\"attachment-full size-full wp-image-1077\" alt=\"\" srcset=\"https:\/\/www.acacr.es\/wp-content\/uploads\/2021\/03\/mcei.jpg 988w, https:\/\/www.acacr.es\/wp-content\/uploads\/2021\/03\/mcei-300x117.jpg 300w, https:\/\/www.acacr.es\/wp-content\/uploads\/2021\/03\/mcei-768x298.jpg 768w\" sizes=\"(max-width: 988px) 100vw, 988px\" \/>\t\t\t\t\t\t\t\t\t\t\t\t\t\t\t<\/div>\n\t\t\t\t<\/div>\n\t\t\t\t\t<\/div>\n\t\t<\/div>\n\t\t\t\t<div class=\"elementor-column elementor-col-20 elementor-top-column elementor-element elementor-element-32a57f8c\" data-id=\"32a57f8c\" data-element_type=\"column\">\n\t\t\t<div class=\"elementor-widget-wrap elementor-element-populated\">\n\t\t\t\t\t\t<div class=\"elementor-element elementor-element-7224cedf elementor-widget elementor-widget-image\" data-id=\"7224cedf\" data-element_type=\"widget\" data-widget_type=\"image.default\">\n\t\t\t\t<div class=\"elementor-widget-container\">\n\t\t\t\t\t\t\t\t\t\t\t\t\t\t\t<img loading=\"lazy\" decoding=\"async\" width=\"426\" height=\"118\" src=\"https:\/\/www.acacr.es\/wp-content\/uploads\/2020\/12\/gobespa2.png\" class=\"attachment-full size-full wp-image-722\" alt=\"\" srcset=\"https:\/\/www.acacr.es\/wp-content\/uploads\/2020\/12\/gobespa2.png 426w, https:\/\/www.acacr.es\/wp-content\/uploads\/2020\/12\/gobespa2-300x83.png 300w\" sizes=\"(max-width: 426px) 100vw, 426px\" \/>\t\t\t\t\t\t\t\t\t\t\t\t\t\t\t<\/div>\n\t\t\t\t<\/div>\n\t\t\t\t\t<\/div>\n\t\t<\/div>\n\t\t\t\t<div class=\"elementor-column elementor-col-20 elementor-top-column elementor-element elementor-element-5b3c7000\" data-id=\"5b3c7000\" data-element_type=\"column\">\n\t\t\t<div class=\"elementor-widget-wrap elementor-element-populated\">\n\t\t\t\t\t\t<div class=\"elementor-element elementor-element-7587a95b elementor-widget elementor-widget-image\" data-id=\"7587a95b\" data-element_type=\"widget\" data-widget_type=\"image.default\">\n\t\t\t\t<div class=\"elementor-widget-container\">\n\t\t\t\t\t\t\t\t\t\t\t\t\t\t\t<img loading=\"lazy\" decoding=\"async\" width=\"1024\" height=\"586\" src=\"https:\/\/www.acacr.es\/wp-content\/uploads\/2021\/05\/juntalogo-1024x586.png\" class=\"attachment-large size-large wp-image-1142\" alt=\"\" srcset=\"https:\/\/www.acacr.es\/wp-content\/uploads\/2021\/05\/juntalogo-1024x586.png 1024w, https:\/\/www.acacr.es\/wp-content\/uploads\/2021\/05\/juntalogo-300x172.png 300w, https:\/\/www.acacr.es\/wp-content\/uploads\/2021\/05\/juntalogo-768x439.png 768w, https:\/\/www.acacr.es\/wp-content\/uploads\/2021\/05\/juntalogo-1320x755.png 1320w, https:\/\/www.acacr.es\/wp-content\/uploads\/2021\/05\/juntalogo.png 1423w\" sizes=\"(max-width: 1024px) 100vw, 1024px\" \/>\t\t\t\t\t\t\t\t\t\t\t\t\t\t\t<\/div>\n\t\t\t\t<\/div>\n\t\t\t\t\t<\/div>\n\t\t<\/div>\n\t\t\t\t\t<\/div>\n\t\t<\/section>\n\t\t\t\t<section class=\"elementor-section elementor-top-section elementor-element elementor-element-295a8eb9 elementor-section-boxed elementor-section-height-default elementor-section-height-default\" data-id=\"295a8eb9\" data-element_type=\"section\">\n\t\t\t\t\t\t<div class=\"elementor-container elementor-column-gap-default\">\n\t\t\t\t\t<div class=\"elementor-column elementor-col-100 elementor-top-column elementor-element elementor-element-8a9b820\" data-id=\"8a9b820\" data-element_type=\"column\">\n\t\t\t<div class=\"elementor-widget-wrap elementor-element-populated\">\n\t\t\t\t\t\t<div class=\"elementor-element elementor-element-4654d19c elementor-widget elementor-widget-text-editor\" data-id=\"4654d19c\" data-element_type=\"widget\" data-widget_type=\"text-editor.default\">\n\t\t\t\t<div class=\"elementor-widget-container\">\n\t\t\t\t\t\t\t\t\t<table border=\"0\" width=\"900\" cellspacing=\"0\" cellpadding=\"0\" align=\"center\" bgcolor=\"#FFFFFF\">\n<tbody>\n<tr bgcolor=\"#FFFFFF\">\n<td style=\"text-align: center;\" valign=\"top\" bgcolor=\"#FFFFFF\"><span>La Academia Andaluza de Ciencia Regional (ACACR) se crea por Decreto 383\/2009 de 9 de diciembre, en el marco de la Ley Andaluza de la Ciencia y el Conocimiento del 3 de diciembre de 2007.<\/span><\/td>\n<\/tr>\n<\/tbody>\n<\/table>\t\t\t\t\t\t\t\t<\/div>\n\t\t\t\t<\/div>\n\t\t\t\t\t<\/div>\n\t\t<\/div>\n\t\t\t\t\t<\/div>\n\t\t<\/section>\n\t\t\t\t<\/div>\n\t\t","protected":false},"excerpt":{"rendered":"<p>English Version PRESIDENTE DEL CONGRESO: D. Jos\u00e9 Valles Ferrer, Presidente de la Academia Andaluza de Ciencia Regional VICE-PRESIDENTES: D. Jos\u00e9 Manuel Mart\u00edn Lozano, Instituto Desarrollo de la Universidad Loyola Andaluc\u00eda D. Francisco Rodr\u00edguez Mart\u00ednez.&nbsp;Vicepresidente de la Academia Andaluza de Ciencia Regional SECRETARIO GENERAL: D. Francisco del R\u00edo Mu\u00f1oz. Secretario General de la Academia Andaluza de [&hellip;]<\/p>\n","protected":false},"author":1,"featured_media":0,"parent":0,"menu_order":0,"comment_status":"closed","ping_status":"closed","template":"","meta":{"advgb_blocks_editor_width":"","advgb_blocks_columns_visual_guide":"","ocean_post_layout":"full-width","ocean_both_sidebars_style":"","ocean_both_sidebars_content_width":0,"ocean_both_sidebars_sidebars_width":0,"ocean_sidebar":"0","ocean_second_sidebar":"0","ocean_disable_margins":"on","ocean_add_body_class":"","ocean_shortcode_before_top_bar":"","ocean_shortcode_after_top_bar":"","ocean_shortcode_before_header":"","ocean_shortcode_after_header":"","ocean_has_shortcode":"","ocean_shortcode_after_title":"","ocean_shortcode_before_footer_widgets":"","ocean_shortcode_after_footer_widgets":"","ocean_shortcode_before_footer_bottom":"","ocean_shortcode_after_footer_bottom":"","ocean_display_top_bar":"default","ocean_display_header":"default","ocean_header_style":"","ocean_center_header_left_menu":"0","ocean_custom_header_template":"0","ocean_custom_logo":0,"ocean_custom_retina_logo":0,"ocean_custom_logo_max_width":0,"ocean_custom_logo_tablet_max_width":0,"ocean_custom_logo_mobile_max_width":0,"ocean_custom_logo_max_height":0,"ocean_custom_logo_tablet_max_height":0,"ocean_custom_logo_mobile_max_height":0,"ocean_header_custom_menu":"0","ocean_menu_typo_font_family":"0","ocean_menu_typo_font_subset":"","ocean_menu_typo_font_size":0,"ocean_menu_typo_font_size_tablet":0,"ocean_menu_typo_font_size_mobile":0,"ocean_menu_typo_font_size_unit":"px","ocean_menu_typo_font_weight":"","ocean_menu_typo_font_weight_tablet":"","ocean_menu_typo_font_weight_mobile":"","ocean_menu_typo_transform":"","ocean_menu_typo_transform_tablet":"","ocean_menu_typo_transform_mobile":"","ocean_menu_typo_line_height":0,"ocean_menu_typo_line_height_tablet":0,"ocean_menu_typo_line_height_mobile":0,"ocean_menu_typo_line_height_unit":"","ocean_menu_typo_spacing":0,"ocean_menu_typo_spacing_tablet":0,"ocean_menu_typo_spacing_mobile":0,"ocean_menu_typo_spacing_unit":"","ocean_menu_link_color":"","ocean_menu_link_color_hover":"","ocean_menu_link_color_active":"","ocean_menu_link_background":"","ocean_menu_link_hover_background":"","ocean_menu_link_active_background":"","ocean_menu_social_links_bg":"","ocean_menu_social_hover_links_bg":"","ocean_menu_social_links_color":"","ocean_menu_social_hover_links_color":"","ocean_disable_title":"default","ocean_disable_heading":"default","ocean_post_title":"","ocean_post_subheading":"","ocean_post_title_style":"","ocean_post_title_background_color":"","ocean_post_title_background":0,"ocean_post_title_bg_image_position":"","ocean_post_title_bg_image_attachment":"","ocean_post_title_bg_image_repeat":"","ocean_post_title_bg_image_size":"","ocean_post_title_height":0,"ocean_post_title_bg_overlay":0.5,"ocean_post_title_bg_overlay_color":"","ocean_disable_breadcrumbs":"default","ocean_breadcrumbs_color":"","ocean_breadcrumbs_separator_color":"","ocean_breadcrumbs_links_color":"","ocean_breadcrumbs_links_hover_color":"","ocean_display_footer_widgets":"default","ocean_display_footer_bottom":"default","ocean_custom_footer_template":"0","footnotes":""},"class_list":["post-1789","page","type-page","status-publish","hentry","entry"],"coauthors":[],"author_meta":{"author_link":"https:\/\/www.acacr.es\/?author=1","display_name":"Acacr"},"relative_dates":{"created":"Publicado 4 a\u00f1os hace","modified":"Actualizado 3 a\u00f1os hace"},"absolute_dates":{"created":"Publicado el 25 octubre 2022","modified":"Actualizado el 2 junio 2023"},"absolute_dates_time":{"created":"Publicado el 25 octubre 2022 10:20","modified":"Actualizado el 2 junio 2023 09:35"},"featured_img_caption":"","featured_img":false,"series_order":"","_links":{"self":[{"href":"https:\/\/www.acacr.es\/index.php?rest_route=\/wp\/v2\/pages\/1789","targetHints":{"allow":["GET"]}}],"collection":[{"href":"https:\/\/www.acacr.es\/index.php?rest_route=\/wp\/v2\/pages"}],"about":[{"href":"https:\/\/www.acacr.es\/index.php?rest_route=\/wp\/v2\/types\/page"}],"author":[{"embeddable":true,"href":"https:\/\/www.acacr.es\/index.php?rest_route=\/wp\/v2\/users\/1"}],"replies":[{"embeddable":true,"href":"https:\/\/www.acacr.es\/index.php?rest_route=%2Fwp%2Fv2%2Fcomments&post=1789"}],"version-history":[{"count":46,"href":"https:\/\/www.acacr.es\/index.php?rest_route=\/wp\/v2\/pages\/1789\/revisions"}],"predecessor-version":[{"id":2257,"href":"https:\/\/www.acacr.es\/index.php?rest_route=\/wp\/v2\/pages\/1789\/revisions\/2257"}],"wp:attachment":[{"href":"https:\/\/www.acacr.es\/index.php?rest_route=%2Fwp%2Fv2%2Fmedia&parent=1789"}],"curies":[{"name":"wp","href":"https:\/\/api.w.org\/{rel}","templated":true}]}}