{"id":1801,"date":"2022-10-25T10:38:08","date_gmt":"2022-10-25T10:38:08","guid":{"rendered":"https:\/\/www.acacr.es\/?page_id=1801"},"modified":"2023-05-11T11:59:28","modified_gmt":"2023-05-11T11:59:28","slug":"inscripciones-cidr2023","status":"publish","type":"page","link":"https:\/\/www.acacr.es\/?page_id=1801","title":{"rendered":"Inscripciones CIDR2023"},"content":{"rendered":"\t\t<div data-elementor-type=\"wp-page\" data-elementor-id=\"1801\" class=\"elementor elementor-1801\">\n\t\t\t\t\t\t<section class=\"elementor-section elementor-top-section elementor-element elementor-element-5c5b66c elementor-section-boxed elementor-section-height-default elementor-section-height-default\" data-id=\"5c5b66c\" data-element_type=\"section\">\n\t\t\t\t\t\t<div class=\"elementor-container elementor-column-gap-default\">\n\t\t\t\t\t<div class=\"elementor-column elementor-col-100 elementor-top-column elementor-element elementor-element-506f6ea\" data-id=\"506f6ea\" data-element_type=\"column\">\n\t\t\t<div class=\"elementor-widget-wrap elementor-element-populated\">\n\t\t\t\t\t\t<div class=\"elementor-element elementor-element-25d1885 elementor-align-right elementor-widget elementor-widget-button\" data-id=\"25d1885\" data-element_type=\"widget\" data-widget_type=\"button.default\">\n\t\t\t\t<div class=\"elementor-widget-container\">\n\t\t\t\t\t\t\t\t\t<div class=\"elementor-button-wrapper\">\n\t\t\t\t\t<a class=\"elementor-button elementor-button-link elementor-size-sm\" href=\"https:\/\/www.acacr.es\/?page_id=2054\">\n\t\t\t\t\t\t<span class=\"elementor-button-content-wrapper\">\n\t\t\t\t\t\t\t\t\t<span class=\"elementor-button-text\">English Version<\/span>\n\t\t\t\t\t<\/span>\n\t\t\t\t\t<\/a>\n\t\t\t\t<\/div>\n\t\t\t\t\t\t\t\t<\/div>\n\t\t\t\t<\/div>\n\t\t\t\t\t<\/div>\n\t\t<\/div>\n\t\t\t\t\t<\/div>\n\t\t<\/section>\n\t\t\t\t<section class=\"elementor-section elementor-top-section elementor-element elementor-element-3f5783b2 elementor-section-stretched elementor-section-boxed elementor-section-height-default elementor-section-height-default\" data-id=\"3f5783b2\" data-element_type=\"section\" data-settings=\"{&quot;background_background&quot;:&quot;classic&quot;,&quot;stretch_section&quot;:&quot;section-stretched&quot;}\">\n\t\t\t\t\t\t\t<div class=\"elementor-background-overlay\"><\/div>\n\t\t\t\t\t\t\t<div class=\"elementor-container elementor-column-gap-default\">\n\t\t\t\t\t<div class=\"elementor-column elementor-col-100 elementor-top-column elementor-element elementor-element-3a2d65af\" data-id=\"3a2d65af\" data-element_type=\"column\">\n\t\t\t<div class=\"elementor-widget-wrap elementor-element-populated\">\n\t\t\t\t\t\t<div class=\"elementor-element elementor-element-b4bfb99 elementor-widget elementor-widget-text-editor\" data-id=\"b4bfb99\" data-element_type=\"widget\" data-widget_type=\"text-editor.default\">\n\t\t\t\t<div class=\"elementor-widget-container\">\n\t\t\t\t\t\t\t\t\t<h1><strong>Inscripci\u00f3n<\/strong><\/h1><p>El registro se realizar\u00e1 enviando un mensaje a la direcci\u00f3n\u00a0<a href=\"mailto:acacr@acacr.es\"><strong>acacr@acacr.es<\/strong><\/a> indicando en el asunto <strong><u>INSCRIPCI\u00d3N CIDR2023<\/u><\/strong><strong>.<\/strong><\/p><p>Fecha L\u00edmite de Inscripci\u00f3n <strong>12 de junio de 2023<\/strong><\/p><p>En el cuerpo del mensaje se especificar\u00e1 el nombre completo, instituci\u00f3n a la que pertenece, la modalidad de inscripci\u00f3n a la que se acoge y una copia del recibo del pago, que se har\u00e1 mediante transferencia a la cuenta de\u00a0la <strong>entidad<\/strong> <strong>Unicaja Banco<\/strong> que a continuaci\u00f3n se indica.<\/p><h3><strong>N\u00famero de cuenta<\/strong><\/h3><p><em><strong>ES26 2103 0722 8900 3005 4973<\/strong><\/em><\/p><p><span class=\"contentpasted0\">BIC\/<\/span><span class=\"xmarklzydfig13\">SWIFT<\/span><span class=\"contentpasted0\">:\u00a0<\/span><span class=\"xcontentpasted0\"><b>UCJAES2M<\/b><\/span><\/p><p><span class=\"contentpasted0\">Direcci\u00f3n:\u00a0<\/span><span class=\"xcontentpasted0\"><b>C\/ Sierpes, 22 \u2013 41004 \u2013 Sevilla<\/b><\/span><\/p><p><strong>Secretar\u00eda del congreso<\/strong><\/p><p>Para cualquier consulta, dir\u00edjase a la direcci\u00f3n\u00a0de la Academia Andaluza de Ciencia Regional <strong><a href=\"mailto:acacr@acacr.es\">acacr@acacr.es<\/a><\/strong><\/p><p><strong>Cuotas de inscripci\u00f3n<\/strong><\/p><table width=\"803\"><tbody><tr><td width=\"156\"><p><strong>Modalidad<\/strong><\/p><\/td><td width=\"215\"><p><strong>Cuota de inscripci\u00f3n<\/strong><\/p><\/td><td width=\"205\"><p><strong>REDUCIDA (<\/strong><strong>Hasta el 15 de mayo de 2023)<\/strong><\/p><\/td><td width=\"227\"><p><strong>NORMAL (<\/strong><strong>A partir del 15 de mayo de 2023)<\/strong><\/p><\/td><\/tr><tr><td rowspan=\"2\" width=\"156\"><p><strong>Participaci\u00f3n presencial<\/strong><\/p><\/td><td><p>Cuota general<\/p><\/td><td width=\"205\"><p>150\u20ac<\/p><\/td><td width=\"227\"><p>200\u20ac<\/p><\/td><\/tr><tr><td><p style=\"text-align: left;\">\u00a0 \u00a0Estudiantes de grado y postgrado<\/p><\/td><td width=\"205\"><p>50\u20ac<\/p><\/td><td width=\"227\"><p>75\u20ac<\/p><\/td><\/tr><tr><td><p><strong>Participaci\u00f3n on line<\/strong><\/p><\/td><td><p>Todos<\/p><\/td><td width=\"205\"><p>50\u20ac<\/p><\/td><td width=\"227\"><p>50\u20ac<\/p><\/td><\/tr><\/tbody><\/table><p>\u00a0<\/p>\t\t\t\t\t\t\t\t<\/div>\n\t\t\t\t<\/div>\n\t\t\t\t\t<\/div>\n\t\t<\/div>\n\t\t\t\t\t<\/div>\n\t\t<\/section>\n\t\t\t\t<section class=\"elementor-section elementor-top-section elementor-element elementor-element-39bd4d8d elementor-section-boxed elementor-section-height-default elementor-section-height-default\" data-id=\"39bd4d8d\" data-element_type=\"section\">\n\t\t\t\t\t\t<div class=\"elementor-container elementor-column-gap-default\">\n\t\t\t\t\t<div class=\"elementor-column elementor-col-100 elementor-top-column elementor-element elementor-element-18aae300\" data-id=\"18aae300\" data-element_type=\"column\">\n\t\t\t<div class=\"elementor-widget-wrap elementor-element-populated\">\n\t\t\t\t\t\t<div class=\"elementor-element elementor-element-7694558d elementor-widget elementor-widget-image\" data-id=\"7694558d\" data-element_type=\"widget\" data-widget_type=\"image.default\">\n\t\t\t\t<div class=\"elementor-widget-container\">\n\t\t\t\t\t\t\t\t\t\t\t\t\t\t\t<img fetchpriority=\"high\" decoding=\"async\" width=\"544\" height=\"164\" src=\"https:\/\/www.acacr.es\/wp-content\/uploads\/2021\/05\/ub.png\" class=\"attachment-large size-large wp-image-1145\" alt=\"\" srcset=\"https:\/\/www.acacr.es\/wp-content\/uploads\/2021\/05\/ub.png 544w, https:\/\/www.acacr.es\/wp-content\/uploads\/2021\/05\/ub-300x90.png 300w\" sizes=\"(max-width: 544px) 100vw, 544px\" \/>\t\t\t\t\t\t\t\t\t\t\t\t\t\t\t<\/div>\n\t\t\t\t<\/div>\n\t\t\t\t\t<\/div>\n\t\t<\/div>\n\t\t\t\t\t<\/div>\n\t\t<\/section>\n\t\t\t\t<section class=\"elementor-section elementor-top-section elementor-element elementor-element-1bb2a7bc elementor-section-boxed elementor-section-height-default elementor-section-height-default\" data-id=\"1bb2a7bc\" data-element_type=\"section\">\n\t\t\t\t\t\t<div class=\"elementor-container elementor-column-gap-default\">\n\t\t\t\t\t<div class=\"elementor-column elementor-col-20 elementor-top-column elementor-element elementor-element-53beee6a\" data-id=\"53beee6a\" data-element_type=\"column\">\n\t\t\t<div class=\"elementor-widget-wrap elementor-element-populated\">\n\t\t\t\t\t\t<div class=\"elementor-element elementor-element-6e7638a6 elementor-widget elementor-widget-image\" data-id=\"6e7638a6\" data-element_type=\"widget\" data-widget_type=\"image.default\">\n\t\t\t\t<div class=\"elementor-widget-container\">\n\t\t\t\t\t\t\t\t\t\t\t\t\t\t\t<img decoding=\"async\" width=\"1446\" height=\"1229\" src=\"https:\/\/www.acacr.es\/wp-content\/uploads\/2020\/12\/logoue.png\" class=\"attachment-full size-full wp-image-723\" alt=\"\" srcset=\"https:\/\/www.acacr.es\/wp-content\/uploads\/2020\/12\/logoue.png 1446w, https:\/\/www.acacr.es\/wp-content\/uploads\/2020\/12\/logoue-300x255.png 300w, https:\/\/www.acacr.es\/wp-content\/uploads\/2020\/12\/logoue-1024x870.png 1024w, https:\/\/www.acacr.es\/wp-content\/uploads\/2020\/12\/logoue-768x653.png 768w, https:\/\/www.acacr.es\/wp-content\/uploads\/2020\/12\/logoue-1320x1122.png 1320w\" sizes=\"(max-width: 1446px) 100vw, 1446px\" \/>\t\t\t\t\t\t\t\t\t\t\t\t\t\t\t<\/div>\n\t\t\t\t<\/div>\n\t\t\t\t\t<\/div>\n\t\t<\/div>\n\t\t\t\t<div class=\"elementor-column elementor-col-20 elementor-top-column elementor-element elementor-element-65986276\" data-id=\"65986276\" data-element_type=\"column\">\n\t\t\t<div class=\"elementor-widget-wrap elementor-element-populated\">\n\t\t\t\t\t\t<div class=\"elementor-element elementor-element-2a646c93 elementor-widget elementor-widget-image\" data-id=\"2a646c93\" data-element_type=\"widget\" data-widget_type=\"image.default\">\n\t\t\t\t<div class=\"elementor-widget-container\">\n\t\t\t\t\t\t\t\t\t\t\t\t\t\t\t<img decoding=\"async\" width=\"1280\" height=\"341\" src=\"https:\/\/www.acacr.es\/wp-content\/uploads\/2022\/10\/ministerio-pesca.png\" class=\"attachment-full size-full wp-image-1937\" alt=\"\" srcset=\"https:\/\/www.acacr.es\/wp-content\/uploads\/2022\/10\/ministerio-pesca.png 1280w, https:\/\/www.acacr.es\/wp-content\/uploads\/2022\/10\/ministerio-pesca-300x80.png 300w, https:\/\/www.acacr.es\/wp-content\/uploads\/2022\/10\/ministerio-pesca-1024x273.png 1024w, https:\/\/www.acacr.es\/wp-content\/uploads\/2022\/10\/ministerio-pesca-768x205.png 768w\" sizes=\"(max-width: 1280px) 100vw, 1280px\" \/>\t\t\t\t\t\t\t\t\t\t\t\t\t\t\t<\/div>\n\t\t\t\t<\/div>\n\t\t\t\t\t<\/div>\n\t\t<\/div>\n\t\t\t\t<div class=\"elementor-column elementor-col-20 elementor-top-column elementor-element elementor-element-37b5cfcc\" data-id=\"37b5cfcc\" data-element_type=\"column\">\n\t\t\t<div class=\"elementor-widget-wrap elementor-element-populated\">\n\t\t\t\t\t\t<div class=\"elementor-element elementor-element-4c7824ac elementor-widget elementor-widget-image\" data-id=\"4c7824ac\" data-element_type=\"widget\" data-widget_type=\"image.default\">\n\t\t\t\t<div class=\"elementor-widget-container\">\n\t\t\t\t\t\t\t\t\t\t\t\t\t\t\t<img loading=\"lazy\" decoding=\"async\" width=\"988\" height=\"384\" src=\"https:\/\/www.acacr.es\/wp-content\/uploads\/2021\/03\/mcei.jpg\" class=\"attachment-full size-full wp-image-1077\" alt=\"\" srcset=\"https:\/\/www.acacr.es\/wp-content\/uploads\/2021\/03\/mcei.jpg 988w, https:\/\/www.acacr.es\/wp-content\/uploads\/2021\/03\/mcei-300x117.jpg 300w, https:\/\/www.acacr.es\/wp-content\/uploads\/2021\/03\/mcei-768x298.jpg 768w\" sizes=\"(max-width: 988px) 100vw, 988px\" \/>\t\t\t\t\t\t\t\t\t\t\t\t\t\t\t<\/div>\n\t\t\t\t<\/div>\n\t\t\t\t\t<\/div>\n\t\t<\/div>\n\t\t\t\t<div class=\"elementor-column elementor-col-20 elementor-top-column elementor-element elementor-element-46192e9\" data-id=\"46192e9\" data-element_type=\"column\">\n\t\t\t<div class=\"elementor-widget-wrap elementor-element-populated\">\n\t\t\t\t\t\t<div class=\"elementor-element elementor-element-3a810316 elementor-widget elementor-widget-image\" data-id=\"3a810316\" data-element_type=\"widget\" data-widget_type=\"image.default\">\n\t\t\t\t<div class=\"elementor-widget-container\">\n\t\t\t\t\t\t\t\t\t\t\t\t\t\t\t<img loading=\"lazy\" decoding=\"async\" width=\"426\" height=\"118\" src=\"https:\/\/www.acacr.es\/wp-content\/uploads\/2020\/12\/gobespa2.png\" class=\"attachment-full size-full wp-image-722\" alt=\"\" srcset=\"https:\/\/www.acacr.es\/wp-content\/uploads\/2020\/12\/gobespa2.png 426w, https:\/\/www.acacr.es\/wp-content\/uploads\/2020\/12\/gobespa2-300x83.png 300w\" sizes=\"(max-width: 426px) 100vw, 426px\" \/>\t\t\t\t\t\t\t\t\t\t\t\t\t\t\t<\/div>\n\t\t\t\t<\/div>\n\t\t\t\t\t<\/div>\n\t\t<\/div>\n\t\t\t\t<div class=\"elementor-column elementor-col-20 elementor-top-column elementor-element elementor-element-6a329758\" data-id=\"6a329758\" data-element_type=\"column\">\n\t\t\t<div class=\"elementor-widget-wrap elementor-element-populated\">\n\t\t\t\t\t\t<div class=\"elementor-element elementor-element-4acdbb0 elementor-widget elementor-widget-image\" data-id=\"4acdbb0\" data-element_type=\"widget\" data-widget_type=\"image.default\">\n\t\t\t\t<div class=\"elementor-widget-container\">\n\t\t\t\t\t\t\t\t\t\t\t\t\t\t\t<img loading=\"lazy\" decoding=\"async\" width=\"1024\" height=\"586\" src=\"https:\/\/www.acacr.es\/wp-content\/uploads\/2021\/05\/juntalogo-1024x586.png\" class=\"attachment-large size-large wp-image-1142\" alt=\"\" srcset=\"https:\/\/www.acacr.es\/wp-content\/uploads\/2021\/05\/juntalogo-1024x586.png 1024w, https:\/\/www.acacr.es\/wp-content\/uploads\/2021\/05\/juntalogo-300x172.png 300w, https:\/\/www.acacr.es\/wp-content\/uploads\/2021\/05\/juntalogo-768x439.png 768w, https:\/\/www.acacr.es\/wp-content\/uploads\/2021\/05\/juntalogo-1320x755.png 1320w, https:\/\/www.acacr.es\/wp-content\/uploads\/2021\/05\/juntalogo.png 1423w\" sizes=\"(max-width: 1024px) 100vw, 1024px\" \/>\t\t\t\t\t\t\t\t\t\t\t\t\t\t\t<\/div>\n\t\t\t\t<\/div>\n\t\t\t\t\t<\/div>\n\t\t<\/div>\n\t\t\t\t\t<\/div>\n\t\t<\/section>\n\t\t\t\t<section class=\"elementor-section elementor-top-section elementor-element elementor-element-295a8eb9 elementor-section-boxed elementor-section-height-default elementor-section-height-default\" data-id=\"295a8eb9\" data-element_type=\"section\">\n\t\t\t\t\t\t<div class=\"elementor-container elementor-column-gap-default\">\n\t\t\t\t\t<div class=\"elementor-column elementor-col-100 elementor-top-column elementor-element elementor-element-8a9b820\" data-id=\"8a9b820\" data-element_type=\"column\">\n\t\t\t<div class=\"elementor-widget-wrap elementor-element-populated\">\n\t\t\t\t\t\t<div class=\"elementor-element elementor-element-4654d19c elementor-widget elementor-widget-text-editor\" data-id=\"4654d19c\" data-element_type=\"widget\" data-widget_type=\"text-editor.default\">\n\t\t\t\t<div class=\"elementor-widget-container\">\n\t\t\t\t\t\t\t\t\t<table border=\"0\" width=\"900\" cellspacing=\"0\" cellpadding=\"0\" align=\"center\" bgcolor=\"#FFFFFF\">\n<tbody>\n<tr bgcolor=\"#FFFFFF\">\n<td style=\"text-align: center;\" valign=\"top\" bgcolor=\"#FFFFFF\"><span>La Academia Andaluza de Ciencia Regional (ACACR) se crea por Decreto 383\/2009 de 9 de diciembre, en el marco de la Ley Andaluza de la Ciencia y el Conocimiento del 3 de diciembre de 2007.<\/span><\/td>\n<\/tr>\n<\/tbody>\n<\/table>\t\t\t\t\t\t\t\t<\/div>\n\t\t\t\t<\/div>\n\t\t\t\t\t<\/div>\n\t\t<\/div>\n\t\t\t\t\t<\/div>\n\t\t<\/section>\n\t\t\t\t<\/div>\n\t\t","protected":false},"excerpt":{"rendered":"<p>English Version Inscripci\u00f3n El registro se realizar\u00e1 enviando un mensaje a la direcci\u00f3n\u00a0acacr@acacr.es indicando en el asunto INSCRIPCI\u00d3N CIDR2023. Fecha L\u00edmite de Inscripci\u00f3n 12 de junio de 2023 En el cuerpo del mensaje se especificar\u00e1 el nombre completo, instituci\u00f3n a la que pertenece, la modalidad de inscripci\u00f3n a la que se acoge y una copia [&hellip;]<\/p>\n","protected":false},"author":1,"featured_media":0,"parent":0,"menu_order":0,"comment_status":"closed","ping_status":"closed","template":"","meta":{"advgb_blocks_editor_width":"","advgb_blocks_columns_visual_guide":"","ocean_post_layout":"full-width","ocean_both_sidebars_style":"","ocean_both_sidebars_content_width":0,"ocean_both_sidebars_sidebars_width":0,"ocean_sidebar":"0","ocean_second_sidebar":"0","ocean_disable_margins":"on","ocean_add_body_class":"","ocean_shortcode_before_top_bar":"","ocean_shortcode_after_top_bar":"","ocean_shortcode_before_header":"","ocean_shortcode_after_header":"","ocean_has_shortcode":"","ocean_shortcode_after_title":"","ocean_shortcode_before_footer_widgets":"","ocean_shortcode_after_footer_widgets":"","ocean_shortcode_before_footer_bottom":"","ocean_shortcode_after_footer_bottom":"","ocean_display_top_bar":"default","ocean_display_header":"default","ocean_header_style":"","ocean_center_header_left_menu":"0","ocean_custom_header_template":"0","ocean_custom_logo":0,"ocean_custom_retina_logo":0,"ocean_custom_logo_max_width":0,"ocean_custom_logo_tablet_max_width":0,"ocean_custom_logo_mobile_max_width":0,"ocean_custom_logo_max_height":0,"ocean_custom_logo_tablet_max_height":0,"ocean_custom_logo_mobile_max_height":0,"ocean_header_custom_menu":"0","ocean_menu_typo_font_family":"0","ocean_menu_typo_font_subset":"","ocean_menu_typo_font_size":0,"ocean_menu_typo_font_size_tablet":0,"ocean_menu_typo_font_size_mobile":0,"ocean_menu_typo_font_size_unit":"px","ocean_menu_typo_font_weight":"","ocean_menu_typo_font_weight_tablet":"","ocean_menu_typo_font_weight_mobile":"","ocean_menu_typo_transform":"","ocean_menu_typo_transform_tablet":"","ocean_menu_typo_transform_mobile":"","ocean_menu_typo_line_height":0,"ocean_menu_typo_line_height_tablet":0,"ocean_menu_typo_line_height_mobile":0,"ocean_menu_typo_line_height_unit":"","ocean_menu_typo_spacing":0,"ocean_menu_typo_spacing_tablet":0,"ocean_menu_typo_spacing_mobile":0,"ocean_menu_typo_spacing_unit":"","ocean_menu_link_color":"","ocean_menu_link_color_hover":"","ocean_menu_link_color_active":"","ocean_menu_link_background":"","ocean_menu_link_hover_background":"","ocean_menu_link_active_background":"","ocean_menu_social_links_bg":"","ocean_menu_social_hover_links_bg":"","ocean_menu_social_links_color":"","ocean_menu_social_hover_links_color":"","ocean_disable_title":"default","ocean_disable_heading":"default","ocean_post_title":"","ocean_post_subheading":"","ocean_post_title_style":"","ocean_post_title_background_color":"","ocean_post_title_background":0,"ocean_post_title_bg_image_position":"","ocean_post_title_bg_image_attachment":"","ocean_post_title_bg_image_repeat":"","ocean_post_title_bg_image_size":"","ocean_post_title_height":0,"ocean_post_title_bg_overlay":0.5,"ocean_post_title_bg_overlay_color":"","ocean_disable_breadcrumbs":"default","ocean_breadcrumbs_color":"","ocean_breadcrumbs_separator_color":"","ocean_breadcrumbs_links_color":"","ocean_breadcrumbs_links_hover_color":"","ocean_display_footer_widgets":"default","ocean_display_footer_bottom":"default","ocean_custom_footer_template":"0","footnotes":""},"class_list":["post-1801","page","type-page","status-publish","hentry","entry"],"coauthors":[],"author_meta":{"author_link":"https:\/\/www.acacr.es\/?author=1","display_name":"Acacr"},"relative_dates":{"created":"Publicado 3 a\u00f1os hace","modified":"Actualizado 3 a\u00f1os hace"},"absolute_dates":{"created":"Publicado el 25 octubre 2022","modified":"Actualizado el 11 mayo 2023"},"absolute_dates_time":{"created":"Publicado el 25 octubre 2022 10:38","modified":"Actualizado el 11 mayo 2023 11:59"},"featured_img_caption":"","featured_img":false,"series_order":"","_links":{"self":[{"href":"https:\/\/www.acacr.es\/index.php?rest_route=\/wp\/v2\/pages\/1801","targetHints":{"allow":["GET"]}}],"collection":[{"href":"https:\/\/www.acacr.es\/index.php?rest_route=\/wp\/v2\/pages"}],"about":[{"href":"https:\/\/www.acacr.es\/index.php?rest_route=\/wp\/v2\/types\/page"}],"author":[{"embeddable":true,"href":"https:\/\/www.acacr.es\/index.php?rest_route=\/wp\/v2\/users\/1"}],"replies":[{"embeddable":true,"href":"https:\/\/www.acacr.es\/index.php?rest_route=%2Fwp%2Fv2%2Fcomments&post=1801"}],"version-history":[{"count":17,"href":"https:\/\/www.acacr.es\/index.php?rest_route=\/wp\/v2\/pages\/1801\/revisions"}],"predecessor-version":[{"id":2214,"href":"https:\/\/www.acacr.es\/index.php?rest_route=\/wp\/v2\/pages\/1801\/revisions\/2214"}],"wp:attachment":[{"href":"https:\/\/www.acacr.es\/index.php?rest_route=%2Fwp%2Fv2%2Fmedia&parent=1801"}],"curies":[{"name":"wp","href":"https:\/\/api.w.org\/{rel}","templated":true}]}}