{"id":1819,"date":"2022-10-25T11:18:29","date_gmt":"2022-10-25T11:18:29","guid":{"rendered":"https:\/\/www.acacr.es\/?page_id=1819"},"modified":"2023-02-08T19:07:24","modified_gmt":"2023-02-08T19:07:24","slug":"congreso-cidr2023","status":"publish","type":"page","link":"https:\/\/www.acacr.es\/?page_id=1819","title":{"rendered":"Congreso &#8211; CIDR2023"},"content":{"rendered":"\t\t<div data-elementor-type=\"wp-page\" data-elementor-id=\"1819\" class=\"elementor elementor-1819\">\n\t\t\t\t\t\t<section class=\"elementor-section elementor-top-section elementor-element elementor-element-e20502b elementor-section-boxed elementor-section-height-default elementor-section-height-default\" data-id=\"e20502b\" data-element_type=\"section\">\n\t\t\t\t\t\t<div class=\"elementor-container elementor-column-gap-default\">\n\t\t\t\t\t<div class=\"elementor-column elementor-col-100 elementor-top-column elementor-element elementor-element-fa33eb5\" data-id=\"fa33eb5\" data-element_type=\"column\">\n\t\t\t<div class=\"elementor-widget-wrap elementor-element-populated\">\n\t\t\t\t\t\t<div class=\"elementor-element elementor-element-49ad8ca elementor-align-right elementor-widget elementor-widget-button\" data-id=\"49ad8ca\" data-element_type=\"widget\" data-widget_type=\"button.default\">\n\t\t\t\t<div class=\"elementor-widget-container\">\n\t\t\t\t\t\t\t\t\t<div class=\"elementor-button-wrapper\">\n\t\t\t\t\t<a class=\"elementor-button elementor-button-link elementor-size-sm\" href=\"https:\/\/www.acacr.es\/?page_id=2045\">\n\t\t\t\t\t\t<span class=\"elementor-button-content-wrapper\">\n\t\t\t\t\t\t\t\t\t<span class=\"elementor-button-text\">English Version<\/span>\n\t\t\t\t\t<\/span>\n\t\t\t\t\t<\/a>\n\t\t\t\t<\/div>\n\t\t\t\t\t\t\t\t<\/div>\n\t\t\t\t<\/div>\n\t\t\t\t\t<\/div>\n\t\t<\/div>\n\t\t\t\t\t<\/div>\n\t\t<\/section>\n\t\t\t\t<section class=\"elementor-section elementor-top-section elementor-element elementor-element-5914ddb elementor-section-stretched elementor-section-boxed elementor-section-height-default elementor-section-height-default\" data-id=\"5914ddb\" data-element_type=\"section\" data-settings=\"{&quot;stretch_section&quot;:&quot;section-stretched&quot;}\">\n\t\t\t\t\t\t<div class=\"elementor-container elementor-column-gap-default\">\n\t\t\t\t\t<div class=\"elementor-column elementor-col-100 elementor-top-column elementor-element elementor-element-3f92bd7\" data-id=\"3f92bd7\" data-element_type=\"column\">\n\t\t\t<div class=\"elementor-widget-wrap elementor-element-populated\">\n\t\t\t\t\t\t<div class=\"elementor-element elementor-element-ea91872 elementor-widget elementor-widget-text-editor\" data-id=\"ea91872\" data-element_type=\"widget\" data-widget_type=\"text-editor.default\">\n\t\t\t\t<div class=\"elementor-widget-container\">\n\t\t\t\t\t\t\t\t\t<h1>\u00a0<\/h1><h1 style=\"text-align: center;\"><strong>Congreso Internacional Desarrollo Rural<\/strong><\/h1><h1 style=\"text-align: center;\"><strong>CIDR 2023<\/strong><\/h1><p>\u00a0<\/p><h3 style=\"text-align: center;\"><strong>Academia Andaluza de Ciencia Regional<\/strong><\/h3><h3 style=\"text-align: center;\"><strong>14-16 de junio de 2023<\/strong><\/h3><h3 style=\"text-align: center;\"><strong>Campus C\u00f3rdoba Universidad Loyola Andaluc\u00eda<\/strong><\/h3><p>\u00a0<\/p>\t\t\t\t\t\t\t\t<\/div>\n\t\t\t\t<\/div>\n\t\t\t\t\t<\/div>\n\t\t<\/div>\n\t\t\t\t\t<\/div>\n\t\t<\/section>\n\t\t\t\t<section class=\"elementor-section elementor-top-section elementor-element elementor-element-3f5783b2 elementor-section-stretched elementor-section-boxed elementor-section-height-default elementor-section-height-default\" data-id=\"3f5783b2\" data-element_type=\"section\" data-settings=\"{&quot;background_background&quot;:&quot;classic&quot;,&quot;stretch_section&quot;:&quot;section-stretched&quot;}\">\n\t\t\t\t\t\t\t<div class=\"elementor-background-overlay\"><\/div>\n\t\t\t\t\t\t\t<div class=\"elementor-container elementor-column-gap-default\">\n\t\t\t\t\t<div class=\"elementor-column elementor-col-100 elementor-top-column elementor-element elementor-element-3a2d65af\" data-id=\"3a2d65af\" data-element_type=\"column\">\n\t\t\t<div class=\"elementor-widget-wrap elementor-element-populated\">\n\t\t\t\t\t\t<div class=\"elementor-element elementor-element-b4bfb99 elementor-widget elementor-widget-text-editor\" data-id=\"b4bfb99\" data-element_type=\"widget\" data-widget_type=\"text-editor.default\">\n\t\t\t\t<div class=\"elementor-widget-container\">\n\t\t\t\t\t\t\t\t\t<p style=\"text-align: center;\"><strong>&nbsp;<\/strong><\/p>\n<h2 style=\"text-align: center;\"><strong>PRESENTACI\u00d3N Y OBJETIVOS DEL CONGRESO<\/strong><\/h2>\n<div><strong>&nbsp;<\/strong><\/div>\n<p>El desarrollo rural es uno de los ejes principales de bienestar y crecimiento en Andaluc\u00eda, Espa\u00f1a y la Uni\u00f3n Europea. Es tambi\u00e9n un \u00e1mbito relevante para las estrategias de desarrollo y de lucha contra la pobreza en los pa\u00edses en desarrollo. Su an\u00e1lisis y los instrumentos que lo desarrollan apelan a asuntos como la eficacia de las pol\u00edticas p\u00fablicas, la articulaci\u00f3n multinivel de las pol\u00edticas, la subsidiariedad en el reparto de las competencias entre las administraciones del estado para actuar en el mundo rural o el protagonismo de los actores del territorio.<\/p>\n<p>En Europa, el desarrollo rural ha estado marcado por las pol\u00edticas de la Uni\u00f3n Europea en el mundo rural. El enfoque del desarrollo rural territorial europeo y sus programa LEADER tuvo un destacado impulso con motivo de las reformas de la pol\u00edtica agraria com\u00fan desde finales de los a\u00f1os ochenta y la adopci\u00f3n del paradigma ruralista. Anclar poblaci\u00f3n en los territorios rurales se ha convertido en un objetivo estrat\u00e9gico en Europa que adopta especial relevancia en torno al debate sobre los desequilibrios territoriales de la sociedad espa\u00f1ola, de la Espa\u00f1a vac\u00eda.<\/p>\n<p>Es evidente que el modelo europeo de desarrollo rural territorial que ha marcado las pol\u00edticas e intervenciones de Espa\u00f1a y Andaluc\u00eda se encuentra ahora en una encrucijada de cara a su futuro. La percepci\u00f3n de ausencia de transformaciones tras varias d\u00e9cadas de inversi\u00f3n econ\u00f3mica y apuesta pol\u00edtica condiciona su futuro y alienta un compromiso pol\u00edtico visiblemente menor en todas las esferas pol\u00edticas, desde Bruselas a Sevilla. Es importante hacer balance de lo que los programas y Grupos de Desarrollo Rural han dejado en Andaluc\u00eda y el resto de Espa\u00f1a. El debate entre fine y medios, entre objetivos e instrumentos, es especialmente relevante en el campo del Desarrollo Rural.<\/p>\n<p>Tambi\u00e9n lo es en los pa\u00edses en desarrollo, y en las pol\u00edticas de cooperaci\u00f3n internacional, donde se han dise\u00f1ado pol\u00edticas y programas de cooperaci\u00f3n desde los gobiernos y los organismos internacionales.&nbsp; El debate conceptual y metodol\u00f3gico ha sido intenso a lo largo de las \u00faltimas d\u00e9cadas e involucra tanto a diversos actores como a diversas disciplinas acad\u00e9micas.<\/p>\n<p>En un entorno de cambio de ciclo global, el desarrollo rural tambi\u00e9n se enfrenta a la necesidad de revisar sus enfoques e instrumentos para, por una parte, adaptarlos a la nueva realidad y a los paradigmas que emergen tras la gran recesi\u00f3n y la pandemia. Y, por otra, para responder al escepticismo sobre la eficacia del desarrollo rural para responder a los retos que se le plantean all\u00ed donde ha sido aplicado en las pasadas d\u00e9cadas.<\/p>\n<p>La Academia Andaluza de Ciencia Regional y la Universidad Loyola Andaluc\u00eda y su Instituto de Desarrollo presentan este congreso con el objetivo de revisar la conceptualizaci\u00f3n del desarrollo rural y el dise\u00f1o y funcionamiento de sus instrumentos a la luz de los desaf\u00edos del siglo XXI. El congreso promover\u00e1 la evaluaci\u00f3n de la pertinencia del enfoque ruralista y de las din\u00e1micas de desarrollo rural territorial en las estrategias de desarrollo y en las pol\u00edticas p\u00fablicas construidas en torno a esta tem\u00e1tica.<\/p>\n<p>El Congreso pretende adem\u00e1s facilitar un an\u00e1lisis comparado del desarrollo rural desde la perspectiva de varias regiones del mundo en entornos muy diferentes de desarrollo. Para ello se centrar\u00e1 en recoger los debates sobre desarrollo rural en la Uni\u00f3n Europea (con especial atenci\u00f3n a Espa\u00f1a y Andaluc\u00eda), en Am\u00e9rica Latina (con \u00e9nfasis en Centroam\u00e9rica y en el Asia meridional (con especial inter\u00e9s en el caso de la India).<\/p>\n<p>El papel de los diferentes actores pol\u00edticos y econ\u00f3micos en el desarrollo rural ser\u00e1 otro de los focos del congreso que revisar\u00e1 el papel de los gobiernos centrales y regionales, las organizaciones internacionales, los gobiernos locales, las organizaciones empresariales y de productores y el amplio abanico de la sociedad civil presente en los territorios. La participaci\u00f3n de j\u00f3venes, mujeres y mayores y los beneficios que obtengan de las pol\u00edticas de desarrollo rural han sido objeto de debate y estar\u00e1 presente tambi\u00e9n en las sesiones de trabajo.<\/p>\n<p>El desarrollo rural es, por naturaleza, un \u00e1mbito multidisciplinar de an\u00e1lisis y de pol\u00edticas. La conexi\u00f3n con los territorios rurales con algunos de las principales procesos y problemas del desarrollo, es intensa y ser\u00e1 objeto prioritario de atenci\u00f3n en el congreso. Los efectos del cambio clim\u00e1tico y las pol\u00edticas de protecci\u00f3n del medio ambiente y los recursos naturales son un elemento fundamental para el desarrollo rural y los territorios rurales. Tambi\u00e9n los programas y acciones orientadas a la erradicaci\u00f3n de la pobreza, a promover medios de vida sostenibles y a generar estrategias incluyentes de desarrollo. La dimensi\u00f3n territorial de la promoci\u00f3n de la seguridad alimentaria es un factor prioritario en muchas regiones del mundo. Los problemas del mundo rural tienen tambi\u00e9n mucho que ver en el an\u00e1lisis de las motivaciones que hay detr\u00e1s de las migraciones internacionales y del abandono de los entornos rurales en varios pa\u00edses y regiones del mundo.<\/p>\n<p>Para recoger y articular todos los asuntos y debates mencionados, las sesiones del CIDR 2023 se organizar\u00e1n sobre cinco grandes ejes tem\u00e1ticos:<\/p>\n<p>1.&nbsp;&nbsp;&nbsp;&nbsp; Pobreza y exclusi\u00f3n en el mundo rural<\/p>\n<p>2.&nbsp;&nbsp;&nbsp;&nbsp; Crecimiento, agricultura y desarrollo rural<\/p>\n<p>3.&nbsp;&nbsp;&nbsp;&nbsp; Seguridad alimentaria y desarrollo rural<\/p>\n<p>4.&nbsp;&nbsp;&nbsp;&nbsp; El reto de la despoblaci\u00f3n y la emigraci\u00f3n en el mundo rural<\/p>\n<p>5.&nbsp;&nbsp;&nbsp;&nbsp; Desarrollo rural, cambio clim\u00e1tico y recursos naturales<\/p>\n<p>El congreso se celebra en modalidad presencial para promover la reflexi\u00f3n, debate e intercambio de una manera m\u00e1s efectiva, aunque tambi\u00e9n se podr\u00e1 participar en modalidad virtual. Los congresistas que opten por modalidad virtual podr\u00e1n presentar comunicaciones y atender a las ponencias principales y a las comunicaciones en las sesiones paralelas.<\/p>\n<p>La opci\u00f3n por la modalidad presencial o la modalidad virtual se realizar\u00e1 en el momento de la inscripci\u00f3n en el congreso.<\/p>\t\t\t\t\t\t\t\t<\/div>\n\t\t\t\t<\/div>\n\t\t\t\t\t<\/div>\n\t\t<\/div>\n\t\t\t\t\t<\/div>\n\t\t<\/section>\n\t\t\t\t<section class=\"elementor-section elementor-top-section elementor-element elementor-element-e49a0f1 elementor-section-boxed elementor-section-height-default elementor-section-height-default\" data-id=\"e49a0f1\" data-element_type=\"section\">\n\t\t\t\t\t\t<div class=\"elementor-container elementor-column-gap-default\">\n\t\t\t\t\t<div class=\"elementor-column elementor-col-100 elementor-top-column elementor-element elementor-element-f0f70be\" data-id=\"f0f70be\" data-element_type=\"column\">\n\t\t\t<div class=\"elementor-widget-wrap elementor-element-populated\">\n\t\t\t\t\t\t<div class=\"elementor-element elementor-element-9c341d1 elementor-widget elementor-widget-image\" data-id=\"9c341d1\" data-element_type=\"widget\" data-widget_type=\"image.default\">\n\t\t\t\t<div class=\"elementor-widget-container\">\n\t\t\t\t\t\t\t\t\t\t\t\t\t\t\t<img fetchpriority=\"high\" decoding=\"async\" width=\"544\" height=\"164\" src=\"https:\/\/www.acacr.es\/wp-content\/uploads\/2021\/05\/ub.png\" class=\"attachment-large size-large wp-image-1145\" alt=\"\" srcset=\"https:\/\/www.acacr.es\/wp-content\/uploads\/2021\/05\/ub.png 544w, https:\/\/www.acacr.es\/wp-content\/uploads\/2021\/05\/ub-300x90.png 300w\" sizes=\"(max-width: 544px) 100vw, 544px\" \/>\t\t\t\t\t\t\t\t\t\t\t\t\t\t\t<\/div>\n\t\t\t\t<\/div>\n\t\t\t\t\t<\/div>\n\t\t<\/div>\n\t\t\t\t\t<\/div>\n\t\t<\/section>\n\t\t\t\t<section class=\"elementor-section elementor-top-section elementor-element elementor-element-4a214046 elementor-section-boxed elementor-section-height-default elementor-section-height-default\" data-id=\"4a214046\" data-element_type=\"section\">\n\t\t\t\t\t\t<div class=\"elementor-container elementor-column-gap-default\">\n\t\t\t\t\t<div class=\"elementor-column elementor-col-20 elementor-top-column elementor-element elementor-element-265b943f\" data-id=\"265b943f\" data-element_type=\"column\">\n\t\t\t<div class=\"elementor-widget-wrap elementor-element-populated\">\n\t\t\t\t\t\t<div class=\"elementor-element elementor-element-4f8712bd elementor-widget elementor-widget-image\" data-id=\"4f8712bd\" data-element_type=\"widget\" data-widget_type=\"image.default\">\n\t\t\t\t<div class=\"elementor-widget-container\">\n\t\t\t\t\t\t\t\t\t\t\t\t\t\t\t<img decoding=\"async\" width=\"1446\" height=\"1229\" src=\"https:\/\/www.acacr.es\/wp-content\/uploads\/2020\/12\/logoue.png\" class=\"attachment-full size-full wp-image-723\" alt=\"\" srcset=\"https:\/\/www.acacr.es\/wp-content\/uploads\/2020\/12\/logoue.png 1446w, https:\/\/www.acacr.es\/wp-content\/uploads\/2020\/12\/logoue-300x255.png 300w, https:\/\/www.acacr.es\/wp-content\/uploads\/2020\/12\/logoue-1024x870.png 1024w, https:\/\/www.acacr.es\/wp-content\/uploads\/2020\/12\/logoue-768x653.png 768w, https:\/\/www.acacr.es\/wp-content\/uploads\/2020\/12\/logoue-1320x1122.png 1320w\" sizes=\"(max-width: 1446px) 100vw, 1446px\" \/>\t\t\t\t\t\t\t\t\t\t\t\t\t\t\t<\/div>\n\t\t\t\t<\/div>\n\t\t\t\t\t<\/div>\n\t\t<\/div>\n\t\t\t\t<div class=\"elementor-column elementor-col-20 elementor-top-column elementor-element elementor-element-552a7673\" data-id=\"552a7673\" data-element_type=\"column\">\n\t\t\t<div class=\"elementor-widget-wrap elementor-element-populated\">\n\t\t\t\t\t\t<div class=\"elementor-element elementor-element-4e9ab94f elementor-widget elementor-widget-image\" data-id=\"4e9ab94f\" data-element_type=\"widget\" data-widget_type=\"image.default\">\n\t\t\t\t<div class=\"elementor-widget-container\">\n\t\t\t\t\t\t\t\t\t\t\t\t\t\t\t<img decoding=\"async\" width=\"1280\" height=\"341\" src=\"https:\/\/www.acacr.es\/wp-content\/uploads\/2022\/10\/ministerio-pesca.png\" class=\"attachment-full size-full wp-image-1937\" alt=\"\" srcset=\"https:\/\/www.acacr.es\/wp-content\/uploads\/2022\/10\/ministerio-pesca.png 1280w, https:\/\/www.acacr.es\/wp-content\/uploads\/2022\/10\/ministerio-pesca-300x80.png 300w, https:\/\/www.acacr.es\/wp-content\/uploads\/2022\/10\/ministerio-pesca-1024x273.png 1024w, https:\/\/www.acacr.es\/wp-content\/uploads\/2022\/10\/ministerio-pesca-768x205.png 768w\" sizes=\"(max-width: 1280px) 100vw, 1280px\" \/>\t\t\t\t\t\t\t\t\t\t\t\t\t\t\t<\/div>\n\t\t\t\t<\/div>\n\t\t\t\t\t<\/div>\n\t\t<\/div>\n\t\t\t\t<div class=\"elementor-column elementor-col-20 elementor-top-column elementor-element elementor-element-75ea417\" data-id=\"75ea417\" data-element_type=\"column\">\n\t\t\t<div class=\"elementor-widget-wrap elementor-element-populated\">\n\t\t\t\t\t\t<div class=\"elementor-element elementor-element-1eeb7469 elementor-widget elementor-widget-image\" data-id=\"1eeb7469\" data-element_type=\"widget\" data-widget_type=\"image.default\">\n\t\t\t\t<div class=\"elementor-widget-container\">\n\t\t\t\t\t\t\t\t\t\t\t\t\t\t\t<img loading=\"lazy\" decoding=\"async\" width=\"988\" height=\"384\" src=\"https:\/\/www.acacr.es\/wp-content\/uploads\/2021\/03\/mcei.jpg\" class=\"attachment-full size-full wp-image-1077\" alt=\"\" srcset=\"https:\/\/www.acacr.es\/wp-content\/uploads\/2021\/03\/mcei.jpg 988w, https:\/\/www.acacr.es\/wp-content\/uploads\/2021\/03\/mcei-300x117.jpg 300w, https:\/\/www.acacr.es\/wp-content\/uploads\/2021\/03\/mcei-768x298.jpg 768w\" sizes=\"(max-width: 988px) 100vw, 988px\" \/>\t\t\t\t\t\t\t\t\t\t\t\t\t\t\t<\/div>\n\t\t\t\t<\/div>\n\t\t\t\t\t<\/div>\n\t\t<\/div>\n\t\t\t\t<div class=\"elementor-column elementor-col-20 elementor-top-column elementor-element elementor-element-3b6cdafa\" data-id=\"3b6cdafa\" data-element_type=\"column\">\n\t\t\t<div class=\"elementor-widget-wrap elementor-element-populated\">\n\t\t\t\t\t\t<div class=\"elementor-element elementor-element-3dd566e9 elementor-widget elementor-widget-image\" data-id=\"3dd566e9\" data-element_type=\"widget\" data-widget_type=\"image.default\">\n\t\t\t\t<div class=\"elementor-widget-container\">\n\t\t\t\t\t\t\t\t\t\t\t\t\t\t\t<img loading=\"lazy\" decoding=\"async\" width=\"426\" height=\"118\" src=\"https:\/\/www.acacr.es\/wp-content\/uploads\/2020\/12\/gobespa2.png\" class=\"attachment-full size-full wp-image-722\" alt=\"\" srcset=\"https:\/\/www.acacr.es\/wp-content\/uploads\/2020\/12\/gobespa2.png 426w, https:\/\/www.acacr.es\/wp-content\/uploads\/2020\/12\/gobespa2-300x83.png 300w\" sizes=\"(max-width: 426px) 100vw, 426px\" \/>\t\t\t\t\t\t\t\t\t\t\t\t\t\t\t<\/div>\n\t\t\t\t<\/div>\n\t\t\t\t\t<\/div>\n\t\t<\/div>\n\t\t\t\t<div class=\"elementor-column elementor-col-20 elementor-top-column elementor-element elementor-element-38a11ff8\" data-id=\"38a11ff8\" data-element_type=\"column\">\n\t\t\t<div class=\"elementor-widget-wrap elementor-element-populated\">\n\t\t\t\t\t\t<div class=\"elementor-element elementor-element-a47fef5 elementor-widget elementor-widget-image\" data-id=\"a47fef5\" data-element_type=\"widget\" data-widget_type=\"image.default\">\n\t\t\t\t<div class=\"elementor-widget-container\">\n\t\t\t\t\t\t\t\t\t\t\t\t\t\t\t<img loading=\"lazy\" decoding=\"async\" width=\"1024\" height=\"586\" src=\"https:\/\/www.acacr.es\/wp-content\/uploads\/2021\/05\/juntalogo-1024x586.png\" class=\"attachment-large size-large wp-image-1142\" alt=\"\" srcset=\"https:\/\/www.acacr.es\/wp-content\/uploads\/2021\/05\/juntalogo-1024x586.png 1024w, https:\/\/www.acacr.es\/wp-content\/uploads\/2021\/05\/juntalogo-300x172.png 300w, https:\/\/www.acacr.es\/wp-content\/uploads\/2021\/05\/juntalogo-768x439.png 768w, https:\/\/www.acacr.es\/wp-content\/uploads\/2021\/05\/juntalogo-1320x755.png 1320w, https:\/\/www.acacr.es\/wp-content\/uploads\/2021\/05\/juntalogo.png 1423w\" sizes=\"(max-width: 1024px) 100vw, 1024px\" \/>\t\t\t\t\t\t\t\t\t\t\t\t\t\t\t<\/div>\n\t\t\t\t<\/div>\n\t\t\t\t\t<\/div>\n\t\t<\/div>\n\t\t\t\t\t<\/div>\n\t\t<\/section>\n\t\t\t\t<section class=\"elementor-section elementor-top-section elementor-element elementor-element-40efe73 elementor-section-boxed elementor-section-height-default elementor-section-height-default\" data-id=\"40efe73\" data-element_type=\"section\">\n\t\t\t\t\t\t<div class=\"elementor-container elementor-column-gap-default\">\n\t\t\t\t\t<div class=\"elementor-column elementor-col-100 elementor-top-column elementor-element elementor-element-c8fed88\" data-id=\"c8fed88\" data-element_type=\"column\">\n\t\t\t<div class=\"elementor-widget-wrap elementor-element-populated\">\n\t\t\t\t\t\t<div class=\"elementor-element elementor-element-0880250 elementor-widget elementor-widget-spacer\" data-id=\"0880250\" data-element_type=\"widget\" data-widget_type=\"spacer.default\">\n\t\t\t\t<div class=\"elementor-widget-container\">\n\t\t\t\t\t\t\t<div class=\"elementor-spacer\">\n\t\t\t<div class=\"elementor-spacer-inner\"><\/div>\n\t\t<\/div>\n\t\t\t\t\t\t<\/div>\n\t\t\t\t<\/div>\n\t\t\t\t\t<\/div>\n\t\t<\/div>\n\t\t\t\t\t<\/div>\n\t\t<\/section>\n\t\t\t\t<section class=\"elementor-section elementor-top-section elementor-element elementor-element-295a8eb9 elementor-section-boxed elementor-section-height-default elementor-section-height-default\" data-id=\"295a8eb9\" data-element_type=\"section\">\n\t\t\t\t\t\t<div class=\"elementor-container elementor-column-gap-default\">\n\t\t\t\t\t<div class=\"elementor-column elementor-col-100 elementor-top-column elementor-element elementor-element-8a9b820\" data-id=\"8a9b820\" data-element_type=\"column\">\n\t\t\t<div class=\"elementor-widget-wrap elementor-element-populated\">\n\t\t\t\t\t\t<div class=\"elementor-element elementor-element-4654d19c elementor-widget elementor-widget-text-editor\" data-id=\"4654d19c\" data-element_type=\"widget\" data-widget_type=\"text-editor.default\">\n\t\t\t\t<div class=\"elementor-widget-container\">\n\t\t\t\t\t\t\t\t\t<table border=\"0\" width=\"900\" cellspacing=\"0\" cellpadding=\"0\" align=\"center\" bgcolor=\"#FFFFFF\">\n<tbody>\n<tr bgcolor=\"#FFFFFF\">\n<td style=\"text-align: center;\" valign=\"top\" bgcolor=\"#FFFFFF\"><span>La Academia Andaluza de Ciencia Regional (ACACR) se crea por Decreto 383\/2009 de 9 de diciembre, en el marco de la Ley Andaluza de la Ciencia y el Conocimiento del 3 de diciembre de 2007.<\/span><\/td>\n<\/tr>\n<\/tbody>\n<\/table>\t\t\t\t\t\t\t\t<\/div>\n\t\t\t\t<\/div>\n\t\t\t\t\t<\/div>\n\t\t<\/div>\n\t\t\t\t\t<\/div>\n\t\t<\/section>\n\t\t\t\t<\/div>\n\t\t","protected":false},"excerpt":{"rendered":"<p>English Version \u00a0 Congreso Internacional Desarrollo Rural CIDR 2023 \u00a0 Academia Andaluza de Ciencia Regional 14-16 de junio de 2023 Campus C\u00f3rdoba Universidad Loyola Andaluc\u00eda \u00a0 &nbsp; PRESENTACI\u00d3N Y OBJETIVOS DEL CONGRESO &nbsp; El desarrollo rural es uno de los ejes principales de bienestar y crecimiento en Andaluc\u00eda, Espa\u00f1a y la Uni\u00f3n Europea. Es tambi\u00e9n [&hellip;]<\/p>\n","protected":false},"author":1,"featured_media":0,"parent":0,"menu_order":0,"comment_status":"closed","ping_status":"closed","template":"","meta":{"advgb_blocks_editor_width":"","advgb_blocks_columns_visual_guide":"","ocean_post_layout":"full-width","ocean_both_sidebars_style":"","ocean_both_sidebars_content_width":0,"ocean_both_sidebars_sidebars_width":0,"ocean_sidebar":"0","ocean_second_sidebar":"0","ocean_disable_margins":"on","ocean_add_body_class":"","ocean_shortcode_before_top_bar":"","ocean_shortcode_after_top_bar":"","ocean_shortcode_before_header":"","ocean_shortcode_after_header":"","ocean_has_shortcode":"","ocean_shortcode_after_title":"","ocean_shortcode_before_footer_widgets":"","ocean_shortcode_after_footer_widgets":"","ocean_shortcode_before_footer_bottom":"","ocean_shortcode_after_footer_bottom":"","ocean_display_top_bar":"default","ocean_display_header":"default","ocean_header_style":"","ocean_center_header_left_menu":"0","ocean_custom_header_template":"0","ocean_custom_logo":0,"ocean_custom_retina_logo":0,"ocean_custom_logo_max_width":0,"ocean_custom_logo_tablet_max_width":0,"ocean_custom_logo_mobile_max_width":0,"ocean_custom_logo_max_height":0,"ocean_custom_logo_tablet_max_height":0,"ocean_custom_logo_mobile_max_height":0,"ocean_header_custom_menu":"0","ocean_menu_typo_font_family":"0","ocean_menu_typo_font_subset":"","ocean_menu_typo_font_size":0,"ocean_menu_typo_font_size_tablet":0,"ocean_menu_typo_font_size_mobile":0,"ocean_menu_typo_font_size_unit":"px","ocean_menu_typo_font_weight":"","ocean_menu_typo_font_weight_tablet":"","ocean_menu_typo_font_weight_mobile":"","ocean_menu_typo_transform":"","ocean_menu_typo_transform_tablet":"","ocean_menu_typo_transform_mobile":"","ocean_menu_typo_line_height":0,"ocean_menu_typo_line_height_tablet":0,"ocean_menu_typo_line_height_mobile":0,"ocean_menu_typo_line_height_unit":"","ocean_menu_typo_spacing":0,"ocean_menu_typo_spacing_tablet":0,"ocean_menu_typo_spacing_mobile":0,"ocean_menu_typo_spacing_unit":"","ocean_menu_link_color":"","ocean_menu_link_color_hover":"","ocean_menu_link_color_active":"","ocean_menu_link_background":"","ocean_menu_link_hover_background":"","ocean_menu_link_active_background":"","ocean_menu_social_links_bg":"","ocean_menu_social_hover_links_bg":"","ocean_menu_social_links_color":"","ocean_menu_social_hover_links_color":"","ocean_disable_title":"default","ocean_disable_heading":"default","ocean_post_title":"","ocean_post_subheading":"","ocean_post_title_style":"","ocean_post_title_background_color":"","ocean_post_title_background":0,"ocean_post_title_bg_image_position":"","ocean_post_title_bg_image_attachment":"","ocean_post_title_bg_image_repeat":"","ocean_post_title_bg_image_size":"","ocean_post_title_height":0,"ocean_post_title_bg_overlay":0.5,"ocean_post_title_bg_overlay_color":"","ocean_disable_breadcrumbs":"default","ocean_breadcrumbs_color":"","ocean_breadcrumbs_separator_color":"","ocean_breadcrumbs_links_color":"","ocean_breadcrumbs_links_hover_color":"","ocean_display_footer_widgets":"default","ocean_display_footer_bottom":"default","ocean_custom_footer_template":"0","footnotes":""},"class_list":["post-1819","page","type-page","status-publish","hentry","entry"],"coauthors":[],"author_meta":{"author_link":"https:\/\/www.acacr.es\/?author=1","display_name":"Acacr"},"relative_dates":{"created":"Publicado 3 a\u00f1os hace","modified":"Actualizado 3 a\u00f1os hace"},"absolute_dates":{"created":"Publicado el 25 octubre 2022","modified":"Actualizado el 8 febrero 2023"},"absolute_dates_time":{"created":"Publicado el 25 octubre 2022 11:18","modified":"Actualizado el 8 febrero 2023 19:07"},"featured_img_caption":"","featured_img":false,"series_order":"","_links":{"self":[{"href":"https:\/\/www.acacr.es\/index.php?rest_route=\/wp\/v2\/pages\/1819","targetHints":{"allow":["GET"]}}],"collection":[{"href":"https:\/\/www.acacr.es\/index.php?rest_route=\/wp\/v2\/pages"}],"about":[{"href":"https:\/\/www.acacr.es\/index.php?rest_route=\/wp\/v2\/types\/page"}],"author":[{"embeddable":true,"href":"https:\/\/www.acacr.es\/index.php?rest_route=\/wp\/v2\/users\/1"}],"replies":[{"embeddable":true,"href":"https:\/\/www.acacr.es\/index.php?rest_route=%2Fwp%2Fv2%2Fcomments&post=1819"}],"version-history":[{"count":21,"href":"https:\/\/www.acacr.es\/index.php?rest_route=\/wp\/v2\/pages\/1819\/revisions"}],"predecessor-version":[{"id":2106,"href":"https:\/\/www.acacr.es\/index.php?rest_route=\/wp\/v2\/pages\/1819\/revisions\/2106"}],"wp:attachment":[{"href":"https:\/\/www.acacr.es\/index.php?rest_route=%2Fwp%2Fv2%2Fmedia&parent=1819"}],"curies":[{"name":"wp","href":"https:\/\/api.w.org\/{rel}","templated":true}]}}