{"id":2359,"date":"2023-09-29T16:25:14","date_gmt":"2023-09-29T16:25:14","guid":{"rendered":"https:\/\/www.acacr.es\/?page_id=2359"},"modified":"2026-04-17T12:32:59","modified_gmt":"2026-04-17T12:32:59","slug":"actividades","status":"publish","type":"page","link":"https:\/\/www.acacr.es\/?page_id=2359","title":{"rendered":"Listado de Acad\u00e9micos"},"content":{"rendered":"\t\t<div data-elementor-type=\"wp-page\" data-elementor-id=\"2359\" class=\"elementor elementor-2359\">\n\t\t\t\t\t\t<section class=\"elementor-section elementor-top-section elementor-element elementor-element-9aec54a elementor-hidden-tablet elementor-hidden-mobile elementor-section-boxed elementor-section-height-default elementor-section-height-default\" data-id=\"9aec54a\" data-element_type=\"section\">\n\t\t\t\t\t\t<div class=\"elementor-container elementor-column-gap-default\">\n\t\t\t\t\t<div class=\"elementor-column elementor-col-50 elementor-top-column elementor-element elementor-element-8e436a1\" data-id=\"8e436a1\" data-element_type=\"column\">\n\t\t\t<div class=\"elementor-widget-wrap elementor-element-populated\">\n\t\t\t\t\t\t<div class=\"elementor-element elementor-element-3917676 elementor-widget elementor-widget-text-editor\" data-id=\"3917676\" data-element_type=\"widget\" data-widget_type=\"text-editor.default\">\n\t\t\t\t<div class=\"elementor-widget-container\">\n\t\t\t\t\t\t\t\t\t<h1><span style=\"color: #008000;\">Acad\u00e9micos de N\u00famero<\/span><\/h1><ul><li>Ilmo. Sr. D. Francisco Rodr\u00edguez Mart\u00ednez<\/li><li>Ilma. Sra. D\u00aa. Rosa Jord\u00e1 Borrell<\/li><li>Ilmo. Sr. D. Rafael Esteve Secall<\/li><li>Ilmo. Sr. D. Juan Antonio M\u00e1rquez Dom\u00ednguez<\/li><li>Ilmo. Sr. D. Jos\u00e9 Manuel Jurado Almonte<\/li><li>Ilmo. Sr. D. Andr\u00e9s Garc\u00eda Lorca<\/li><li>Ilmo. Sr. D. Alfonso Vargas S\u00e1nchez<\/li><li>Ilmo. Sr. D. Manuel Marchena G\u00f3mez<\/li><li>Ilmo. Sr. D. Manuel Alejandro Cardenete<\/li><li>Ilma. Sra. D\u00f1a. Carmen Mart\u00ednez Hern\u00e1ndez<\/li><li>Ilmo. Sr. D. Felipe Romera Lubias<\/li><li>Ilmo. Sr. D. Jos\u00e9 Antonio Camacho Ballesta<\/li><li>Ilmo. Sr. D. Fernando L\u00f3pez Mora<\/li><li>Ilmo. Sr. D. Manuel Garc\u00eda Fern\u00e1ndez<\/li><li>Ilmo. Sr. D. Santiago Carb\u00f3 Valverde<\/li><li>Excmo. Sr. D. Jos\u00e9 Ignacio Castillo Manzano<\/li><li>Ilmo. Sr. D. Rafael Jordano Salinas<\/li><li>Ilmo. Sr. D. Juan Francisco P\u00e9rez G\u00e1lvez<\/li><li>Ilmo. Sr. D. Alfonso de Julios Campuzano<\/li><li>Ilmo. Sr. D. Jos\u00e9 Domingo S\u00e1nchez Mart\u00ednez<\/li><li>Ilmo. Sr. D. Juan D\u00edez Garc\u00eda<\/li><li>Ilmo. Sr. D. Fernando Cruz-Conde y Su\u00e1rez de Tangil<\/li><li>Ilmo. Sr. D. Jos\u00e9 Pedro Alba Garc\u00eda<\/li><\/ul><div>\u00a0<\/div><div><h1><span style=\"color: #008000;\">Acad\u00e9micos de Honor<\/span><\/h1><ul><li>Ilmo. Sr. D. Antonio Rodero Franganillo<\/li><li>Ilmo. Sr. D. Javier Calatrava Requena<\/li><li>Ilmo. Sr. D. Juan Jim\u00e9nez Aguilar<\/li><li>Ilmo. Sr. D. Ram\u00f3n Tamames G\u00f3mez<\/li><li>Ilmo. Sr. D. Jos\u00e9 Javier Rodr\u00edguez Alcaide<\/li><li>Ilmo. Sr. D. Josep Borrell Fontelles<\/li><\/ul><div>\u00a0<\/div><h1><span style=\"color: #008000;\">Acad\u00e9micos Supernumerarios<\/span><\/h1><ul><li>Ilmo. Sr. D. Manuel R\u00edos P\u00e9rez<\/li><li>Ilmo. Sr. D. Alfonso Rodr\u00edguez S\u00e1nchez de Alva<\/li><li>Ilmo. Sr. D. Jos\u00e9 Valles Ferrer<\/li><li>Ilmo. Sr. D. Francisco del R\u00edo Mu\u00f1oz<\/li><\/ul><div class=\"academicos-section\"><h1>\u00a0<\/h1><h1><span style=\"color: #008000;\">Acad\u00e9micos Correspondientes<\/span><\/h1><ul><li>Ilmo. Sr. D. Alain Berger<\/li><li>Ilmo. Sr. D. Pierre Delfau<\/li><li>Ilmo. Sr. Francisco Pe\u00f1a Casti\u00f1eira<\/li><li>Ilmo. Sr. D. Geoffrey J.D. Hewings<\/li><li>Ilmo. Sr. D. Ferr\u00e1n Sancho<\/li><li>Ilmo. Sr. D. Ant\u00f3n Costas Comesa\u00f1a<\/li><\/ul><\/div><div class=\"academicos-section\"><h1>\u00a0<\/h1><h1><span style=\"color: #008000;\">Acad\u00e9micos Electos<\/span><\/h1><ul><li>Ilmo. Sr. D. Braulio Medel C\u00e1mara<\/li><li>Ilma. Sra. D\u00f1a. Dolores Mu\u00f1oz Due\u00f1as<\/li><li>Ilma. Sra. D\u00f1a. Mar\u00eda del Carmen Oca\u00f1a Oca\u00f1a<\/li><li>Ilmo. Sr. D. Salvador Moreno Peralta<\/li><li>Ilma. Sra. D\u00f1a. Jer\u00f3nia Pons Pons<\/li><li>Ilma. Sra. D\u00f1a. Amparo Mar\u00eda M\u00e1rmol Conde<\/li><li>Ilma. Sra. D\u00f1a. Ana Mar\u00eda Orellana Cano<\/li><li>Ilma. Sra. D\u00f1a. Mercedes Castro Nu\u00f1o<\/li><li>Ilma. Sra. D\u00f1a. Pilar Manch\u00f3n Portillo<\/li><li>Ilma. Sra. D\u00f1a. Elvira Roca Barea<\/li><\/ul><h1>\u00a0<\/h1><h1><span style=\"color: #008000;\">Acad\u00e9micos Fallecidos<\/span><\/h1><ul><li>Ilmo. Sr. D. Gabriel Cano Garc\u00eda<\/li><li>Ilmo. Sr. D. Joaqu\u00edn Bosque Maurel<\/li><li>Ilmo. Sr. D. Juan Antonio Lacomba Abell\u00e1n<\/li><li>Ilmo. Sr. D. Eduardo Araque Jim\u00e9nez<\/li><li>Ilmo. Sr. D. Jos\u00e9 Luis Garc\u00eda Palacios<\/li><li>Ilmo. Sr. D. Jos\u00e9 Pedro P\u00e9rez Llorca<\/li><li>Ilmo. Sr. D. Manuel Clavero Ar\u00e9valo<\/li><li>Ilmo. Sr. D. Enrique Torres Bernier<\/li><li>Ilmo. Sr. D. Rafael Dom\u00ednguez Rodr\u00edguez<\/li><li>Ilmo. Sr. D. Jos\u00e9 Manuel Cuenca Toribio<\/li><\/ul><\/div><\/div>\t\t\t\t\t\t\t\t<\/div>\n\t\t\t\t<\/div>\n\t\t\t\t\t<\/div>\n\t\t<\/div>\n\t\t\t\t<div class=\"elementor-column elementor-col-50 elementor-top-column elementor-element elementor-element-2dec495\" data-id=\"2dec495\" data-element_type=\"column\">\n\t\t\t<div class=\"elementor-widget-wrap elementor-element-populated\">\n\t\t\t\t\t\t<div class=\"elementor-element elementor-element-82a7aa2 elementor-widget elementor-widget-image\" data-id=\"82a7aa2\" data-element_type=\"widget\" data-widget_type=\"image.default\">\n\t\t\t\t<div class=\"elementor-widget-container\">\n\t\t\t\t\t\t\t\t\t\t\t\t\t\t\t<img fetchpriority=\"high\" decoding=\"async\" width=\"1023\" height=\"920\" src=\"https:\/\/www.acacr.es\/wp-content\/uploads\/2025\/12\/cropped-Logo-ACACR-2.png\" class=\"attachment-large size-large wp-image-3213\" alt=\"\" srcset=\"https:\/\/www.acacr.es\/wp-content\/uploads\/2025\/12\/cropped-Logo-ACACR-2.png 1023w, https:\/\/www.acacr.es\/wp-content\/uploads\/2025\/12\/cropped-Logo-ACACR-2-300x270.png 300w, https:\/\/www.acacr.es\/wp-content\/uploads\/2025\/12\/cropped-Logo-ACACR-2-768x691.png 768w\" sizes=\"(max-width: 1023px) 100vw, 1023px\" \/>\t\t\t\t\t\t\t\t\t\t\t\t\t\t\t<\/div>\n\t\t\t\t<\/div>\n\t\t\t\t\t<\/div>\n\t\t<\/div>\n\t\t\t\t\t<\/div>\n\t\t<\/section>\n\t\t\t\t<section class=\"elementor-section elementor-top-section elementor-element elementor-element-8e5d1fe elementor-hidden-desktop elementor-section-boxed elementor-section-height-default elementor-section-height-default\" data-id=\"8e5d1fe\" data-element_type=\"section\">\n\t\t\t\t\t\t<div class=\"elementor-container elementor-column-gap-default\">\n\t\t\t\t\t<div class=\"elementor-column elementor-col-100 elementor-top-column elementor-element elementor-element-effa2dc\" data-id=\"effa2dc\" data-element_type=\"column\">\n\t\t\t<div class=\"elementor-widget-wrap elementor-element-populated\">\n\t\t\t\t\t\t<div class=\"elementor-element elementor-element-4b63bfb elementor-widget elementor-widget-text-editor\" data-id=\"4b63bfb\" data-element_type=\"widget\" data-widget_type=\"text-editor.default\">\n\t\t\t\t<div class=\"elementor-widget-container\">\n\t\t\t\t\t\t\t\t\t<h3><span style=\"color: #008000;\">Acad\u00e9micos de N\u00famero<\/span><\/h3><ul><li>Ilmo. Sr. D. Francisco Rodr\u00edguez Mart\u00ednez<\/li><li>Ilma. Sra. D\u00aa. Rosa Jord\u00e1 Borrell<\/li><li>Ilmo. Sr. D. Rafael Esteve Secall<\/li><li>Ilmo. Sr. D. Juan Antonio M\u00e1rquez Dom\u00ednguez<\/li><li>Ilmo. Sr. D. Jos\u00e9 Manuel Jurado Almonte<\/li><li>Ilmo. Sr. D. Andr\u00e9s Garc\u00eda Lorca<\/li><li>Ilmo. Sr. D. Alfonso Vargas S\u00e1nchez<\/li><li>Ilmo. Sr. D. Manuel Marchena G\u00f3mez<\/li><li>Ilmo. Sr. D. Manuel Alejandro Cardenete<\/li><li>Ilma. Sra. D\u00f1a. Carmen Mart\u00ednez Hern\u00e1ndez<\/li><li>Ilmo. Sr. D. Felipe Romera Lubias<\/li><li>Ilmo. Sr. D. Jos\u00e9 Antonio Camacho Ballesta<\/li><li>Ilmo. Sr. D. Fernando L\u00f3pez Mora<\/li><li>Ilmo. Sr. D. Manuel Garc\u00eda Fern\u00e1ndez<\/li><li>Ilmo. Sr. D. Santiago Carb\u00f3 Valverde<\/li><li>Excmo. Sr. D. Jos\u00e9 Ignacio Castillo Manzano<\/li><li>Ilmo. Sr. D. Rafael Jordano Salinas<\/li><li>Ilmo. Sr. D. Juan Francisco P\u00e9rez G\u00e1lvez<\/li><li>Ilmo. Sr. D. Alfonso de Julios Campuzano<\/li><li>Ilmo. Sr. D. Jos\u00e9 Domingo S\u00e1nchez Mart\u00ednez<\/li><li>Ilmo. Sr. D. Juan D\u00edez Garc\u00eda<\/li><li>Ilmo. Sr. D. Fernando Cruz-Conde y Su\u00e1rez de Tangil<\/li><li>Ilmo. Sr. D. Jos\u00e9 Pedro Alba Garc\u00eda<\/li><\/ul><div>\u00a0<\/div><div><h3><span style=\"color: #008000;\">Acad\u00e9micos de Honor<\/span><\/h3><ul><li>Ilmo. Sr. D. Antonio Rodero Franganillo<\/li><li>Ilmo. Sr. D. Javier Calatrava Requena<\/li><li>Ilmo. Sr. D. Juan Jim\u00e9nez Aguilar<\/li><li>Ilmo. Sr. D. Ram\u00f3n Tamames G\u00f3mez<\/li><li>Ilmo. Sr. D. Jos\u00e9 Javier Rodr\u00edguez Alcaide<\/li><li>Ilmo. Sr. D. Josep Borrell Fontelles<\/li><\/ul><div>\u00a0<\/div><h3><span style=\"color: #008000;\">Acad\u00e9micos Supernumerarios<\/span><\/h3><ul><li>Ilmo. Sr. D. Manuel R\u00edos P\u00e9rez<\/li><li>Ilmo. Sr. D. Alfonso Rodr\u00edguez S\u00e1nchez de Alva<\/li><li>Ilmo. Sr. D. Jos\u00e9 Valles Ferrer<\/li><li>Ilmo. Sr. D. Francisco del R\u00edo Mu\u00f1oz<\/li><\/ul><div class=\"academicos-section\"><h3><span style=\"color: #008000;\">Acad\u00e9micos Correspondientes<\/span><\/h3><ul><li>Ilmo. Sr. D. Alain Berger<\/li><li>Ilmo. Sr. D. Pierre Delfau<\/li><li>Ilmo. Sr. Francisco Pe\u00f1a Casti\u00f1eira<\/li><li>Ilmo. Sr. D. Geoffrey J.D. Hewings<\/li><li>Ilmo. Sr. D. Ferr\u00e1n Sancho<\/li><li>Ilmo. Sr. D. Ant\u00f3n Costas Comesa\u00f1a<\/li><\/ul><\/div><div class=\"academicos-section\"><h3><span style=\"color: #008000;\">Acad\u00e9micos Electos<\/span><\/h3><ul><li>Ilmo. Sr. D. Braulio Medel C\u00e1mara<\/li><li>Ilma. Sra. D\u00f1a. Dolores Mu\u00f1oz Due\u00f1as<\/li><li>Ilma. Sra. D\u00f1a. Mar\u00eda del Carmen Oca\u00f1a Oca\u00f1a<\/li><li>Ilmo. Sr. D. Salvador Moreno Peralta<\/li><li>Ilma. Sra. D\u00f1a. Jer\u00f3nia Pons Pons<\/li><li>Ilma. Sra. D\u00f1a. Amparo Mar\u00eda M\u00e1rmol Conde<\/li><li>Ilma. Sra. D\u00f1a. Ana Mar\u00eda Orellana Cano<\/li><li>Ilma. Sra. D\u00f1a. Mercedes Castro Nu\u00f1o<\/li><li>Ilma. Sra. D\u00f1a. Pilar Manch\u00f3n Portillo<\/li><li>Ilma. Sra. D\u00f1a. Elvira Roca Barea<\/li><\/ul><h3><span style=\"color: #008000;\">Acad\u00e9micos Fallecidos<\/span><\/h3><ul><li>Ilmo. Sr. D. Gabriel Cano Garc\u00eda<\/li><li>Ilmo. Sr. D. Joaqu\u00edn Bosque Maurel<\/li><li>Ilmo. Sr. D. Juan Antonio Lacomba Abell\u00e1n<\/li><li>Ilmo. Sr. D. Eduardo Araque Jim\u00e9nez<\/li><li>Ilmo. Sr. D. Jos\u00e9 Luis Garc\u00eda Palacios<\/li><li>Ilmo. Sr. D. Jos\u00e9 Pedro P\u00e9rez Llorca<\/li><li>Ilmo. Sr. D. Manuel Clavero Ar\u00e9valo<\/li><li>Ilmo. Sr. D. Enrique Torres Bernier<\/li><li>Ilmo. Sr. D. Rafael Dom\u00ednguez Rodr\u00edguez<\/li><li>Ilmo. Sr. D. Jos\u00e9 Manuel Cuenca Toribio<\/li><\/ul><\/div><\/div>\t\t\t\t\t\t\t\t<\/div>\n\t\t\t\t<\/div>\n\t\t\t\t\t<\/div>\n\t\t<\/div>\n\t\t\t\t\t<\/div>\n\t\t<\/section>\n\t\t\t\t<section class=\"elementor-section elementor-top-section elementor-element elementor-element-5a771bc4 elementor-section-boxed elementor-section-height-default elementor-section-height-default\" data-id=\"5a771bc4\" data-element_type=\"section\">\n\t\t\t\t\t\t<div class=\"elementor-container elementor-column-gap-default\">\n\t\t\t\t\t<div class=\"elementor-column elementor-col-25 elementor-top-column elementor-element elementor-element-4f1f95b3\" data-id=\"4f1f95b3\" data-element_type=\"column\">\n\t\t\t<div class=\"elementor-widget-wrap elementor-element-populated\">\n\t\t\t\t\t\t<div class=\"elementor-element elementor-element-c7c9c68 elementor-widget elementor-widget-image\" data-id=\"c7c9c68\" data-element_type=\"widget\" data-widget_type=\"image.default\">\n\t\t\t\t<div class=\"elementor-widget-container\">\n\t\t\t\t\t\t\t\t\t\t\t\t\t\t\t<img decoding=\"async\" width=\"426\" height=\"118\" src=\"https:\/\/www.acacr.es\/wp-content\/uploads\/2020\/12\/gobespa2.png\" class=\"attachment-large size-large wp-image-722\" alt=\"\" srcset=\"https:\/\/www.acacr.es\/wp-content\/uploads\/2020\/12\/gobespa2.png 426w, https:\/\/www.acacr.es\/wp-content\/uploads\/2020\/12\/gobespa2-300x83.png 300w\" sizes=\"(max-width: 426px) 100vw, 426px\" \/>\t\t\t\t\t\t\t\t\t\t\t\t\t\t\t<\/div>\n\t\t\t\t<\/div>\n\t\t\t\t\t<\/div>\n\t\t<\/div>\n\t\t\t\t<div class=\"elementor-column elementor-col-25 elementor-top-column elementor-element elementor-element-530b3f04\" data-id=\"530b3f04\" data-element_type=\"column\">\n\t\t\t<div class=\"elementor-widget-wrap elementor-element-populated\">\n\t\t\t\t\t\t<div class=\"elementor-element elementor-element-7a6fa31b elementor-widget elementor-widget-image\" data-id=\"7a6fa31b\" data-element_type=\"widget\" data-widget_type=\"image.default\">\n\t\t\t\t<div class=\"elementor-widget-container\">\n\t\t\t\t\t\t\t\t\t\t\t\t\t\t\t<img decoding=\"async\" width=\"988\" height=\"384\" src=\"https:\/\/www.acacr.es\/wp-content\/uploads\/2021\/03\/mcei.jpg\" class=\"attachment-large size-large wp-image-1077\" alt=\"\" srcset=\"https:\/\/www.acacr.es\/wp-content\/uploads\/2021\/03\/mcei.jpg 988w, https:\/\/www.acacr.es\/wp-content\/uploads\/2021\/03\/mcei-300x117.jpg 300w, https:\/\/www.acacr.es\/wp-content\/uploads\/2021\/03\/mcei-768x298.jpg 768w\" sizes=\"(max-width: 988px) 100vw, 988px\" \/>\t\t\t\t\t\t\t\t\t\t\t\t\t\t\t<\/div>\n\t\t\t\t<\/div>\n\t\t\t\t\t<\/div>\n\t\t<\/div>\n\t\t\t\t<div class=\"elementor-column elementor-col-25 elementor-top-column elementor-element elementor-element-5667764a\" data-id=\"5667764a\" data-element_type=\"column\">\n\t\t\t<div class=\"elementor-widget-wrap elementor-element-populated\">\n\t\t\t\t\t\t<div class=\"elementor-element elementor-element-308cb2d6 elementor-widget elementor-widget-image\" data-id=\"308cb2d6\" data-element_type=\"widget\" data-widget_type=\"image.default\">\n\t\t\t\t<div class=\"elementor-widget-container\">\n\t\t\t\t\t\t\t\t\t\t\t\t\t\t\t<img loading=\"lazy\" decoding=\"async\" width=\"2048\" height=\"1148\" src=\"https:\/\/www.acacr.es\/wp-content\/uploads\/2020\/12\/logo-Junta-2-2048x1148.png\" class=\"attachment-2048x2048 size-2048x2048 wp-image-719\" alt=\"\" srcset=\"https:\/\/www.acacr.es\/wp-content\/uploads\/2020\/12\/logo-Junta-2-2048x1148.png 2048w, https:\/\/www.acacr.es\/wp-content\/uploads\/2020\/12\/logo-Junta-2-300x168.png 300w, https:\/\/www.acacr.es\/wp-content\/uploads\/2020\/12\/logo-Junta-2-1024x574.png 1024w, https:\/\/www.acacr.es\/wp-content\/uploads\/2020\/12\/logo-Junta-2-768x430.png 768w, https:\/\/www.acacr.es\/wp-content\/uploads\/2020\/12\/logo-Junta-2-1536x861.png 1536w, https:\/\/www.acacr.es\/wp-content\/uploads\/2020\/12\/logo-Junta-2-1320x740.png 1320w\" sizes=\"(max-width: 2048px) 100vw, 2048px\" \/>\t\t\t\t\t\t\t\t\t\t\t\t\t\t\t<\/div>\n\t\t\t\t<\/div>\n\t\t\t\t\t<\/div>\n\t\t<\/div>\n\t\t\t\t<div class=\"elementor-column elementor-col-25 elementor-top-column elementor-element elementor-element-12e44a57\" data-id=\"12e44a57\" data-element_type=\"column\">\n\t\t\t<div class=\"elementor-widget-wrap elementor-element-populated\">\n\t\t\t\t\t\t<div class=\"elementor-element elementor-element-3e7c1724 elementor-widget elementor-widget-image\" data-id=\"3e7c1724\" data-element_type=\"widget\" data-widget_type=\"image.default\">\n\t\t\t\t<div class=\"elementor-widget-container\">\n\t\t\t\t\t\t\t\t\t\t\t\t\t\t\t<img loading=\"lazy\" decoding=\"async\" width=\"300\" height=\"255\" src=\"https:\/\/www.acacr.es\/wp-content\/uploads\/2020\/12\/logoue-300x255.png\" class=\"attachment-medium size-medium wp-image-723\" alt=\"\" srcset=\"https:\/\/www.acacr.es\/wp-content\/uploads\/2020\/12\/logoue-300x255.png 300w, https:\/\/www.acacr.es\/wp-content\/uploads\/2020\/12\/logoue-1024x870.png 1024w, https:\/\/www.acacr.es\/wp-content\/uploads\/2020\/12\/logoue-768x653.png 768w, https:\/\/www.acacr.es\/wp-content\/uploads\/2020\/12\/logoue-1320x1122.png 1320w, https:\/\/www.acacr.es\/wp-content\/uploads\/2020\/12\/logoue.png 1446w\" sizes=\"(max-width: 300px) 100vw, 300px\" \/>\t\t\t\t\t\t\t\t\t\t\t\t\t\t\t<\/div>\n\t\t\t\t<\/div>\n\t\t\t\t\t<\/div>\n\t\t<\/div>\n\t\t\t\t\t<\/div>\n\t\t<\/section>\n\t\t\t\t<\/div>\n\t\t","protected":false},"excerpt":{"rendered":"<p>Acad\u00e9micos de N\u00famero Ilmo. Sr. D. Francisco Rodr\u00edguez Mart\u00ednez Ilma. Sra. D\u00aa. Rosa Jord\u00e1 Borrell Ilmo. Sr. D. Rafael Esteve Secall Ilmo. Sr. D. Juan Antonio M\u00e1rquez Dom\u00ednguez Ilmo. Sr. D. Jos\u00e9 Manuel Jurado Almonte Ilmo. Sr. D. Andr\u00e9s Garc\u00eda Lorca Ilmo. Sr. D. Alfonso Vargas S\u00e1nchez Ilmo. Sr. D. Manuel Marchena G\u00f3mez Ilmo. Sr. [&hellip;]<\/p>\n","protected":false},"author":1,"featured_media":0,"parent":0,"menu_order":0,"comment_status":"closed","ping_status":"closed","template":"","meta":{"advgb_blocks_editor_width":"","advgb_blocks_columns_visual_guide":"","ocean_post_layout":"full-width","ocean_both_sidebars_style":"","ocean_both_sidebars_content_width":0,"ocean_both_sidebars_sidebars_width":0,"ocean_sidebar":"0","ocean_second_sidebar":"0","ocean_disable_margins":"on","ocean_add_body_class":"","ocean_shortcode_before_top_bar":"","ocean_shortcode_after_top_bar":"","ocean_shortcode_before_header":"","ocean_shortcode_after_header":"","ocean_has_shortcode":"","ocean_shortcode_after_title":"","ocean_shortcode_before_footer_widgets":"","ocean_shortcode_after_footer_widgets":"","ocean_shortcode_before_footer_bottom":"","ocean_shortcode_after_footer_bottom":"","ocean_display_top_bar":"default","ocean_display_header":"default","ocean_header_style":"","ocean_center_header_left_menu":"0","ocean_custom_header_template":"0","ocean_custom_logo":0,"ocean_custom_retina_logo":0,"ocean_custom_logo_max_width":0,"ocean_custom_logo_tablet_max_width":0,"ocean_custom_logo_mobile_max_width":0,"ocean_custom_logo_max_height":0,"ocean_custom_logo_tablet_max_height":0,"ocean_custom_logo_mobile_max_height":0,"ocean_header_custom_menu":"0","ocean_menu_typo_font_family":"0","ocean_menu_typo_font_subset":"","ocean_menu_typo_font_size":0,"ocean_menu_typo_font_size_tablet":0,"ocean_menu_typo_font_size_mobile":0,"ocean_menu_typo_font_size_unit":"px","ocean_menu_typo_font_weight":"","ocean_menu_typo_font_weight_tablet":"","ocean_menu_typo_font_weight_mobile":"","ocean_menu_typo_transform":"","ocean_menu_typo_transform_tablet":"","ocean_menu_typo_transform_mobile":"","ocean_menu_typo_line_height":0,"ocean_menu_typo_line_height_tablet":0,"ocean_menu_typo_line_height_mobile":0,"ocean_menu_typo_line_height_unit":"","ocean_menu_typo_spacing":0,"ocean_menu_typo_spacing_tablet":0,"ocean_menu_typo_spacing_mobile":0,"ocean_menu_typo_spacing_unit":"","ocean_menu_link_color":"","ocean_menu_link_color_hover":"","ocean_menu_link_color_active":"","ocean_menu_link_background":"","ocean_menu_link_hover_background":"","ocean_menu_link_active_background":"","ocean_menu_social_links_bg":"","ocean_menu_social_hover_links_bg":"","ocean_menu_social_links_color":"","ocean_menu_social_hover_links_color":"","ocean_disable_title":"default","ocean_disable_heading":"default","ocean_post_title":"","ocean_post_subheading":"","ocean_post_title_style":"","ocean_post_title_background_color":"","ocean_post_title_background":0,"ocean_post_title_bg_image_position":"","ocean_post_title_bg_image_attachment":"","ocean_post_title_bg_image_repeat":"","ocean_post_title_bg_image_size":"","ocean_post_title_height":0,"ocean_post_title_bg_overlay":0.5,"ocean_post_title_bg_overlay_color":"","ocean_disable_breadcrumbs":"default","ocean_breadcrumbs_color":"","ocean_breadcrumbs_separator_color":"","ocean_breadcrumbs_links_color":"","ocean_breadcrumbs_links_hover_color":"","ocean_display_footer_widgets":"default","ocean_display_footer_bottom":"default","ocean_custom_footer_template":"0","footnotes":""},"class_list":["post-2359","page","type-page","status-publish","hentry","entry"],"coauthors":[],"author_meta":{"author_link":"https:\/\/www.acacr.es\/?author=1","display_name":"Acacr"},"relative_dates":{"created":"Publicado 3 a\u00f1os hace","modified":"Actualizado 4 horas hace"},"absolute_dates":{"created":"Publicado el 29 septiembre 2023","modified":"Actualizado el 17 abril 2026"},"absolute_dates_time":{"created":"Publicado el 29 septiembre 2023 16:25","modified":"Actualizado el 17 abril 2026 12:32"},"featured_img_caption":"","featured_img":false,"series_order":"","_links":{"self":[{"href":"https:\/\/www.acacr.es\/index.php?rest_route=\/wp\/v2\/pages\/2359","targetHints":{"allow":["GET"]}}],"collection":[{"href":"https:\/\/www.acacr.es\/index.php?rest_route=\/wp\/v2\/pages"}],"about":[{"href":"https:\/\/www.acacr.es\/index.php?rest_route=\/wp\/v2\/types\/page"}],"author":[{"embeddable":true,"href":"https:\/\/www.acacr.es\/index.php?rest_route=\/wp\/v2\/users\/1"}],"replies":[{"embeddable":true,"href":"https:\/\/www.acacr.es\/index.php?rest_route=%2Fwp%2Fv2%2Fcomments&post=2359"}],"version-history":[{"count":41,"href":"https:\/\/www.acacr.es\/index.php?rest_route=\/wp\/v2\/pages\/2359\/revisions"}],"predecessor-version":[{"id":3862,"href":"https:\/\/www.acacr.es\/index.php?rest_route=\/wp\/v2\/pages\/2359\/revisions\/3862"}],"wp:attachment":[{"href":"https:\/\/www.acacr.es\/index.php?rest_route=%2Fwp%2Fv2%2Fmedia&parent=2359"}],"curies":[{"name":"wp","href":"https:\/\/api.w.org\/{rel}","templated":true}]}}