{"id":2450,"date":"2023-12-04T19:14:02","date_gmt":"2023-12-04T19:14:02","guid":{"rendered":"https:\/\/www.acacr.es\/?page_id=2450"},"modified":"2024-01-26T12:18:21","modified_gmt":"2024-01-26T12:18:21","slug":"congresocies-2024","status":"publish","type":"page","link":"https:\/\/www.acacr.es\/?page_id=2450","title":{"rendered":"Congreso &#8211; CIES 2024"},"content":{"rendered":"\t\t<div data-elementor-type=\"wp-page\" data-elementor-id=\"2450\" class=\"elementor elementor-2450\">\n\t\t\t\t\t\t<section class=\"elementor-section elementor-top-section elementor-element elementor-element-5914ddb elementor-section-stretched elementor-section-boxed elementor-section-height-default elementor-section-height-default\" data-id=\"5914ddb\" data-element_type=\"section\" data-settings=\"{&quot;stretch_section&quot;:&quot;section-stretched&quot;}\">\n\t\t\t\t\t\t<div class=\"elementor-container elementor-column-gap-default\">\n\t\t\t\t\t<div class=\"elementor-column elementor-col-100 elementor-top-column elementor-element elementor-element-3f92bd7\" data-id=\"3f92bd7\" data-element_type=\"column\">\n\t\t\t<div class=\"elementor-widget-wrap elementor-element-populated\">\n\t\t\t\t\t\t<div class=\"elementor-element elementor-element-ea91872 elementor-widget elementor-widget-text-editor\" data-id=\"ea91872\" data-element_type=\"widget\" data-widget_type=\"text-editor.default\">\n\t\t\t\t<div class=\"elementor-widget-container\">\n\t\t\t\t\t\t\t\t\t<p class=\"MsoNormal\" style=\"margin: 0cm; font-size: 12pt; font-family: 'Liberation Serif', serif; color: #000000; font-style: normal; font-variant-ligatures: normal; font-variant-caps: normal; font-weight: 400; text-align: center;\" align=\"center\"><b><u><span style=\"font-family: Arial, sans-serif;\"><img decoding=\"async\" class=\"wp-image-329 aligncenter\" src=\"https:\/\/www.acacr.es\/wp-content\/uploads\/2020\/10\/logo-academia-osc.png\" alt=\"\" width=\"128\" height=\"129\" srcset=\"https:\/\/www.acacr.es\/wp-content\/uploads\/2020\/10\/logo-academia-osc.png 203w, https:\/\/www.acacr.es\/wp-content\/uploads\/2020\/10\/logo-academia-osc-150x150.png 150w\" sizes=\"(max-width: 128px) 100vw, 128px\" \/><br \/><\/span><\/u><\/b><\/p><h2 align=\"center\"><span style=\"text-decoration: underline;\">CONGRESO INTERNACIONAL DE ECONOM\u00cdA SOCIAL &#8211; CIES 2024<\/span><\/h2><p class=\"MsoNormal\" style=\"margin: 0cm; font-size: 12pt; font-family: 'Liberation Serif', serif; color: #000000; font-style: normal; font-variant-ligatures: normal; font-variant-caps: normal; font-weight: 400;\"><span style=\"font-family: Arial, sans-serif;\">\u00a0<\/span><\/p><p class=\"MsoNormal\" style=\"margin: 0cm; font-size: 12pt; font-family: 'Liberation Serif', serif; color: #000000; font-style: normal; font-variant-ligatures: normal; font-variant-caps: normal; font-weight: 400;\"><span style=\"font-family: Arial, sans-serif;\">\u00a0<\/span><\/p><p class=\"MsoNormal\" style=\"margin: 0cm; font-size: 12pt; font-family: 'Liberation Serif', serif; color: #000000; font-style: normal; font-variant-ligatures: normal; font-variant-caps: normal; font-weight: 400; text-align: justify;\"><span style=\"font-family: Arial, sans-serif;\">Convoca y Organiza: <strong>Academia Andaluza de Ciencia Regional<\/strong><\/span><\/p><p class=\"MsoNormal\" style=\"margin: 0cm; font-size: 12pt; font-family: 'Liberation Serif', serif; color: #000000; font-style: normal; font-variant-ligatures: normal; font-variant-caps: normal; font-weight: 400; text-align: justify;\"><span style=\"font-family: Arial, sans-serif;\">\u00a0<\/span><\/p><p class=\"MsoNormal\" style=\"margin: 0cm; font-size: 12pt; font-family: 'Liberation Serif', serif; color: #000000; font-style: normal; font-variant-ligatures: normal; font-variant-caps: normal; font-weight: 400; text-align: justify;\"><span style=\"font-family: Arial, sans-serif;\">Colaboradores:<\/span><\/p><p class=\"MsoNormal\" style=\"margin: 0cm; font-size: 12pt; font-family: 'Liberation Serif', serif; color: #000000; font-style: normal; font-variant-ligatures: normal; font-variant-caps: normal; font-weight: 400; text-align: justify;\"><span style=\"font-family: Arial, sans-serif;\">Colegio Oficial de Graduados Sociales de Sevilla;<\/span><\/p><p class=\"MsoNormal\" style=\"margin: 0cm; font-size: 12pt; font-family: 'Liberation Serif', serif; color: #000000; font-style: normal; font-variant-ligatures: normal; font-variant-caps: normal; font-weight: 400; text-align: justify;\"><span style=\"font-family: Arial, sans-serif;\">Facultad de Ciencias del Trabajo de la Universidad de Sevilla;<\/span><\/p><p class=\"MsoNormal\" style=\"margin: 0cm; font-size: 12pt; font-family: 'Liberation Serif', serif; color: #000000; font-style: normal; font-variant-ligatures: normal; font-variant-caps: normal; font-weight: 400; text-align: justify;\"><span style=\"font-family: Arial, sans-serif;\">Escuela de Econom\u00eda Social;<\/span><\/p><p class=\"MsoNormal\" style=\"margin: 0cm; font-size: 12pt; font-family: 'Liberation Serif', serif; color: #000000; font-style: normal; font-variant-ligatures: normal; font-variant-caps: normal; font-weight: 400; text-align: justify;\"><span style=\"font-family: Arial, sans-serif;\">Revista Alternativas Econ\u00f3micas;<\/span><\/p><p class=\"MsoNormal\" style=\"margin: 0cm; font-size: 12pt; font-family: 'Liberation Serif', serif; color: #000000; font-style: normal; font-variant-ligatures: normal; font-variant-caps: normal; font-weight: 400; text-align: justify;\"><span style=\"font-family: Arial, sans-serif;\">Instituto de Desarrollo. Fundaci\u00f3n ETEA (Universidad Loyola Andaluc\u00eda); FonRedess<\/span><\/p><p class=\"MsoNormal\" style=\"margin: 0cm; font-size: 12pt; font-family: 'Liberation Serif', serif; color: #000000; font-style: normal; font-variant-ligatures: normal; font-variant-caps: normal; font-weight: 400; text-align: justify;\"><span style=\"font-family: Arial, sans-serif;\">\u00a0<\/span><\/p><p class=\"MsoNormal\" style=\"margin: 0cm; font-size: 12pt; font-family: 'Liberation Serif', serif; color: #000000; font-style: normal; font-variant-ligatures: normal; font-variant-caps: normal; font-weight: 400; text-align: justify;\"><strong><span style=\"font-family: Arial, sans-serif;\">Fecha de Celebraci\u00f3n: 13, 14 y 15 de marzo de 2024<\/span><\/strong><\/p><p class=\"MsoNormal\" style=\"margin: 0cm; font-size: 12pt; font-family: 'Liberation Serif', serif; color: #000000; font-style: normal; font-variant-ligatures: normal; font-variant-caps: normal; font-weight: 400; text-align: justify;\"><strong><span style=\"font-family: Arial, sans-serif;\">\u00a0<\/span><\/strong><\/p><p class=\"MsoNormal\" style=\"margin: 0cm; font-size: 12pt; font-family: 'Liberation Serif', serif; color: #000000; font-style: normal; font-variant-ligatures: normal; font-variant-caps: normal; font-weight: 400; text-align: justify;\"><span style=\"font-family: Arial, sans-serif;\">Lugar de celebraci\u00f3n : <span style=\"text-decoration: underline;\"><strong>Colegio Oficial de Graduados Sociales de Sevilla<\/strong><\/span><\/span><\/p><p class=\"MsoNormal\" style=\"margin: 0cm; font-size: 12pt; font-family: 'Liberation Serif', serif; color: #000000; font-style: normal; font-variant-ligatures: normal; font-variant-caps: normal; font-weight: 400; text-align: justify;\">\u00a0<\/p>\t\t\t\t\t\t\t\t<\/div>\n\t\t\t\t<\/div>\n\t\t\t\t\t<\/div>\n\t\t<\/div>\n\t\t\t\t\t<\/div>\n\t\t<\/section>\n\t\t\t\t<section class=\"elementor-section elementor-top-section elementor-element elementor-element-3f5783b2 elementor-section-stretched elementor-section-boxed elementor-section-height-default elementor-section-height-default\" data-id=\"3f5783b2\" data-element_type=\"section\" data-settings=\"{&quot;background_background&quot;:&quot;classic&quot;,&quot;stretch_section&quot;:&quot;section-stretched&quot;}\">\n\t\t\t\t\t\t\t<div class=\"elementor-background-overlay\"><\/div>\n\t\t\t\t\t\t\t<div class=\"elementor-container elementor-column-gap-default\">\n\t\t\t\t\t<div class=\"elementor-column elementor-col-100 elementor-top-column elementor-element elementor-element-3a2d65af\" data-id=\"3a2d65af\" data-element_type=\"column\">\n\t\t\t<div class=\"elementor-widget-wrap elementor-element-populated\">\n\t\t\t\t\t\t<div class=\"elementor-element elementor-element-b4bfb99 elementor-widget elementor-widget-text-editor\" data-id=\"b4bfb99\" data-element_type=\"widget\" data-widget_type=\"text-editor.default\">\n\t\t\t\t<div class=\"elementor-widget-container\">\n\t\t\t\t\t\t\t\t\t<p style=\"text-align: center;\"><strong>\u00a0<\/strong><\/p><h2><strong>\u00c1reas Tem\u00e1ticas de Trabajo:<\/strong><\/h2><div><strong>\u00a0<\/strong><\/div><p>Las principales \u00e1reas de trabajo en Econom\u00eda Social (Econom\u00eda Social y Solidaria) son las siguientes:<\/p><p>1.- A\u00f1o Europeo de las competencias: metodolog\u00eda de los avances y transformaciones, tanto conceptuales como emp\u00edricas.<\/p><p>2.- Finanzas \u00c9ticas.<\/p><p>3.- Transici\u00f3n verde y digital del ecosistema.<\/p><p>4.- Renta b\u00e1sica.<\/p><p>5.- Emprendimiento empresarial (pymes, micropymes, aut\u00f3nomos y empresas de inserci\u00f3n).<\/p><p>6.- Movimientos migratorios y cooperaci\u00f3n internacional.<\/p><p>7.- Juventud, Mujer, valores comunes.<\/p><p>8.- Nueva Agenda Urbana y Rural.<\/p><p>9.- Los retos del cooperativismo.<\/p><p>10.- El futuro de la Econom\u00eda Social (Econom\u00eda Social y Solidaria). Visibilidad y Comunicaci\u00f3n.<\/p><p><em>\u00a0<\/em><\/p><p><em>Fuente: Resoluci\u00f3n de Naciones Unidas sobre Econom\u00eda Social y Solidaria; Plan de Acci\u00f3n Europeo de Econom\u00eda Social; Ministerio de Trabajo y Econom\u00eda Social; Consejer\u00eda de Empleo, Empresa y Trabajo Aut\u00f3nomo; Consejer\u00eda de Inclusi\u00f3n Social, Juventud, Familias e Igualdad y Plan Andaluz de Investigaci\u00f3n, Desarrollo e Innovaci\u00f3n (PAIDI).<\/em><\/p>\t\t\t\t\t\t\t\t<\/div>\n\t\t\t\t<\/div>\n\t\t\t\t\t<\/div>\n\t\t<\/div>\n\t\t\t\t\t<\/div>\n\t\t<\/section>\n\t\t\t\t<section class=\"elementor-section elementor-top-section elementor-element elementor-element-21b3447 elementor-section-stretched elementor-section-boxed elementor-section-height-default elementor-section-height-default\" data-id=\"21b3447\" data-element_type=\"section\" data-settings=\"{&quot;background_background&quot;:&quot;classic&quot;,&quot;stretch_section&quot;:&quot;section-stretched&quot;}\">\n\t\t\t\t\t\t\t<div class=\"elementor-background-overlay\"><\/div>\n\t\t\t\t\t\t\t<div class=\"elementor-container elementor-column-gap-default\">\n\t\t\t\t\t<div class=\"elementor-column elementor-col-100 elementor-top-column elementor-element elementor-element-064fcbd\" data-id=\"064fcbd\" data-element_type=\"column\">\n\t\t\t<div class=\"elementor-widget-wrap elementor-element-populated\">\n\t\t\t\t\t\t<div class=\"elementor-element elementor-element-30024e2 elementor-widget elementor-widget-text-editor\" data-id=\"30024e2\" data-element_type=\"widget\" data-widget_type=\"text-editor.default\">\n\t\t\t\t<div class=\"elementor-widget-container\">\n\t\t\t\t\t\t\t\t\t<p style=\"text-align: center;\"><strong>&nbsp;<\/strong><\/p>\n<h2><strong>Cronograma del Congreso:<\/strong><\/h2>\n<h2>&nbsp;<\/h2>\n<p>15 de febrero \u2013 Fecha L\u00edmite Recepci\u00f3n de Res\u00famenes<\/p>\n<p>20 de febrero \u2013 Notificaci\u00f3n de Res\u00famenes aceptados<\/p>\n<p>27 de febrero \u2013 Fecha L\u00edmite para recepci\u00f3n de Comunicaciones \/ Ponencias<\/p>\n<h2><br><\/h2>\n<p>5 de marzo \u2013 Fecha L\u00edmite para recepci\u00f3n de Comunicaciones\/Ponencias completas<\/p>\n<p>10 de marzo \u2013 L\u00edmite final de Inscripciones<\/p>\n<p>13 de marzo \u2013 Inicio del Congreso Internacional de Econom\u00eda Social \u2013 CIES-2024<\/p>\n<p><br><\/p>\n<p><strong>Inscripciones al Congreso <\/strong><\/p>\n<p>Ver apartado de Inscripciones.<\/p>\n<p><strong>Pautas para Participar en el Congreso<\/strong><\/p>\n<p>Las normas para el env\u00edo de <strong>res\u00famenes y comunicaciones<\/strong>&nbsp;son las siguientes:<\/p>\n<p><u>Res\u00famenes:<\/u><\/p>\n<p>Deber\u00e1n estar en&nbsp;formato Times New Roman 12 e interlineado sencillo, haciendo constar t\u00edtulo, autor, lugar de trabajo&nbsp;y&nbsp;direcci\u00f3n de correo electr\u00f3nico.<\/p>\n<p>El T\u00edtulo no debe superar los 120 caracteres; el Resumen no debe superar el m\u00e1ximo de 400 palabras. Incorporar como m\u00e1ximo 5 palabras clave.<\/p>\n<p><u>Comunicaciones:<\/u><\/p>\n<p>Deber\u00e1n estar en&nbsp;formato Times New Roman 12 e interlineado sencillo, haciendo constar t\u00edtulo, autor, lugar de trabajo&nbsp;y&nbsp;direcci\u00f3n de correo electr\u00f3nico.<\/p>\n<p><strong>Presentaci\u00f3n de Res\u00famenes y Comunicaciones<\/strong><\/p>\n<p>Ver apartado de Call For Papers<\/p>\t\t\t\t\t\t\t\t<\/div>\n\t\t\t\t<\/div>\n\t\t\t\t\t<\/div>\n\t\t<\/div>\n\t\t\t\t\t<\/div>\n\t\t<\/section>\n\t\t\t\t<section class=\"elementor-section elementor-top-section elementor-element elementor-element-295a8eb9 elementor-section-boxed elementor-section-height-default elementor-section-height-default\" data-id=\"295a8eb9\" data-element_type=\"section\">\n\t\t\t\t\t\t<div class=\"elementor-container elementor-column-gap-default\">\n\t\t\t\t\t<div class=\"elementor-column elementor-col-100 elementor-top-column elementor-element elementor-element-8a9b820\" data-id=\"8a9b820\" data-element_type=\"column\">\n\t\t\t<div class=\"elementor-widget-wrap elementor-element-populated\">\n\t\t\t\t\t\t<div class=\"elementor-element elementor-element-4654d19c elementor-widget elementor-widget-text-editor\" data-id=\"4654d19c\" data-element_type=\"widget\" data-widget_type=\"text-editor.default\">\n\t\t\t\t<div class=\"elementor-widget-container\">\n\t\t\t\t\t\t\t\t\t<table border=\"0\" width=\"900\" cellspacing=\"0\" cellpadding=\"0\" align=\"center\" bgcolor=\"#FFFFFF\">\n<tbody>\n<tr bgcolor=\"#FFFFFF\">\n<td style=\"text-align: center;\" valign=\"top\" bgcolor=\"#FFFFFF\"><span>La Academia Andaluza de Ciencia Regional (ACACR) se crea por Decreto 383\/2009 de 9 de diciembre, en el marco de la Ley Andaluza de la Ciencia y el Conocimiento del 3 de diciembre de 2007.<\/span><\/td>\n<\/tr>\n<\/tbody>\n<\/table>\t\t\t\t\t\t\t\t<\/div>\n\t\t\t\t<\/div>\n\t\t\t\t\t<\/div>\n\t\t<\/div>\n\t\t\t\t\t<\/div>\n\t\t<\/section>\n\t\t\t\t<\/div>\n\t\t","protected":false},"excerpt":{"rendered":"<p>CONGRESO INTERNACIONAL DE ECONOM\u00cdA SOCIAL &#8211; CIES 2024 \u00a0 \u00a0 Convoca y Organiza: Academia Andaluza de Ciencia Regional \u00a0 Colaboradores: Colegio Oficial de Graduados Sociales de Sevilla; Facultad de Ciencias del Trabajo de la Universidad de Sevilla; Escuela de Econom\u00eda Social; Revista Alternativas Econ\u00f3micas; Instituto de Desarrollo. Fundaci\u00f3n ETEA (Universidad Loyola Andaluc\u00eda); FonRedess \u00a0 Fecha [&hellip;]<\/p>\n","protected":false},"author":1,"featured_media":0,"parent":0,"menu_order":0,"comment_status":"closed","ping_status":"closed","template":"","meta":{"advgb_blocks_editor_width":"","advgb_blocks_columns_visual_guide":"","ocean_post_layout":"full-width","ocean_both_sidebars_style":"","ocean_both_sidebars_content_width":0,"ocean_both_sidebars_sidebars_width":0,"ocean_sidebar":"0","ocean_second_sidebar":"0","ocean_disable_margins":"on","ocean_add_body_class":"","ocean_shortcode_before_top_bar":"","ocean_shortcode_after_top_bar":"","ocean_shortcode_before_header":"","ocean_shortcode_after_header":"","ocean_has_shortcode":"","ocean_shortcode_after_title":"","ocean_shortcode_before_footer_widgets":"","ocean_shortcode_after_footer_widgets":"","ocean_shortcode_before_footer_bottom":"","ocean_shortcode_after_footer_bottom":"","ocean_display_top_bar":"default","ocean_display_header":"default","ocean_header_style":"","ocean_center_header_left_menu":"0","ocean_custom_header_template":"0","ocean_custom_logo":0,"ocean_custom_retina_logo":0,"ocean_custom_logo_max_width":0,"ocean_custom_logo_tablet_max_width":0,"ocean_custom_logo_mobile_max_width":0,"ocean_custom_logo_max_height":0,"ocean_custom_logo_tablet_max_height":0,"ocean_custom_logo_mobile_max_height":0,"ocean_header_custom_menu":"0","ocean_menu_typo_font_family":"0","ocean_menu_typo_font_subset":"","ocean_menu_typo_font_size":0,"ocean_menu_typo_font_size_tablet":0,"ocean_menu_typo_font_size_mobile":0,"ocean_menu_typo_font_size_unit":"px","ocean_menu_typo_font_weight":"","ocean_menu_typo_font_weight_tablet":"","ocean_menu_typo_font_weight_mobile":"","ocean_menu_typo_transform":"","ocean_menu_typo_transform_tablet":"","ocean_menu_typo_transform_mobile":"","ocean_menu_typo_line_height":0,"ocean_menu_typo_line_height_tablet":0,"ocean_menu_typo_line_height_mobile":0,"ocean_menu_typo_line_height_unit":"","ocean_menu_typo_spacing":0,"ocean_menu_typo_spacing_tablet":0,"ocean_menu_typo_spacing_mobile":0,"ocean_menu_typo_spacing_unit":"","ocean_menu_link_color":"","ocean_menu_link_color_hover":"","ocean_menu_link_color_active":"","ocean_menu_link_background":"","ocean_menu_link_hover_background":"","ocean_menu_link_active_background":"","ocean_menu_social_links_bg":"","ocean_menu_social_hover_links_bg":"","ocean_menu_social_links_color":"","ocean_menu_social_hover_links_color":"","ocean_disable_title":"default","ocean_disable_heading":"default","ocean_post_title":"","ocean_post_subheading":"","ocean_post_title_style":"","ocean_post_title_background_color":"","ocean_post_title_background":0,"ocean_post_title_bg_image_position":"","ocean_post_title_bg_image_attachment":"","ocean_post_title_bg_image_repeat":"","ocean_post_title_bg_image_size":"","ocean_post_title_height":0,"ocean_post_title_bg_overlay":0.5,"ocean_post_title_bg_overlay_color":"","ocean_disable_breadcrumbs":"default","ocean_breadcrumbs_color":"","ocean_breadcrumbs_separator_color":"","ocean_breadcrumbs_links_color":"","ocean_breadcrumbs_links_hover_color":"","ocean_display_footer_widgets":"default","ocean_display_footer_bottom":"default","ocean_custom_footer_template":"0","footnotes":""},"class_list":["post-2450","page","type-page","status-publish","hentry","entry"],"coauthors":[],"author_meta":{"author_link":"https:\/\/www.acacr.es\/?author=1","display_name":"Acacr"},"relative_dates":{"created":"Publicado 2 a\u00f1os hace","modified":"Actualizado 2 a\u00f1os hace"},"absolute_dates":{"created":"Publicado el 4 diciembre 2023","modified":"Actualizado el 26 enero 2024"},"absolute_dates_time":{"created":"Publicado el 4 diciembre 2023 19:14","modified":"Actualizado el 26 enero 2024 12:18"},"featured_img_caption":"","featured_img":false,"series_order":"","_links":{"self":[{"href":"https:\/\/www.acacr.es\/index.php?rest_route=\/wp\/v2\/pages\/2450","targetHints":{"allow":["GET"]}}],"collection":[{"href":"https:\/\/www.acacr.es\/index.php?rest_route=\/wp\/v2\/pages"}],"about":[{"href":"https:\/\/www.acacr.es\/index.php?rest_route=\/wp\/v2\/types\/page"}],"author":[{"embeddable":true,"href":"https:\/\/www.acacr.es\/index.php?rest_route=\/wp\/v2\/users\/1"}],"replies":[{"embeddable":true,"href":"https:\/\/www.acacr.es\/index.php?rest_route=%2Fwp%2Fv2%2Fcomments&post=2450"}],"version-history":[{"count":17,"href":"https:\/\/www.acacr.es\/index.php?rest_route=\/wp\/v2\/pages\/2450\/revisions"}],"predecessor-version":[{"id":2524,"href":"https:\/\/www.acacr.es\/index.php?rest_route=\/wp\/v2\/pages\/2450\/revisions\/2524"}],"wp:attachment":[{"href":"https:\/\/www.acacr.es\/index.php?rest_route=%2Fwp%2Fv2%2Fmedia&parent=2450"}],"curies":[{"name":"wp","href":"https:\/\/api.w.org\/{rel}","templated":true}]}}