{"id":2464,"date":"2023-12-04T19:32:22","date_gmt":"2023-12-04T19:32:22","guid":{"rendered":"https:\/\/www.acacr.es\/?page_id=2464"},"modified":"2024-01-22T12:46:15","modified_gmt":"2024-01-22T12:46:15","slug":"fechas-2024","status":"publish","type":"page","link":"https:\/\/www.acacr.es\/?page_id=2464","title":{"rendered":"Fechas Importantes &#8211; CIES 2024"},"content":{"rendered":"\t\t<div data-elementor-type=\"wp-page\" data-elementor-id=\"2464\" class=\"elementor elementor-2464\">\n\t\t\t\t\t\t<section class=\"elementor-section elementor-top-section elementor-element elementor-element-5914ddb elementor-section-stretched elementor-section-boxed elementor-section-height-default elementor-section-height-default\" data-id=\"5914ddb\" data-element_type=\"section\" data-settings=\"{&quot;stretch_section&quot;:&quot;section-stretched&quot;}\">\n\t\t\t\t\t\t<div class=\"elementor-container elementor-column-gap-default\">\n\t\t\t\t\t<div class=\"elementor-column elementor-col-100 elementor-top-column elementor-element elementor-element-3f92bd7\" data-id=\"3f92bd7\" data-element_type=\"column\">\n\t\t\t<div class=\"elementor-widget-wrap elementor-element-populated\">\n\t\t\t\t\t\t<div class=\"elementor-element elementor-element-ea91872 elementor-widget elementor-widget-text-editor\" data-id=\"ea91872\" data-element_type=\"widget\" data-widget_type=\"text-editor.default\">\n\t\t\t\t<div class=\"elementor-widget-container\">\n\t\t\t\t\t\t\t\t\t<p style=\"margin: 0cm; font-size: 12pt; font-family: 'Liberation Serif', serif; color: #000000; font-style: normal; font-variant-ligatures: normal; font-variant-caps: normal; font-weight: 400; text-align: center;\" align=\"center\"><b><u><span style=\"font-family: Arial, sans-serif;\"><img decoding=\"async\" src=\"https:\/\/www.acacr.es\/wp-content\/uploads\/2020\/10\/logo-academia-osc.png\" alt=\"\" width=\"128\" height=\"129\" \/><br \/><\/span><\/u><\/b><\/p><h2 align=\"center\"><span style=\"text-decoration: underline;\">CONGRESO INTERNACIONAL DE ECONOM\u00cdA SOCIAL &#8211; CIES 2024<\/span><\/h2><div>\u00a0<\/div><div><p style=\"margin-bottom: 0px; font: 400 16px Arial; -webkit-text-stroke-color: #000000; color: #000000;\"><span style=\"font-kerning: none;\"><b>FECHAS IMPORTANTES<\/b><\/span><\/p><p>\u00a0<\/p><p style=\"margin-bottom: 0px; font: 400 16px Arial; -webkit-text-stroke-color: #000000; color: #000000;\">\u00a0<\/p><h2 class=\"MsoNormal\" style=\"font-family: Calibri, sans-serif; margin: 0cm; font-size: 11pt; color: #000000; font-style: normal; font-variant-ligatures: normal; font-variant-caps: normal; font-weight: 400;\">15 de febrero \u2013 Fecha L\u00edmite Recepci\u00f3n de Res\u00famenes<\/h2><h2 class=\"MsoNormal\" style=\"font-family: Calibri, sans-serif; margin: 0cm; font-size: 11pt; color: #000000; font-style: normal; font-variant-ligatures: normal; font-variant-caps: normal; font-weight: 400;\">20 de febrero \u2013 Notificaci\u00f3n de Res\u00famenes Aceptados<\/h2><h2 class=\"MsoNormal\" style=\"font-family: Calibri, sans-serif; margin: 0cm; font-size: 11pt; color: #000000; font-style: normal; font-variant-ligatures: normal; font-variant-caps: normal; font-weight: 400;\">27 de febrero \u2013 Fecha L\u00edmite Recepci\u00f3n de Comunicaciones \/ Ponencias<\/h2><h2 class=\"MsoNormal\" style=\"font-family: Calibri, sans-serif; margin: 0cm; font-size: 11pt; color: #000000; font-style: normal; font-variant-ligatures: normal; font-variant-caps: normal; font-weight: 400;\">\u00a0<\/h2><h2 class=\"MsoNormal\" style=\"font-family: Calibri, sans-serif; margin: 0cm; font-size: 11pt; color: #000000; font-style: normal; font-variant-ligatures: normal; font-variant-caps: normal; font-weight: 400;\">05 de marzo \u2013 Notificaci\u00f3n de Comunicaciones \/ Ponencias Aceptadas<\/h2><h2 class=\"MsoNormal\" style=\"font-family: Calibri, sans-serif; margin: 0cm; font-size: 11pt; color: #000000; font-style: normal; font-variant-ligatures: normal; font-variant-caps: normal; font-weight: 400;\">10 de marzo \u2013 Fecha L\u00edmite de Inscripciones<\/h2><h2 class=\"MsoNormal\" style=\"font-family: Calibri, sans-serif; margin: 0cm; font-size: 11pt; color: #000000; font-style: normal; font-variant-ligatures: normal; font-variant-caps: normal; font-weight: 400;\">13 de marzo \u2013 Inicio del Congreso Internacional de Econom\u00eda Social \u2013 CIES-2024<\/h2><h2 class=\"MsoNormal\" style=\"margin: 0cm; font-size: 12pt; font-family: Calibri, sans-serif; color: #000000; font-style: normal; font-variant-ligatures: normal; font-variant-caps: normal; font-weight: 400;\">\u00a0<\/h2><\/div><p style=\"margin: 0cm; font-size: 12pt; font-family: 'Liberation Serif', serif; color: #000000; font-style: normal; font-variant-ligatures: normal; font-variant-caps: normal; font-weight: 400; text-align: justify;\">\u00a0<\/p>\t\t\t\t\t\t\t\t<\/div>\n\t\t\t\t<\/div>\n\t\t\t\t\t<\/div>\n\t\t<\/div>\n\t\t\t\t\t<\/div>\n\t\t<\/section>\n\t\t\t\t<section class=\"elementor-section elementor-top-section elementor-element elementor-element-295a8eb9 elementor-section-boxed elementor-section-height-default elementor-section-height-default\" data-id=\"295a8eb9\" data-element_type=\"section\">\n\t\t\t\t\t\t<div class=\"elementor-container elementor-column-gap-default\">\n\t\t\t\t\t<div class=\"elementor-column elementor-col-100 elementor-top-column elementor-element elementor-element-8a9b820\" data-id=\"8a9b820\" data-element_type=\"column\">\n\t\t\t<div class=\"elementor-widget-wrap elementor-element-populated\">\n\t\t\t\t\t\t<div class=\"elementor-element elementor-element-4654d19c elementor-widget elementor-widget-text-editor\" data-id=\"4654d19c\" data-element_type=\"widget\" data-widget_type=\"text-editor.default\">\n\t\t\t\t<div class=\"elementor-widget-container\">\n\t\t\t\t\t\t\t\t\t<table border=\"0\" width=\"900\" cellspacing=\"0\" cellpadding=\"0\" align=\"center\" bgcolor=\"#FFFFFF\">\n<tbody>\n<tr bgcolor=\"#FFFFFF\">\n<td style=\"text-align: center;\" valign=\"top\" bgcolor=\"#FFFFFF\"><span>La Academia Andaluza de Ciencia Regional (ACACR) se crea por Decreto 383\/2009 de 9 de diciembre, en el marco de la Ley Andaluza de la Ciencia y el Conocimiento del 3 de diciembre de 2007.<\/span><\/td>\n<\/tr>\n<\/tbody>\n<\/table>\t\t\t\t\t\t\t\t<\/div>\n\t\t\t\t<\/div>\n\t\t\t\t\t<\/div>\n\t\t<\/div>\n\t\t\t\t\t<\/div>\n\t\t<\/section>\n\t\t\t\t<\/div>\n\t\t","protected":false},"excerpt":{"rendered":"<p>CONGRESO INTERNACIONAL DE ECONOM\u00cdA SOCIAL &#8211; CIES 2024 \u00a0 FECHAS IMPORTANTES \u00a0 \u00a0 15 de febrero \u2013 Fecha L\u00edmite Recepci\u00f3n de Res\u00famenes 20 de febrero \u2013 Notificaci\u00f3n de Res\u00famenes Aceptados 27 de febrero \u2013 Fecha L\u00edmite Recepci\u00f3n de Comunicaciones \/ Ponencias \u00a0 05 de marzo \u2013 Notificaci\u00f3n de Comunicaciones \/ Ponencias Aceptadas 10 de marzo [&hellip;]<\/p>\n","protected":false},"author":1,"featured_media":0,"parent":0,"menu_order":0,"comment_status":"closed","ping_status":"closed","template":"","meta":{"advgb_blocks_editor_width":"","advgb_blocks_columns_visual_guide":"","ocean_post_layout":"full-width","ocean_both_sidebars_style":"","ocean_both_sidebars_content_width":0,"ocean_both_sidebars_sidebars_width":0,"ocean_sidebar":"0","ocean_second_sidebar":"0","ocean_disable_margins":"on","ocean_add_body_class":"","ocean_shortcode_before_top_bar":"","ocean_shortcode_after_top_bar":"","ocean_shortcode_before_header":"","ocean_shortcode_after_header":"","ocean_has_shortcode":"","ocean_shortcode_after_title":"","ocean_shortcode_before_footer_widgets":"","ocean_shortcode_after_footer_widgets":"","ocean_shortcode_before_footer_bottom":"","ocean_shortcode_after_footer_bottom":"","ocean_display_top_bar":"default","ocean_display_header":"default","ocean_header_style":"","ocean_center_header_left_menu":"0","ocean_custom_header_template":"0","ocean_custom_logo":0,"ocean_custom_retina_logo":0,"ocean_custom_logo_max_width":0,"ocean_custom_logo_tablet_max_width":0,"ocean_custom_logo_mobile_max_width":0,"ocean_custom_logo_max_height":0,"ocean_custom_logo_tablet_max_height":0,"ocean_custom_logo_mobile_max_height":0,"ocean_header_custom_menu":"0","ocean_menu_typo_font_family":"0","ocean_menu_typo_font_subset":"","ocean_menu_typo_font_size":0,"ocean_menu_typo_font_size_tablet":0,"ocean_menu_typo_font_size_mobile":0,"ocean_menu_typo_font_size_unit":"px","ocean_menu_typo_font_weight":"","ocean_menu_typo_font_weight_tablet":"","ocean_menu_typo_font_weight_mobile":"","ocean_menu_typo_transform":"","ocean_menu_typo_transform_tablet":"","ocean_menu_typo_transform_mobile":"","ocean_menu_typo_line_height":0,"ocean_menu_typo_line_height_tablet":0,"ocean_menu_typo_line_height_mobile":0,"ocean_menu_typo_line_height_unit":"","ocean_menu_typo_spacing":0,"ocean_menu_typo_spacing_tablet":0,"ocean_menu_typo_spacing_mobile":0,"ocean_menu_typo_spacing_unit":"","ocean_menu_link_color":"","ocean_menu_link_color_hover":"","ocean_menu_link_color_active":"","ocean_menu_link_background":"","ocean_menu_link_hover_background":"","ocean_menu_link_active_background":"","ocean_menu_social_links_bg":"","ocean_menu_social_hover_links_bg":"","ocean_menu_social_links_color":"","ocean_menu_social_hover_links_color":"","ocean_disable_title":"default","ocean_disable_heading":"default","ocean_post_title":"","ocean_post_subheading":"","ocean_post_title_style":"","ocean_post_title_background_color":"","ocean_post_title_background":0,"ocean_post_title_bg_image_position":"","ocean_post_title_bg_image_attachment":"","ocean_post_title_bg_image_repeat":"","ocean_post_title_bg_image_size":"","ocean_post_title_height":0,"ocean_post_title_bg_overlay":0.5,"ocean_post_title_bg_overlay_color":"","ocean_disable_breadcrumbs":"default","ocean_breadcrumbs_color":"","ocean_breadcrumbs_separator_color":"","ocean_breadcrumbs_links_color":"","ocean_breadcrumbs_links_hover_color":"","ocean_display_footer_widgets":"default","ocean_display_footer_bottom":"default","ocean_custom_footer_template":"0","footnotes":""},"class_list":["post-2464","page","type-page","status-publish","hentry","entry"],"coauthors":[],"author_meta":{"author_link":"https:\/\/www.acacr.es\/?author=1","display_name":"Acacr"},"relative_dates":{"created":"Publicado 2 a\u00f1os hace","modified":"Actualizado 2 a\u00f1os hace"},"absolute_dates":{"created":"Publicado el 4 diciembre 2023","modified":"Actualizado el 22 enero 2024"},"absolute_dates_time":{"created":"Publicado el 4 diciembre 2023 19:32","modified":"Actualizado el 22 enero 2024 12:46"},"featured_img_caption":"","featured_img":false,"series_order":"","_links":{"self":[{"href":"https:\/\/www.acacr.es\/index.php?rest_route=\/wp\/v2\/pages\/2464","targetHints":{"allow":["GET"]}}],"collection":[{"href":"https:\/\/www.acacr.es\/index.php?rest_route=\/wp\/v2\/pages"}],"about":[{"href":"https:\/\/www.acacr.es\/index.php?rest_route=\/wp\/v2\/types\/page"}],"author":[{"embeddable":true,"href":"https:\/\/www.acacr.es\/index.php?rest_route=\/wp\/v2\/users\/1"}],"replies":[{"embeddable":true,"href":"https:\/\/www.acacr.es\/index.php?rest_route=%2Fwp%2Fv2%2Fcomments&post=2464"}],"version-history":[{"count":12,"href":"https:\/\/www.acacr.es\/index.php?rest_route=\/wp\/v2\/pages\/2464\/revisions"}],"predecessor-version":[{"id":2511,"href":"https:\/\/www.acacr.es\/index.php?rest_route=\/wp\/v2\/pages\/2464\/revisions\/2511"}],"wp:attachment":[{"href":"https:\/\/www.acacr.es\/index.php?rest_route=%2Fwp%2Fv2%2Fmedia&parent=2464"}],"curies":[{"name":"wp","href":"https:\/\/api.w.org\/{rel}","templated":true}]}}