{"id":2467,"date":"2023-12-04T19:37:13","date_gmt":"2023-12-04T19:37:13","guid":{"rendered":"https:\/\/www.acacr.es\/?page_id=2467"},"modified":"2023-12-04T19:39:49","modified_gmt":"2023-12-04T19:39:49","slug":"callpapers-2024","status":"publish","type":"page","link":"https:\/\/www.acacr.es\/?page_id=2467","title":{"rendered":"Call for Papers &#8211; CIES 2024"},"content":{"rendered":"\t\t<div data-elementor-type=\"wp-page\" data-elementor-id=\"2467\" class=\"elementor elementor-2467\">\n\t\t\t\t\t\t<section class=\"elementor-section elementor-top-section elementor-element elementor-element-5914ddb elementor-section-stretched elementor-section-boxed elementor-section-height-default elementor-section-height-default\" data-id=\"5914ddb\" data-element_type=\"section\" data-settings=\"{&quot;stretch_section&quot;:&quot;section-stretched&quot;}\">\n\t\t\t\t\t\t<div class=\"elementor-container elementor-column-gap-default\">\n\t\t\t\t\t<div class=\"elementor-column elementor-col-100 elementor-top-column elementor-element elementor-element-3f92bd7\" data-id=\"3f92bd7\" data-element_type=\"column\">\n\t\t\t<div class=\"elementor-widget-wrap elementor-element-populated\">\n\t\t\t\t\t\t<div class=\"elementor-element elementor-element-ea91872 elementor-widget elementor-widget-text-editor\" data-id=\"ea91872\" data-element_type=\"widget\" data-widget_type=\"text-editor.default\">\n\t\t\t\t<div class=\"elementor-widget-container\">\n\t\t\t\t\t\t\t\t\t<p class=\"MsoNormal\" style=\"margin: 0cm; font-size: 12pt; font-family: 'Liberation Serif', serif; color: #000000; font-style: normal; font-variant-ligatures: normal; font-variant-caps: normal; font-weight: 400; text-align: center;\" align=\"center\"><b><u><span style=\"font-family: Arial, sans-serif;\"><img decoding=\"async\" class=\"wp-image-329 aligncenter\" src=\"https:\/\/www.acacr.es\/wp-content\/uploads\/2020\/10\/logo-academia-osc.png\" alt=\"\" width=\"128\" height=\"129\" srcset=\"https:\/\/www.acacr.es\/wp-content\/uploads\/2020\/10\/logo-academia-osc.png 203w, https:\/\/www.acacr.es\/wp-content\/uploads\/2020\/10\/logo-academia-osc-150x150.png 150w\" sizes=\"(max-width: 128px) 100vw, 128px\" \/><br \/><\/span><\/u><\/b><\/p><h2 align=\"center\"><span style=\"text-decoration: underline;\">CONGRESO INTERNACIONAL DE ECONOM\u00cdA SOCIAL &#8211; CIES 2024<\/span><\/h2><h2 align=\"center\">\u00a0<\/h2><h2 align=\"center\">CALL FOR PAPERS<\/h2><p>\u00a0<\/p><p class=\"MsoNormal\" style=\"margin: 0cm; font-size: 12pt; font-family: 'Liberation Serif', serif; color: #000000; font-style: normal; font-variant-ligatures: normal; font-variant-caps: normal; font-weight: 400; text-align: justify;\"><span style=\"font-family: Arial, sans-serif;\">La recepci\u00f3n de Res\u00famenes y Comunicaciones se realizar\u00e1 a trav\u00e9s de la Secretar\u00eda T\u00e9cnica de la Academia en la direcci\u00f3n de correo electr\u00f3nico <\/span><a style=\"color: #0563c1; text-decoration-line: underline;\" href=\"mailto:acacr@acacr.es\"><span style=\"font-family: Arial, sans-serif;\">acacr@acacr.es<\/span><\/a><\/p><p class=\"MsoNormal\" style=\"margin: 0cm; font-size: 12pt; font-family: 'Liberation Serif', serif; color: #000000; font-style: normal; font-variant-ligatures: normal; font-variant-caps: normal; font-weight: 400; text-align: justify;\"><span style=\"font-family: Arial, sans-serif;\">\u00a0<\/span><\/p><p class=\"MsoNormal\" style=\"margin: 0cm; font-size: 12pt; font-family: 'Liberation Serif', serif; color: #000000; font-style: normal; font-variant-ligatures: normal; font-variant-caps: normal; font-weight: 400; text-align: justify;\"><span style=\"font-family: Arial, sans-serif;\">El tel\u00e9fono de contacto es: 954918234 (persona de contacto Braulia Tristancho)<\/span><\/p><p class=\"MsoNormal\" style=\"margin: 0cm; font-size: 12pt; font-family: 'Liberation Serif', serif; color: #000000; font-style: normal; font-variant-ligatures: normal; font-variant-caps: normal; font-weight: 400; text-align: justify;\"><span style=\"font-family: Arial, sans-serif;\">\u00a0<\/span><\/p><p class=\"MsoNormal\" style=\"margin: 0cm; font-size: 12pt; font-family: 'Liberation Serif', serif; color: #000000; font-style: normal; font-variant-ligatures: normal; font-variant-caps: normal; font-weight: 400; text-align: justify;\"><span style=\"font-family: Arial, sans-serif;\">En el env\u00edo de trabajos se deber\u00e1 adjuntar el justificante de transferencia de la inscripci\u00f3n e indicar nombre, apellidos, entidad a la representa, correo electr\u00f3nico y tel\u00e9fono de contacto.<\/span><\/p><p class=\"MsoNormal\" style=\"margin: 0cm; font-size: 12pt; font-family: 'Liberation Serif', serif; color: #000000; font-style: normal; font-variant-ligatures: normal; font-variant-caps: normal; font-weight: 400;\">\u00a0<\/p><p style=\"margin-right: 0cm; margin-left: 0cm; font-size: 12pt; font-family: 'Times New Roman', serif; color: #000000; font-style: normal; font-variant-ligatures: normal; font-variant-caps: normal; font-weight: 400; margin-top: 0cm; text-align: justify;\"><span style=\"font-family: Arial, sans-serif;\">Las normas para el env\u00edo de <strong><span style=\"font-family: Arial, sans-serif;\">res\u00famenes y comunicaciones<\/span><\/strong>\u00a0son las siguientes:<\/span><\/p><p style=\"margin-right: 0cm; margin-left: 0cm; font-size: 12pt; font-family: 'Times New Roman', serif; color: #000000; font-style: normal; font-variant-ligatures: normal; font-variant-caps: normal; font-weight: 400; margin-top: 0cm; text-align: justify;\"><u><span style=\"font-family: Arial, sans-serif;\">Res\u00famenes:<\/span><\/u><\/p><p style=\"margin-right: 0cm; margin-left: 0cm; font-size: 12pt; font-family: 'Times New Roman', serif; color: #000000; font-style: normal; font-variant-ligatures: normal; font-variant-caps: normal; font-weight: 400; margin-top: 0cm; text-align: justify;\"><span style=\"font-family: Arial, sans-serif;\">Deber\u00e1n estar en\u00a0formato Times New Roman 12 e interlineado sencillo, haciendo constar t\u00edtulo, autor, lugar de trabajo\u00a0y\u00a0direcci\u00f3n de correo electr\u00f3nico.<\/span><\/p><p style=\"margin-right: 0cm; margin-left: 0cm; font-size: 12pt; font-family: 'Times New Roman', serif; color: #000000; font-style: normal; font-variant-ligatures: normal; font-variant-caps: normal; font-weight: 400; margin-top: 0cm; text-align: justify;\"><span style=\"font-family: Arial, sans-serif;\">El T\u00edtulo no debe superar los 120 caracteres; el Resumen no debe superar el m\u00e1ximo de 400 palabras. Incorporar como m\u00e1ximo 5 palabras clave.<\/span><\/p><p style=\"margin-right: 0cm; margin-left: 0cm; font-size: 12pt; font-family: 'Times New Roman', serif; color: #000000; font-style: normal; font-variant-ligatures: normal; font-variant-caps: normal; font-weight: 400; margin-top: 0cm; text-align: justify;\"><u><span style=\"font-family: Arial, sans-serif;\">Comunicaciones:<\/span><\/u><\/p><p style=\"margin-right: 0cm; margin-left: 0cm; font-size: 12pt; font-family: 'Times New Roman', serif; color: #000000; font-style: normal; font-variant-ligatures: normal; font-variant-caps: normal; font-weight: 400; margin-top: 0cm; text-align: justify;\"><span style=\"font-family: Arial, sans-serif;\">Deber\u00e1n estar en\u00a0formato Times New Roman 12 e interlineado sencillo, haciendo constar t\u00edtulo, autor, lugar de trabajo\u00a0y\u00a0direcci\u00f3n de correo electr\u00f3nico.<\/span><\/p><p class=\"MsoNormal\" style=\"margin: 0cm; font-size: 12pt; font-family: 'Liberation Serif', serif; color: #000000; font-style: normal; font-variant-ligatures: normal; font-variant-caps: normal; font-weight: 400;\">\u00a0<\/p><p class=\"MsoNormal\" style=\"margin: 0cm; font-size: 12pt; font-family: 'Liberation Serif', serif; color: #000000; font-style: normal; font-variant-ligatures: normal; font-variant-caps: normal; font-weight: 400; text-align: justify;\">\u00a0<\/p>\t\t\t\t\t\t\t\t<\/div>\n\t\t\t\t<\/div>\n\t\t\t\t\t<\/div>\n\t\t<\/div>\n\t\t\t\t\t<\/div>\n\t\t<\/section>\n\t\t\t\t<\/div>\n\t\t","protected":false},"excerpt":{"rendered":"<p>CONGRESO INTERNACIONAL DE ECONOM\u00cdA SOCIAL &#8211; CIES 2024 \u00a0 CALL FOR PAPERS \u00a0 La recepci\u00f3n de Res\u00famenes y Comunicaciones se realizar\u00e1 a trav\u00e9s de la Secretar\u00eda T\u00e9cnica de la Academia en la direcci\u00f3n de correo electr\u00f3nico acacr@acacr.es \u00a0 El tel\u00e9fono de contacto es: 954918234 (persona de contacto Braulia Tristancho) \u00a0 En el env\u00edo de trabajos [&hellip;]<\/p>\n","protected":false},"author":1,"featured_media":0,"parent":0,"menu_order":0,"comment_status":"closed","ping_status":"closed","template":"","meta":{"advgb_blocks_editor_width":"","advgb_blocks_columns_visual_guide":"","ocean_post_layout":"full-width","ocean_both_sidebars_style":"","ocean_both_sidebars_content_width":0,"ocean_both_sidebars_sidebars_width":0,"ocean_sidebar":"0","ocean_second_sidebar":"0","ocean_disable_margins":"on","ocean_add_body_class":"","ocean_shortcode_before_top_bar":"","ocean_shortcode_after_top_bar":"","ocean_shortcode_before_header":"","ocean_shortcode_after_header":"","ocean_has_shortcode":"","ocean_shortcode_after_title":"","ocean_shortcode_before_footer_widgets":"","ocean_shortcode_after_footer_widgets":"","ocean_shortcode_before_footer_bottom":"","ocean_shortcode_after_footer_bottom":"","ocean_display_top_bar":"default","ocean_display_header":"default","ocean_header_style":"","ocean_center_header_left_menu":"0","ocean_custom_header_template":"0","ocean_custom_logo":0,"ocean_custom_retina_logo":0,"ocean_custom_logo_max_width":0,"ocean_custom_logo_tablet_max_width":0,"ocean_custom_logo_mobile_max_width":0,"ocean_custom_logo_max_height":0,"ocean_custom_logo_tablet_max_height":0,"ocean_custom_logo_mobile_max_height":0,"ocean_header_custom_menu":"0","ocean_menu_typo_font_family":"0","ocean_menu_typo_font_subset":"","ocean_menu_typo_font_size":0,"ocean_menu_typo_font_size_tablet":0,"ocean_menu_typo_font_size_mobile":0,"ocean_menu_typo_font_size_unit":"px","ocean_menu_typo_font_weight":"","ocean_menu_typo_font_weight_tablet":"","ocean_menu_typo_font_weight_mobile":"","ocean_menu_typo_transform":"","ocean_menu_typo_transform_tablet":"","ocean_menu_typo_transform_mobile":"","ocean_menu_typo_line_height":0,"ocean_menu_typo_line_height_tablet":0,"ocean_menu_typo_line_height_mobile":0,"ocean_menu_typo_line_height_unit":"","ocean_menu_typo_spacing":0,"ocean_menu_typo_spacing_tablet":0,"ocean_menu_typo_spacing_mobile":0,"ocean_menu_typo_spacing_unit":"","ocean_menu_link_color":"","ocean_menu_link_color_hover":"","ocean_menu_link_color_active":"","ocean_menu_link_background":"","ocean_menu_link_hover_background":"","ocean_menu_link_active_background":"","ocean_menu_social_links_bg":"","ocean_menu_social_hover_links_bg":"","ocean_menu_social_links_color":"","ocean_menu_social_hover_links_color":"","ocean_disable_title":"default","ocean_disable_heading":"default","ocean_post_title":"","ocean_post_subheading":"","ocean_post_title_style":"","ocean_post_title_background_color":"","ocean_post_title_background":0,"ocean_post_title_bg_image_position":"","ocean_post_title_bg_image_attachment":"","ocean_post_title_bg_image_repeat":"","ocean_post_title_bg_image_size":"","ocean_post_title_height":0,"ocean_post_title_bg_overlay":0.5,"ocean_post_title_bg_overlay_color":"","ocean_disable_breadcrumbs":"default","ocean_breadcrumbs_color":"","ocean_breadcrumbs_separator_color":"","ocean_breadcrumbs_links_color":"","ocean_breadcrumbs_links_hover_color":"","ocean_display_footer_widgets":"default","ocean_display_footer_bottom":"default","ocean_custom_footer_template":"0","footnotes":""},"class_list":["post-2467","page","type-page","status-publish","hentry","entry"],"coauthors":[],"author_meta":{"author_link":"https:\/\/www.acacr.es\/?author=1","display_name":"Acacr"},"relative_dates":{"created":"Publicado 2 a\u00f1os hace","modified":"Actualizado 2 a\u00f1os hace"},"absolute_dates":{"created":"Publicado el 4 diciembre 2023","modified":"Actualizado el 4 diciembre 2023"},"absolute_dates_time":{"created":"Publicado el 4 diciembre 2023 19:37","modified":"Actualizado el 4 diciembre 2023 19:39"},"featured_img_caption":"","featured_img":false,"series_order":"","_links":{"self":[{"href":"https:\/\/www.acacr.es\/index.php?rest_route=\/wp\/v2\/pages\/2467","targetHints":{"allow":["GET"]}}],"collection":[{"href":"https:\/\/www.acacr.es\/index.php?rest_route=\/wp\/v2\/pages"}],"about":[{"href":"https:\/\/www.acacr.es\/index.php?rest_route=\/wp\/v2\/types\/page"}],"author":[{"embeddable":true,"href":"https:\/\/www.acacr.es\/index.php?rest_route=\/wp\/v2\/users\/1"}],"replies":[{"embeddable":true,"href":"https:\/\/www.acacr.es\/index.php?rest_route=%2Fwp%2Fv2%2Fcomments&post=2467"}],"version-history":[{"count":2,"href":"https:\/\/www.acacr.es\/index.php?rest_route=\/wp\/v2\/pages\/2467\/revisions"}],"predecessor-version":[{"id":2469,"href":"https:\/\/www.acacr.es\/index.php?rest_route=\/wp\/v2\/pages\/2467\/revisions\/2469"}],"wp:attachment":[{"href":"https:\/\/www.acacr.es\/index.php?rest_route=%2Fwp%2Fv2%2Fmedia&parent=2467"}],"curies":[{"name":"wp","href":"https:\/\/api.w.org\/{rel}","templated":true}]}}