{"id":2526,"date":"2024-02-08T13:16:10","date_gmt":"2024-02-08T13:16:10","guid":{"rendered":"https:\/\/www.acacr.es\/?page_id=2526"},"modified":"2024-03-11T15:43:45","modified_gmt":"2024-03-11T15:43:45","slug":"comites-2024","status":"publish","type":"page","link":"https:\/\/www.acacr.es\/?page_id=2526","title":{"rendered":"Comit\u00e9s &#8211; CIES 2024"},"content":{"rendered":"\t\t<div data-elementor-type=\"wp-page\" data-elementor-id=\"2526\" class=\"elementor elementor-2526\">\n\t\t\t\t\t\t<section class=\"elementor-section elementor-top-section elementor-element elementor-element-5914ddb elementor-section-stretched elementor-section-boxed elementor-section-height-default elementor-section-height-default\" data-id=\"5914ddb\" data-element_type=\"section\" data-settings=\"{&quot;stretch_section&quot;:&quot;section-stretched&quot;}\">\n\t\t\t\t\t\t<div class=\"elementor-container elementor-column-gap-default\">\n\t\t\t\t\t<div class=\"elementor-column elementor-col-100 elementor-top-column elementor-element elementor-element-3f92bd7\" data-id=\"3f92bd7\" data-element_type=\"column\">\n\t\t\t<div class=\"elementor-widget-wrap elementor-element-populated\">\n\t\t\t\t\t\t<div class=\"elementor-element elementor-element-ea91872 elementor-widget elementor-widget-text-editor\" data-id=\"ea91872\" data-element_type=\"widget\" data-widget_type=\"text-editor.default\">\n\t\t\t\t<div class=\"elementor-widget-container\">\n\t\t\t\t\t\t\t\t\t<p style=\"margin: 0cm; font-size: 12pt; font-family: 'Liberation Serif', serif; color: #000000; font-style: normal; font-variant-ligatures: normal; font-variant-caps: normal; font-weight: 400; text-align: center;\" align=\"center\"><b><u><span style=\"font-family: Arial, sans-serif;\"><img decoding=\"async\" src=\"https:\/\/www.acacr.es\/wp-content\/uploads\/2020\/10\/logo-academia-osc.png\" alt=\"\" width=\"128\" height=\"129\" \/><br \/><\/span><\/u><\/b><\/p><h2 align=\"center\">\u00a0<\/h2><h1 align=\"center\"><span style=\"text-decoration: underline;\">COMIT\u00c9S<\/span><\/h1><p style=\"margin: 0cm; font-size: 12pt; font-family: 'Liberation Serif', serif; color: #000000; font-style: normal; font-variant-ligatures: normal; font-variant-caps: normal; font-weight: 400;\"><span style=\"font-family: Arial, sans-serif;\">\u00a0<\/span><\/p><h4 style=\"margin-right: 0cm; margin-left: 0cm; font-size: 12pt;\"><strong style=\"color: #000000; font-family: 'Times New Roman', serif; font-size: 12pt; font-style: normal; font-variant-ligatures: normal; font-variant-caps: normal;\"><span style=\"font-family: Arial, sans-serif;\">PRESIDENTE DEL CONGRESO:<\/span><\/strong><\/h4><div><p style=\"margin-right: 0cm; margin-left: 0cm; font-size: 12pt; font-family: 'Times New Roman', serif; color: #000000; font-style: normal; font-variant-ligatures: normal; font-variant-caps: normal; font-weight: 400;\"><span style=\"font-family: Arial, sans-serif;\">D. Jos\u00e9 Valles Ferrer, Presidente de la Academia Andaluza de Ciencia Regional<\/span><\/p><p style=\"margin-right: 0cm; margin-left: 0cm; font-size: 12pt; font-family: 'Times New Roman', serif; color: #000000; font-style: normal; font-variant-ligatures: normal; font-variant-caps: normal; font-weight: 400;\"><strong><span style=\"font-family: Arial, sans-serif;\">VICE-PRESIDENTE:<\/span><\/strong><\/p><p style=\"margin-right: 0cm; margin-left: 0cm; font-size: 12pt; font-family: 'Times New Roman', serif; color: #000000; font-style: normal; font-variant-ligatures: normal; font-variant-caps: normal; font-weight: 400;\"><span style=\"font-family: Arial, sans-serif;\">D. Francisco Rodr\u00edguez Mart\u00ednez.\u00a0Vicepresidente de la Academia Andaluza de Ciencia Regional<\/span><\/p><p style=\"margin-right: 0cm; margin-left: 0cm; font-size: 12pt; font-family: 'Times New Roman', serif; color: #000000; font-style: normal; font-variant-ligatures: normal; font-variant-caps: normal; font-weight: 400;\"><b><span style=\"font-family: Arial, sans-serif;\">SECRETARIO GENERAL:<\/span><\/b><\/p><p style=\"margin-right: 0cm; margin-left: 0cm; font-size: 12pt; font-family: 'Times New Roman', serif; color: #000000; font-style: normal; font-variant-ligatures: normal; font-variant-caps: normal; font-weight: 400;\"><span style=\"font-family: Arial, sans-serif;\">D. Francisco del R\u00edo Mu\u00f1oz. Secretario General de la Academia Andaluza de Ciencia Regional<\/span><\/p><\/div><h4 style=\"margin: 0cm; font-size: 12pt; font-family: 'Liberation Serif', serif; color: #000000; font-style: normal; font-variant-ligatures: normal; font-variant-caps: normal; font-weight: 400; text-align: justify;\">\u00a0<\/h4>\t\t\t\t\t\t\t\t<\/div>\n\t\t\t\t<\/div>\n\t\t\t\t\t<\/div>\n\t\t<\/div>\n\t\t\t\t\t<\/div>\n\t\t<\/section>\n\t\t\t\t<section class=\"elementor-section elementor-top-section elementor-element elementor-element-3f5783b2 elementor-section-stretched elementor-section-boxed elementor-section-height-default elementor-section-height-default\" data-id=\"3f5783b2\" data-element_type=\"section\" data-settings=\"{&quot;background_background&quot;:&quot;classic&quot;,&quot;stretch_section&quot;:&quot;section-stretched&quot;}\">\n\t\t\t\t\t\t\t<div class=\"elementor-background-overlay\"><\/div>\n\t\t\t\t\t\t\t<div class=\"elementor-container elementor-column-gap-default\">\n\t\t\t\t\t<div class=\"elementor-column elementor-col-100 elementor-top-column elementor-element elementor-element-3a2d65af\" data-id=\"3a2d65af\" data-element_type=\"column\">\n\t\t\t<div class=\"elementor-widget-wrap elementor-element-populated\">\n\t\t\t\t\t\t<div class=\"elementor-element elementor-element-b4bfb99 elementor-widget elementor-widget-text-editor\" data-id=\"b4bfb99\" data-element_type=\"widget\" data-widget_type=\"text-editor.default\">\n\t\t\t\t<div class=\"elementor-widget-container\">\n\t\t\t\t\t\t\t\t\t<p style=\"text-align: center;\">\u00a0<\/p><h1 style=\"font-variant-ligatures: normal; font-variant-caps: normal; font-style: normal;\" align=\"center\"><span style=\"font-size: 23px; text-decoration-line: underline;\">COMIT\u00c9 DE HONOR<\/span><\/h1><div>\u00a0<\/div><h4 style=\"margin: 0cm 0cm 8pt; line-height: 15.6933px; font-size: 11pt; font-family: Calibri, sans-serif; color: #000000; font-style: normal; font-variant-ligatures: normal; font-variant-caps: normal; font-weight: 400;\"><span style=\"font-size: 12pt; line-height: 17.12px; font-family: Arial, sans-serif;\">\u00a0<\/span><\/h4><h4>D. Miguel \u00c1ngel Castro Arroyo; Rector Magn\u00edfico de la Universidad de Sevilla<\/h4><h4><span style=\"font-family: 'Open Sans'; font-size: 17px; font-style: normal; font-variant-ligatures: normal; font-variant-caps: normal; font-weight: 600;\">D.<\/span><span style=\"font-family: 'Open Sans'; font-size: 17px; font-style: normal; font-variant-ligatures: normal; font-variant-caps: normal; font-weight: 600;\">\u00a0<\/span>Fabio G\u00f3mez-Estern Aguilar; Rector Magn\u00edfico de la Universidad Loyola Andaluc\u00eda<\/h4><h4><span style=\"font-family: 'Open Sans'; font-size: 17px; font-style: normal; font-variant-ligatures: normal; font-variant-caps: normal; font-weight: 600;\">D.<\/span><span style=\"font-family: 'Open Sans'; font-size: 17px; font-style: normal; font-variant-ligatures: normal; font-variant-caps: normal; font-weight: 600;\">\u00a0<\/span>Juan Mar\u00edn Lozano; Presidente del Consejo Econ\u00f3mico y Social de Andaluc\u00eda<\/h4><h4>D\u00f1a. M\u00aa del Milagro Mart\u00edn L\u00f3pez. Presidenta del Consejo Econ\u00f3mico y Social de Sevilla<\/h4><h4><span style=\"font-family: 'Open Sans'; font-size: 17px; font-style: normal; font-variant-ligatures: normal; font-variant-caps: normal; font-weight: 600;\">D.<\/span><span style=\"font-family: 'Open Sans'; font-size: 17px; font-style: normal; font-variant-ligatures: normal; font-variant-caps: normal; font-weight: 600;\">\u00a0<\/span>Juan Antonio Montes Montero; Presidente del Colegio Oficial de Graduados Sociales de Sevilla<\/h4><h4><span style=\"font-family: 'Open Sans'; font-size: 17px; font-style: normal; font-variant-ligatures: normal; font-variant-caps: normal; font-weight: 600;\">D.<\/span><span style=\"font-family: 'Open Sans'; font-size: 17px; font-style: normal; font-variant-ligatures: normal; font-variant-caps: normal; font-weight: 600;\">\u00a0<\/span>Jos\u00e9 Manuel Dom\u00ednguez Mart\u00ednez; Presidente de Fundaci\u00f3n Unicaja<\/h4><h4><span style=\"font-family: 'Open Sans'; font-size: 17px; font-style: normal; font-variant-ligatures: normal; font-variant-caps: normal; font-weight: 600;\">D.<\/span><span style=\"font-family: 'Open Sans'; font-size: 17px; font-style: normal; font-variant-ligatures: normal; font-variant-caps: normal; font-weight: 600;\">\u00a0<\/span>Mariano P\u00e9rez de Ayala Conradi; Presidente de C\u00e1ritas Regional de Andaluc\u00eda<\/h4><h4><span style=\"font-family: 'Open Sans'; font-size: 17px; font-style: normal; font-variant-ligatures: normal; font-variant-caps: normal; font-weight: 600;\">D.<\/span><span style=\"font-family: 'Open Sans'; font-size: 17px; font-style: normal; font-variant-ligatures: normal; font-variant-caps: normal; font-weight: 600;\">\u00a0<\/span>Jos\u00e9 Ariza Reyes; Director de la Escuela de Econom\u00eda Social<\/h4><h4><span style=\"font-family: 'Open Sans'; font-size: 17px; font-style: normal; font-variant-ligatures: normal; font-variant-caps: normal; font-weight: 600;\">D.<\/span><span style=\"font-family: 'Open Sans'; font-size: 17px; font-style: normal; font-variant-ligatures: normal; font-variant-caps: normal; font-weight: 600;\">\u00a0<\/span>Javier Moreno Ibarra; Presidente de FonRedess<\/h4><h4>D\u00f1a. Adoraci\u00f3n Mozas Moral; Presidenta de CIRIEC \u2013 Espa\u00f1a<\/h4><h4>D\u00f1a. Beatriz Fern\u00e1ndez Olit; Presidenta Economistas Sin Fronteras<\/h4><h4><span style=\"font-family: 'Open Sans'; font-size: 17px; font-style: normal; font-variant-ligatures: normal; font-variant-caps: normal; font-weight: 600;\">D.<\/span><span style=\"font-family: 'Open Sans'; font-size: 17px; font-style: normal; font-variant-ligatures: normal; font-variant-caps: normal; font-weight: 600;\">\u00a0<\/span>Juan Antonio Pedre\u00f1o Frutos; Presidente CEPES<\/h4>\t\t\t\t\t\t\t\t<\/div>\n\t\t\t\t<\/div>\n\t\t\t\t\t<\/div>\n\t\t<\/div>\n\t\t\t\t\t<\/div>\n\t\t<\/section>\n\t\t\t\t<section class=\"elementor-section elementor-top-section elementor-element elementor-element-21b3447 elementor-section-stretched elementor-section-boxed elementor-section-height-default elementor-section-height-default\" data-id=\"21b3447\" data-element_type=\"section\" data-settings=\"{&quot;background_background&quot;:&quot;classic&quot;,&quot;stretch_section&quot;:&quot;section-stretched&quot;}\">\n\t\t\t\t\t\t\t<div class=\"elementor-background-overlay\"><\/div>\n\t\t\t\t\t\t\t<div class=\"elementor-container elementor-column-gap-default\">\n\t\t\t\t\t<div class=\"elementor-column elementor-col-100 elementor-top-column elementor-element elementor-element-064fcbd\" data-id=\"064fcbd\" data-element_type=\"column\">\n\t\t\t<div class=\"elementor-widget-wrap elementor-element-populated\">\n\t\t\t\t\t\t<div class=\"elementor-element elementor-element-30024e2 elementor-widget elementor-widget-text-editor\" data-id=\"30024e2\" data-element_type=\"widget\" data-widget_type=\"text-editor.default\">\n\t\t\t\t<div class=\"elementor-widget-container\">\n\t\t\t\t\t\t\t\t\t<p style=\"text-align: center;\"><strong>\u00a0<\/strong><\/p><h1 align=\"center\"><span style=\"text-decoration: underline;\">COMIT\u00c9 CIENT\u00cdFICO<\/span><\/h1><p>\u00a0<\/p><h4 class=\"p1\">D. Alejandro D\u00edaz Moreno; Decano de la Facultad de Ciencias del Trabajo de la Universidad de Sevilla<\/h4><h4 class=\"p2\"><span class=\"s1\">D. Bartolom\u00e9 P\u00e9rez Ram\u00edrez; <\/span>Profesor Titular de Universidad. Departamento de Econom\u00eda Aplicada III. Universidad de Sevilla<\/h4><h4 class=\"p2\">D\u00f1a. Mar\u00eda del Carmen P\u00e9rez Gonz\u00e1lez; Profesora Titular. Departamento de Econom\u00eda General. Universidad de C\u00e1diz<\/h4><h4 class=\"p1\">D. David Flores Ru\u00edz; CIRIEC-Espa\u00f1a<\/h4><h4 class=\"p1\">D\u00f1a. Carmen Guzm\u00e1n Alfonso; CIRIEC-Espa\u00f1a<\/h4><h4 class=\"p1\">D. Manuel Garc\u00eda Jim\u00e9nez; CIRIEC-Espa\u00f1a<\/h4><h4 class=\"p1\">D\u00f1a. Michela Accerenzi; Instituto Desarrollo Universidad Loyola Andaluc\u00eda<\/h4><h4 class=\"p1\">D. Pedro Pablo P\u00e9rez Hern\u00e1ndez; Universidad Loyola Andaluc\u00eda<\/h4><h4 class=\"p1\">D. Jos\u00e9 Manuel Mart\u00edn Lozano; Instituto Desarrollo. Universidad Loyola Andaluc\u00eda<\/h4><h4 class=\"p1\">D. Pedro Caldentey del Pozo; Universidad Loyola Andaluc\u00eda<\/h4><h4 class=\"p1\">D. Lorenzo Estepa Mohedano; Instituto Desarrollo. Universidad Loyola Andaluc\u00eda<\/h4><h4 class=\"p1\">D. Andr\u00e9s Garc\u00eda Lorca; Acad\u00e9mico de N\u00famero<\/h4><h4 class=\"p1\">D. Rafael Esteve Secall; Acad\u00e9mico de N\u00famero<\/h4><h4 class=\"p1\">D. Alfonso Vargas S\u00e1nchez; Acad\u00e9mico de N\u00famero<\/h4>\t\t\t\t\t\t\t\t<\/div>\n\t\t\t\t<\/div>\n\t\t\t\t\t<\/div>\n\t\t<\/div>\n\t\t\t\t\t<\/div>\n\t\t<\/section>\n\t\t\t\t<section class=\"elementor-section elementor-top-section elementor-element elementor-element-295a8eb9 elementor-section-boxed elementor-section-height-default elementor-section-height-default\" data-id=\"295a8eb9\" data-element_type=\"section\">\n\t\t\t\t\t\t<div class=\"elementor-container elementor-column-gap-default\">\n\t\t\t\t\t<div class=\"elementor-column elementor-col-100 elementor-top-column elementor-element elementor-element-8a9b820\" data-id=\"8a9b820\" data-element_type=\"column\">\n\t\t\t<div class=\"elementor-widget-wrap elementor-element-populated\">\n\t\t\t\t\t\t<div class=\"elementor-element elementor-element-4654d19c elementor-widget elementor-widget-text-editor\" data-id=\"4654d19c\" data-element_type=\"widget\" data-widget_type=\"text-editor.default\">\n\t\t\t\t<div class=\"elementor-widget-container\">\n\t\t\t\t\t\t\t\t\t<table border=\"0\" width=\"900\" cellspacing=\"0\" cellpadding=\"0\" align=\"center\" bgcolor=\"#FFFFFF\">\n<tbody>\n<tr bgcolor=\"#FFFFFF\">\n<td style=\"text-align: center;\" valign=\"top\" bgcolor=\"#FFFFFF\"><span>La Academia Andaluza de Ciencia Regional (ACACR) se crea por Decreto 383\/2009 de 9 de diciembre, en el marco de la Ley Andaluza de la Ciencia y el Conocimiento del 3 de diciembre de 2007.<\/span><\/td>\n<\/tr>\n<\/tbody>\n<\/table>\t\t\t\t\t\t\t\t<\/div>\n\t\t\t\t<\/div>\n\t\t\t\t\t<\/div>\n\t\t<\/div>\n\t\t\t\t\t<\/div>\n\t\t<\/section>\n\t\t\t\t<\/div>\n\t\t","protected":false},"excerpt":{"rendered":"<p>\u00a0 COMIT\u00c9S \u00a0 PRESIDENTE DEL CONGRESO: D. Jos\u00e9 Valles Ferrer, Presidente de la Academia Andaluza de Ciencia Regional VICE-PRESIDENTE: D. Francisco Rodr\u00edguez Mart\u00ednez.\u00a0Vicepresidente de la Academia Andaluza de Ciencia Regional SECRETARIO GENERAL: D. Francisco del R\u00edo Mu\u00f1oz. Secretario General de la Academia Andaluza de Ciencia Regional \u00a0 \u00a0 COMIT\u00c9 DE HONOR \u00a0 \u00a0 D. Miguel [&hellip;]<\/p>\n","protected":false},"author":1,"featured_media":0,"parent":0,"menu_order":0,"comment_status":"closed","ping_status":"closed","template":"","meta":{"advgb_blocks_editor_width":"","advgb_blocks_columns_visual_guide":"","ocean_post_layout":"full-width","ocean_both_sidebars_style":"","ocean_both_sidebars_content_width":0,"ocean_both_sidebars_sidebars_width":0,"ocean_sidebar":"0","ocean_second_sidebar":"0","ocean_disable_margins":"on","ocean_add_body_class":"","ocean_shortcode_before_top_bar":"","ocean_shortcode_after_top_bar":"","ocean_shortcode_before_header":"","ocean_shortcode_after_header":"","ocean_has_shortcode":"","ocean_shortcode_after_title":"","ocean_shortcode_before_footer_widgets":"","ocean_shortcode_after_footer_widgets":"","ocean_shortcode_before_footer_bottom":"","ocean_shortcode_after_footer_bottom":"","ocean_display_top_bar":"default","ocean_display_header":"default","ocean_header_style":"","ocean_center_header_left_menu":"0","ocean_custom_header_template":"0","ocean_custom_logo":0,"ocean_custom_retina_logo":0,"ocean_custom_logo_max_width":0,"ocean_custom_logo_tablet_max_width":0,"ocean_custom_logo_mobile_max_width":0,"ocean_custom_logo_max_height":0,"ocean_custom_logo_tablet_max_height":0,"ocean_custom_logo_mobile_max_height":0,"ocean_header_custom_menu":"0","ocean_menu_typo_font_family":"0","ocean_menu_typo_font_subset":"","ocean_menu_typo_font_size":0,"ocean_menu_typo_font_size_tablet":0,"ocean_menu_typo_font_size_mobile":0,"ocean_menu_typo_font_size_unit":"px","ocean_menu_typo_font_weight":"","ocean_menu_typo_font_weight_tablet":"","ocean_menu_typo_font_weight_mobile":"","ocean_menu_typo_transform":"","ocean_menu_typo_transform_tablet":"","ocean_menu_typo_transform_mobile":"","ocean_menu_typo_line_height":0,"ocean_menu_typo_line_height_tablet":0,"ocean_menu_typo_line_height_mobile":0,"ocean_menu_typo_line_height_unit":"","ocean_menu_typo_spacing":0,"ocean_menu_typo_spacing_tablet":0,"ocean_menu_typo_spacing_mobile":0,"ocean_menu_typo_spacing_unit":"","ocean_menu_link_color":"","ocean_menu_link_color_hover":"","ocean_menu_link_color_active":"","ocean_menu_link_background":"","ocean_menu_link_hover_background":"","ocean_menu_link_active_background":"","ocean_menu_social_links_bg":"","ocean_menu_social_hover_links_bg":"","ocean_menu_social_links_color":"","ocean_menu_social_hover_links_color":"","ocean_disable_title":"default","ocean_disable_heading":"default","ocean_post_title":"","ocean_post_subheading":"","ocean_post_title_style":"","ocean_post_title_background_color":"","ocean_post_title_background":0,"ocean_post_title_bg_image_position":"","ocean_post_title_bg_image_attachment":"","ocean_post_title_bg_image_repeat":"","ocean_post_title_bg_image_size":"","ocean_post_title_height":0,"ocean_post_title_bg_overlay":0.5,"ocean_post_title_bg_overlay_color":"","ocean_disable_breadcrumbs":"default","ocean_breadcrumbs_color":"","ocean_breadcrumbs_separator_color":"","ocean_breadcrumbs_links_color":"","ocean_breadcrumbs_links_hover_color":"","ocean_display_footer_widgets":"default","ocean_display_footer_bottom":"default","ocean_custom_footer_template":"0","footnotes":""},"class_list":["post-2526","page","type-page","status-publish","hentry","entry"],"coauthors":[],"author_meta":{"author_link":"https:\/\/www.acacr.es\/?author=1","display_name":"Acacr"},"relative_dates":{"created":"Publicado 2 a\u00f1os hace","modified":"Actualizado 2 a\u00f1os hace"},"absolute_dates":{"created":"Publicado el 8 febrero 2024","modified":"Actualizado el 11 marzo 2024"},"absolute_dates_time":{"created":"Publicado el 8 febrero 2024 13:16","modified":"Actualizado el 11 marzo 2024 15:43"},"featured_img_caption":"","featured_img":false,"series_order":"","_links":{"self":[{"href":"https:\/\/www.acacr.es\/index.php?rest_route=\/wp\/v2\/pages\/2526","targetHints":{"allow":["GET"]}}],"collection":[{"href":"https:\/\/www.acacr.es\/index.php?rest_route=\/wp\/v2\/pages"}],"about":[{"href":"https:\/\/www.acacr.es\/index.php?rest_route=\/wp\/v2\/types\/page"}],"author":[{"embeddable":true,"href":"https:\/\/www.acacr.es\/index.php?rest_route=\/wp\/v2\/users\/1"}],"replies":[{"embeddable":true,"href":"https:\/\/www.acacr.es\/index.php?rest_route=%2Fwp%2Fv2%2Fcomments&post=2526"}],"version-history":[{"count":21,"href":"https:\/\/www.acacr.es\/index.php?rest_route=\/wp\/v2\/pages\/2526\/revisions"}],"predecessor-version":[{"id":2604,"href":"https:\/\/www.acacr.es\/index.php?rest_route=\/wp\/v2\/pages\/2526\/revisions\/2604"}],"wp:attachment":[{"href":"https:\/\/www.acacr.es\/index.php?rest_route=%2Fwp%2Fv2%2Fmedia&parent=2526"}],"curies":[{"name":"wp","href":"https:\/\/api.w.org\/{rel}","templated":true}]}}