{"id":2643,"date":"2024-05-16T15:11:39","date_gmt":"2024-05-16T15:11:39","guid":{"rendered":"https:\/\/www.acacr.es\/?page_id=2643"},"modified":"2025-12-06T11:58:49","modified_gmt":"2025-12-06T11:58:49","slug":"publicaciones-3","status":"publish","type":"page","link":"https:\/\/www.acacr.es\/?page_id=2643","title":{"rendered":"Publicaciones"},"content":{"rendered":"<div  class=\"ultp-post-grid-block wp-block-ultimate-post-post-list-3 ultp-block-480ca0\"><div class=\"ultp-block-wrapper\"><div class=\"ultp-loading\"><div class=\"ultp-loading-blocks\" style=\"width:100%;height:100%;\"><div style=\"left: 0;top: 0;animation-delay:0s;\"><\/div><div style=\"left: 21px;top: 0;animation-delay:0.125s;\"><\/div><div style=\"left: 42px;top: 0;animation-delay:0.25s;\"><\/div><div style=\"left: 0;top: 21px;animation-delay:0.875s;\"><\/div><div style=\"left: 42px;top: 21px;animation-delay:0.375s;\"><\/div><div style=\"left: 0;top: 42px;animation-delay:0.75s;\"><\/div><div style=\"left: 42px;top: 42px;animation-delay:0.625s;\"><\/div><div style=\"left: 21px;top: 42px;animation-delay:0.5s;\"><\/div><\/div><\/div><div class=\"ultp-block-items-wrap ultp-block-row ultp-block-column-1 ultp-block-content-middle ultp-layout1\"><div class=\"ultp-block-item ultp-block-media post-id-2708\"><div class=\"ultp-block-content-wrap\"><div class=\"ultp-block-image ultp-block-image-opacity\"><a href=\"https:\/\/www.acacr.es\/?p=2708\" ><img decoding=\"async\"  alt=\"\u201cEl Futuro Posible de las Alternativas Econ\u00f3micas\u201d presentado en el Congreso Internacional de Econom\u00eda Social \u2013 CIES-2024, y celebrado en Sevilla los d\u00edas 13, 14 y 15 de marzo del presente, est\u00e1 disponible para descargar. Pulse aqu\u00ed para obtener el enlace.\"  src=\"https:\/\/www.acacr.es\/wp-content\/uploads\/2024\/05\/Portada-Eco.jpg\" \/><\/a><\/div><div class=\"ultp-block-content\"><h3 class=\"ultp-block-title \"><a href=\"https:\/\/www.acacr.es\/?p=2708\" >\u201cEl Futuro Posible de las Alternativas Econ\u00f3micas\u201d presentado en el Congreso Internacional de Econom\u00eda Social \u2013 CIES-2024, y celebrado en Sevilla los d\u00edas 13, 14 y 15 de marzo del presente, est\u00e1 disponible para descargar. Pulse aqu\u00ed para obtener el enlace.<\/a><\/h3><div class=\"ultp-block-meta ultp-block-meta-dot ultp-block-meta-style6\"><span class=\"ultp-block-date ultp-block-meta-element\"><svg xmlns=\"http:\/\/www.w3.org\/2000\/svg\" fill=\"none\" viewBox=\"0 0 24 24\">\r\n  <path stroke=\"currentColor\" stroke-linecap=\"round\" stroke-linejoin=\"round\" stroke-width=\"1.5\" d=\"M3 5.5a2 2 0 0 1 2-2h14a2 2 0 0 1 2 2v14a2 2 0 0 1-2 2H5a2 2 0 0 1-2-2v-14ZM8 2v3m8-3v3M3 9h18\"\/>\r\n<\/svg>\r\nJul 1, 2024<\/span><\/div><\/div><\/div><\/div><div class=\"ultp-block-item ultp-block-media post-id-2682\"><div class=\"ultp-block-content-wrap\"><div class=\"ultp-block-image ultp-block-image-opacity\"><a href=\"https:\/\/www.acacr.es\/?p=2682\" ><img decoding=\"async\"  alt=\"Libro de Actas del Congreso Internacional de Desarrollo Rural \u2013 CIDR-2023\"  src=\"https:\/\/www.acacr.es\/wp-content\/uploads\/2022\/12\/BANNERCIDR2023.jpg\" \/><\/a><\/div><div class=\"ultp-block-content\"><h3 class=\"ultp-block-title \"><a href=\"https:\/\/www.acacr.es\/?p=2682\" >Libro de Actas del Congreso Internacional de Desarrollo Rural \u2013 CIDR-2023<\/a><\/h3><div class=\"ultp-block-meta ultp-block-meta-dot ultp-block-meta-style6\"><span class=\"ultp-block-date ultp-block-meta-element\"><svg xmlns=\"http:\/\/www.w3.org\/2000\/svg\" fill=\"none\" viewBox=\"0 0 24 24\">\r\n  <path stroke=\"currentColor\" stroke-linecap=\"round\" stroke-linejoin=\"round\" stroke-width=\"1.5\" d=\"M3 5.5a2 2 0 0 1 2-2h14a2 2 0 0 1 2 2v14a2 2 0 0 1-2 2H5a2 2 0 0 1-2-2v-14ZM8 2v3m8-3v3M3 9h18\"\/>\r\n<\/svg>\r\nJun 30, 2024<\/span><\/div><\/div><\/div><\/div><div class=\"ultp-block-item ultp-block-media post-id-2686\"><div class=\"ultp-block-content-wrap\"><div class=\"ultp-block-image ultp-block-image-opacity\"><a href=\"https:\/\/www.acacr.es\/?p=2686\" ><img decoding=\"async\"  alt=\"Libro de Res\u00famenes del Congreso Internacional de Desarrollo Rural CIDR-2023, celebrado en C\u00f3rdoba , Campus Universidad Loyola, los d\u00edas 14, 15 y 16 de junio de 2023\"  src=\"https:\/\/www.acacr.es\/wp-content\/uploads\/2024\/05\/libroresum.jpg\" \/><\/a><\/div><div class=\"ultp-block-content\"><h3 class=\"ultp-block-title \"><a href=\"https:\/\/www.acacr.es\/?p=2686\" >Libro de Res\u00famenes del Congreso Internacional de Desarrollo Rural CIDR-2023, celebrado en C\u00f3rdoba , Campus Universidad Loyola, los d\u00edas 14, 15 y 16 de junio de 2023<\/a><\/h3><div class=\"ultp-block-meta ultp-block-meta-dot ultp-block-meta-style6\"><span class=\"ultp-block-date ultp-block-meta-element\"><svg xmlns=\"http:\/\/www.w3.org\/2000\/svg\" fill=\"none\" viewBox=\"0 0 24 24\">\r\n  <path stroke=\"currentColor\" stroke-linecap=\"round\" stroke-linejoin=\"round\" stroke-width=\"1.5\" d=\"M3 5.5a2 2 0 0 1 2-2h14a2 2 0 0 1 2 2v14a2 2 0 0 1-2 2H5a2 2 0 0 1-2-2v-14ZM8 2v3m8-3v3M3 9h18\"\/>\r\n<\/svg>\r\nJun 20, 2024<\/span><\/div><\/div><\/div><\/div><div class=\"ultp-block-item ultp-block-media post-id-1998\"><div class=\"ultp-block-content-wrap\"><div class=\"ultp-block-image ultp-block-image-opacity\"><a href=\"https:\/\/www.acacr.es\/?p=1998\" ><img decoding=\"async\"  alt=\"Libro de Actas del Congreso Internacional del Olivar y el Aceite de Oliva &#8211; CIAO22 Celebrado los d\u00edas 26,27 y 28 de mayo en el Palacio de Congresos de IFEJA-Ja\u00e9n\"  src=\"https:\/\/www.acacr.es\/wp-content\/uploads\/2022\/12\/libroactas.png\" \/><\/a><\/div><div class=\"ultp-block-content\"><h3 class=\"ultp-block-title \"><a href=\"https:\/\/www.acacr.es\/?p=1998\" >Libro de Actas del Congreso Internacional del Olivar y el Aceite de Oliva &#8211; CIAO22 Celebrado los d\u00edas 26,27 y 28 de mayo en el Palacio de Congresos de IFEJA-Ja\u00e9n<\/a><\/h3><div class=\"ultp-block-meta ultp-block-meta-dot ultp-block-meta-style6\"><span class=\"ultp-block-date ultp-block-meta-element\"><svg xmlns=\"http:\/\/www.w3.org\/2000\/svg\" fill=\"none\" viewBox=\"0 0 24 24\">\r\n  <path stroke=\"currentColor\" stroke-linecap=\"round\" stroke-linejoin=\"round\" stroke-width=\"1.5\" d=\"M3 5.5a2 2 0 0 1 2-2h14a2 2 0 0 1 2 2v14a2 2 0 0 1-2 2H5a2 2 0 0 1-2-2v-14ZM8 2v3m8-3v3M3 9h18\"\/>\r\n<\/svg>\r\nJun 17, 2024<\/span><\/div><\/div><\/div><\/div><div class=\"ultp-block-item ultp-block-media post-id-981\"><div class=\"ultp-block-content-wrap\"><div class=\"ultp-block-image ultp-block-image-opacity\"><a href=\"https:\/\/www.acacr.es\/?p=981\" ><img decoding=\"async\"  alt=\"Libros I y II de la colecci\u00f3n referida al Congreso Internacional del Vino en Andaluc\u00eda (CIVA).\"  src=\"https:\/\/www.acacr.es\/wp-content\/uploads\/2021\/03\/civa-1.jpg\" \/><\/a><\/div><div class=\"ultp-block-content\"><h3 class=\"ultp-block-title \"><a href=\"https:\/\/www.acacr.es\/?p=981\" >Libros I y II de la colecci\u00f3n referida al Congreso Internacional del Vino en Andaluc\u00eda (CIVA).<\/a><\/h3><div class=\"ultp-block-meta ultp-block-meta-dot ultp-block-meta-style6\"><span class=\"ultp-block-date ultp-block-meta-element\"><svg xmlns=\"http:\/\/www.w3.org\/2000\/svg\" fill=\"none\" viewBox=\"0 0 24 24\">\r\n  <path stroke=\"currentColor\" stroke-linecap=\"round\" stroke-linejoin=\"round\" stroke-width=\"1.5\" d=\"M3 5.5a2 2 0 0 1 2-2h14a2 2 0 0 1 2 2v14a2 2 0 0 1-2 2H5a2 2 0 0 1-2-2v-14ZM8 2v3m8-3v3M3 9h18\"\/>\r\n<\/svg>\r\nJun 16, 2024<\/span><\/div><\/div><\/div><\/div><div class=\"ultp-block-item ultp-block-media post-id-2653\"><div class=\"ultp-block-content-wrap\"><div class=\"ultp-block-image ultp-block-image-opacity\"><a href=\"https:\/\/www.acacr.es\/?p=2653\" ><img decoding=\"async\"  alt=\"Revista del C\u00edrculo de Artesanos de Sanl\u00facar, rese\u00f1ando el Acto de Presentaci\u00f3n de los libros del CIVA.\"  src=\"https:\/\/www.acacr.es\/wp-content\/uploads\/2024\/06\/20250502235951-600x415.png\" \/><\/a><\/div><div class=\"ultp-block-content\"><h3 class=\"ultp-block-title \"><a href=\"https:\/\/www.acacr.es\/?p=2653\" >Revista del C\u00edrculo de Artesanos de Sanl\u00facar, rese\u00f1ando el Acto de Presentaci\u00f3n de los libros del CIVA.<\/a><\/h3><div class=\"ultp-block-meta ultp-block-meta-dot ultp-block-meta-style6\"><span class=\"ultp-block-date ultp-block-meta-element\"><svg xmlns=\"http:\/\/www.w3.org\/2000\/svg\" fill=\"none\" viewBox=\"0 0 24 24\">\r\n  <path stroke=\"currentColor\" stroke-linecap=\"round\" stroke-linejoin=\"round\" stroke-width=\"1.5\" d=\"M3 5.5a2 2 0 0 1 2-2h14a2 2 0 0 1 2 2v14a2 2 0 0 1-2 2H5a2 2 0 0 1-2-2v-14ZM8 2v3m8-3v3M3 9h18\"\/>\r\n<\/svg>\r\nJun 15, 2024<\/span><\/div><\/div><\/div><\/div><div class=\"ultp-block-item ultp-block-media post-id-2678\"><div class=\"ultp-block-content-wrap\"><div class=\"ultp-block-image ultp-block-image-opacity\"><a href=\"https:\/\/www.acacr.es\/?p=2678\" ><img decoding=\"async\"  alt=\"55 art\u00edculos sobre turismo, desde Huelva y para la provincia de Huelva. Publicaci\u00f3n de Alfonso Vargas S\u00e1nchez.\"  src=\"https:\/\/www.acacr.es\/wp-content\/uploads\/2020\/10\/55-articulos.png\" \/><\/a><\/div><div class=\"ultp-block-content\"><h3 class=\"ultp-block-title \"><a href=\"https:\/\/www.acacr.es\/?p=2678\" >55 art\u00edculos sobre turismo, desde Huelva y para la provincia de Huelva. Publicaci\u00f3n de Alfonso Vargas S\u00e1nchez.<\/a><\/h3><div class=\"ultp-block-meta ultp-block-meta-dot ultp-block-meta-style6\"><span class=\"ultp-block-date ultp-block-meta-element\"><svg xmlns=\"http:\/\/www.w3.org\/2000\/svg\" fill=\"none\" viewBox=\"0 0 24 24\">\r\n  <path stroke=\"currentColor\" stroke-linecap=\"round\" stroke-linejoin=\"round\" stroke-width=\"1.5\" d=\"M3 5.5a2 2 0 0 1 2-2h14a2 2 0 0 1 2 2v14a2 2 0 0 1-2 2H5a2 2 0 0 1-2-2v-14ZM8 2v3m8-3v3M3 9h18\"\/>\r\n<\/svg>\r\nMay 16, 2024<\/span><\/div><\/div><\/div><\/div><div class=\"ultp-block-item ultp-block-media post-id-2676\"><div class=\"ultp-block-content-wrap\"><div class=\"ultp-block-image ultp-block-image-opacity\"><a href=\"https:\/\/www.acacr.es\/?p=2676\" ><img decoding=\"async\"  alt=\"Resultados de la Encuesta del Programa de Distribuci\u00f3n del Banco de Alimentos de Sevilla. Publicaci\u00f3n de Alfonso Rodr\u00edguez S\u00e1nchez de Alva.\"  src=\"https:\/\/www.acacr.es\/wp-content\/uploads\/2020\/10\/encuesta.png\" \/><\/a><\/div><div class=\"ultp-block-content\"><h3 class=\"ultp-block-title \"><a href=\"https:\/\/www.acacr.es\/?p=2676\" >Resultados de la Encuesta del Programa de Distribuci\u00f3n del Banco de Alimentos de Sevilla. Publicaci\u00f3n de Alfonso Rodr\u00edguez S\u00e1nchez de Alva.<\/a><\/h3><div class=\"ultp-block-meta ultp-block-meta-dot ultp-block-meta-style6\"><span class=\"ultp-block-date ultp-block-meta-element\"><svg xmlns=\"http:\/\/www.w3.org\/2000\/svg\" fill=\"none\" viewBox=\"0 0 24 24\">\r\n  <path stroke=\"currentColor\" stroke-linecap=\"round\" stroke-linejoin=\"round\" stroke-width=\"1.5\" d=\"M3 5.5a2 2 0 0 1 2-2h14a2 2 0 0 1 2 2v14a2 2 0 0 1-2 2H5a2 2 0 0 1-2-2v-14ZM8 2v3m8-3v3M3 9h18\"\/>\r\n<\/svg>\r\nMay 16, 2024<\/span><\/div><\/div><\/div><\/div><div class=\"ultp-block-item ultp-block-media post-id-2674\"><div class=\"ultp-block-content-wrap\"><div class=\"ultp-block-image ultp-block-image-opacity\"><a href=\"https:\/\/www.acacr.es\/?p=2674\" ><img decoding=\"async\"  alt=\"El debate sobre la Cuenca del Guadalquivir. Publicaci\u00f3n de Gabriel Cano Garc\u00eda.\"  src=\"https:\/\/www.acacr.es\/wp-content\/uploads\/2020\/10\/guadalquivir.png\" \/><\/a><\/div><div class=\"ultp-block-content\"><h3 class=\"ultp-block-title \"><a href=\"https:\/\/www.acacr.es\/?p=2674\" >El debate sobre la Cuenca del Guadalquivir. Publicaci\u00f3n de Gabriel Cano Garc\u00eda.<\/a><\/h3><div class=\"ultp-block-meta ultp-block-meta-dot ultp-block-meta-style6\"><span class=\"ultp-block-date ultp-block-meta-element\"><svg xmlns=\"http:\/\/www.w3.org\/2000\/svg\" fill=\"none\" viewBox=\"0 0 24 24\">\r\n  <path stroke=\"currentColor\" stroke-linecap=\"round\" stroke-linejoin=\"round\" stroke-width=\"1.5\" d=\"M3 5.5a2 2 0 0 1 2-2h14a2 2 0 0 1 2 2v14a2 2 0 0 1-2 2H5a2 2 0 0 1-2-2v-14ZM8 2v3m8-3v3M3 9h18\"\/>\r\n<\/svg>\r\nMay 16, 2024<\/span><\/div><\/div><\/div><\/div><div class=\"ultp-block-item ultp-block-media post-id-2672\"><div class=\"ultp-block-content-wrap\"><div class=\"ultp-block-image ultp-block-image-opacity\"><a href=\"https:\/\/www.acacr.es\/?p=2672\" ><img decoding=\"async\"  alt=\"Sobre Catalu\u00f1a. Publicaci\u00f3n de Rafael Esteve Secall, Gabriel Cano Garc\u00eda y Alfonso Vargas S\u00e1nchez.\"  src=\"https:\/\/www.acacr.es\/wp-content\/uploads\/2020\/10\/sobrecatalu\u00f1a.png\" \/><\/a><\/div><div class=\"ultp-block-content\"><h3 class=\"ultp-block-title \"><a href=\"https:\/\/www.acacr.es\/?p=2672\" >Sobre Catalu\u00f1a. Publicaci\u00f3n de Rafael Esteve Secall, Gabriel Cano Garc\u00eda y Alfonso Vargas S\u00e1nchez.<\/a><\/h3><div class=\"ultp-block-meta ultp-block-meta-dot ultp-block-meta-style6\"><span class=\"ultp-block-date ultp-block-meta-element\"><svg xmlns=\"http:\/\/www.w3.org\/2000\/svg\" fill=\"none\" viewBox=\"0 0 24 24\">\r\n  <path stroke=\"currentColor\" stroke-linecap=\"round\" stroke-linejoin=\"round\" stroke-width=\"1.5\" d=\"M3 5.5a2 2 0 0 1 2-2h14a2 2 0 0 1 2 2v14a2 2 0 0 1-2 2H5a2 2 0 0 1-2-2v-14ZM8 2v3m8-3v3M3 9h18\"\/>\r\n<\/svg>\r\nMay 16, 2024<\/span><\/div><\/div><\/div><\/div><\/div><\/div><div class=\"pagination-block-html\" aria-hidden=\"true\" style=\"display: none;\"><\/div><\/div>\n\n<div id=\"La_Academia_Andaluza_de_Ciencia_Regional_ACACR_se_crea_por_Decreto_3832009_de_9_de_diciembre_en_el_marco_de_la_Ley_Andaluza_de_la_Ciencia_y_el_Conocimiento_del_3_de_diciembre_de_2007\"  class=\"wp-block-ultimate-post-heading ultp-block-0a3794\"><div class=\"ultp-block-wrapper\"><div class=\"ultp-heading-wrap ultp-heading-style17 ultp-heading-center\"><h6 class=\"ultp-heading-inner\"><span><\/span><\/h6><\/div><\/div><\/div>\n\n\n<div class=\"wp-block-ultimate-post-row ultp-block-d8bfda\"><div class=\"ultp-row-wrapper\"><div class=\"ultp-row-content\">\n<div class=\"wp-block-ultimate-post-column ultp-block-ad07cd\"><div class=\"ultp-column-wrapper\">\n<figure class=\"wp-block-image size-full is-style-default\"><img fetchpriority=\"high\" decoding=\"async\" width=\"416\" height=\"121\" src=\"https:\/\/www.acacr.es\/wp-content\/uploads\/2022\/12\/muniversidades.png\" alt=\"\" class=\"wp-image-1974\" style=\"object-fit:cover\" srcset=\"https:\/\/www.acacr.es\/wp-content\/uploads\/2022\/12\/muniversidades.png 416w, https:\/\/www.acacr.es\/wp-content\/uploads\/2022\/12\/muniversidades-300x87.png 300w\" sizes=\"(max-width: 416px) 100vw, 416px\" \/><\/figure>\n<\/div><\/div>\n\n\n\n<div class=\"wp-block-ultimate-post-column ultp-block-b91389\"><div class=\"ultp-column-wrapper\">\n<figure class=\"wp-block-image size-full\"><img decoding=\"async\" width=\"988\" height=\"384\" src=\"https:\/\/www.acacr.es\/wp-content\/uploads\/2021\/03\/mcei.jpg\" alt=\"\" class=\"wp-image-1077\" srcset=\"https:\/\/www.acacr.es\/wp-content\/uploads\/2021\/03\/mcei.jpg 988w, https:\/\/www.acacr.es\/wp-content\/uploads\/2021\/03\/mcei-300x117.jpg 300w, https:\/\/www.acacr.es\/wp-content\/uploads\/2021\/03\/mcei-768x298.jpg 768w\" sizes=\"(max-width: 988px) 100vw, 988px\" \/><\/figure>\n<\/div><\/div>\n\n\n\n<div class=\"wp-block-ultimate-post-column ultp-block-d6d33d\"><div class=\"ultp-column-wrapper\">\n<figure class=\"wp-block-image size-full\"><img decoding=\"async\" width=\"2079\" height=\"1165\" src=\"https:\/\/www.acacr.es\/wp-content\/uploads\/2020\/12\/logo-Junta-2.png\" alt=\"\" class=\"wp-image-719\" srcset=\"https:\/\/www.acacr.es\/wp-content\/uploads\/2020\/12\/logo-Junta-2.png 2079w, https:\/\/www.acacr.es\/wp-content\/uploads\/2020\/12\/logo-Junta-2-300x168.png 300w, https:\/\/www.acacr.es\/wp-content\/uploads\/2020\/12\/logo-Junta-2-1024x574.png 1024w, https:\/\/www.acacr.es\/wp-content\/uploads\/2020\/12\/logo-Junta-2-768x430.png 768w, https:\/\/www.acacr.es\/wp-content\/uploads\/2020\/12\/logo-Junta-2-1536x861.png 1536w, https:\/\/www.acacr.es\/wp-content\/uploads\/2020\/12\/logo-Junta-2-2048x1148.png 2048w, https:\/\/www.acacr.es\/wp-content\/uploads\/2020\/12\/logo-Junta-2-1320x740.png 1320w\" sizes=\"(max-width: 2079px) 100vw, 2079px\" \/><\/figure>\n<\/div><\/div>\n\n\n\n<div class=\"wp-block-ultimate-post-column ultp-block-515768\"><div class=\"ultp-column-wrapper\">\n<figure class=\"wp-block-image size-full is-resized\"><img loading=\"lazy\" decoding=\"async\" width=\"1446\" height=\"1229\" src=\"https:\/\/www.acacr.es\/wp-content\/uploads\/2023\/11\/ueconlet.png\" alt=\"\" class=\"wp-image-2424\" style=\"width:168px;height:auto\" srcset=\"https:\/\/www.acacr.es\/wp-content\/uploads\/2023\/11\/ueconlet.png 1446w, https:\/\/www.acacr.es\/wp-content\/uploads\/2023\/11\/ueconlet-300x255.png 300w, https:\/\/www.acacr.es\/wp-content\/uploads\/2023\/11\/ueconlet-1024x870.png 1024w, https:\/\/www.acacr.es\/wp-content\/uploads\/2023\/11\/ueconlet-768x653.png 768w, https:\/\/www.acacr.es\/wp-content\/uploads\/2023\/11\/ueconlet-1320x1122.png 1320w\" sizes=\"(max-width: 1446px) 100vw, 1446px\" \/><\/figure>\n<\/div><\/div>\n<\/div><\/div><\/div>\n\n\n<div id=\"La_Academia_Andaluza_de_Ciencia_Regional_ACACR_se_crea_por_Decreto_3832009_de_9_de_diciembre_en_el_marco_de_la_Ley_Andaluza_de_la_Ciencia_y_el_Conocimiento_del_3_de_diciembre_de_2007\"  class=\"wp-block-ultimate-post-heading ultp-block-3fd97a\"><div class=\"ultp-block-wrapper\"><div class=\"ultp-heading-wrap ultp-heading-style17 ultp-heading-center\"><h6 class=\"ultp-heading-inner\"><span>La Academia Andaluza de Ciencias Econ\u00f3micas y del Territorio se crea por Decreto 383\/2009 de 9 de diciembre, en el marco de la Ley Andaluza de la Ciencia y el Conocimiento del 3 de diciembre de 2007.<\/span><\/h6><\/div><\/div><\/div>","protected":false},"excerpt":{"rendered":"","protected":false},"author":1,"featured_media":0,"parent":0,"menu_order":0,"comment_status":"closed","ping_status":"closed","template":"","meta":{"advgb_blocks_editor_width":"","advgb_blocks_columns_visual_guide":"","ocean_post_layout":"full-width","ocean_both_sidebars_style":"","ocean_both_sidebars_content_width":0,"ocean_both_sidebars_sidebars_width":0,"ocean_sidebar":"0","ocean_second_sidebar":"0","ocean_disable_margins":"enable","ocean_add_body_class":"","ocean_shortcode_before_top_bar":"","ocean_shortcode_after_top_bar":"","ocean_shortcode_before_header":"","ocean_shortcode_after_header":"","ocean_has_shortcode":"","ocean_shortcode_after_title":"","ocean_shortcode_before_footer_widgets":"","ocean_shortcode_after_footer_widgets":"","ocean_shortcode_before_footer_bottom":"","ocean_shortcode_after_footer_bottom":"","ocean_display_top_bar":"default","ocean_display_header":"default","ocean_header_style":"","ocean_center_header_left_menu":"0","ocean_custom_header_template":"0","ocean_custom_logo":0,"ocean_custom_retina_logo":0,"ocean_custom_logo_max_width":0,"ocean_custom_logo_tablet_max_width":0,"ocean_custom_logo_mobile_max_width":0,"ocean_custom_logo_max_height":0,"ocean_custom_logo_tablet_max_height":0,"ocean_custom_logo_mobile_max_height":0,"ocean_header_custom_menu":"0","ocean_menu_typo_font_family":"0","ocean_menu_typo_font_subset":"","ocean_menu_typo_font_size":0,"ocean_menu_typo_font_size_tablet":0,"ocean_menu_typo_font_size_mobile":0,"ocean_menu_typo_font_size_unit":"px","ocean_menu_typo_font_weight":"","ocean_menu_typo_font_weight_tablet":"","ocean_menu_typo_font_weight_mobile":"","ocean_menu_typo_transform":"","ocean_menu_typo_transform_tablet":"","ocean_menu_typo_transform_mobile":"","ocean_menu_typo_line_height":0,"ocean_menu_typo_line_height_tablet":0,"ocean_menu_typo_line_height_mobile":0,"ocean_menu_typo_line_height_unit":"","ocean_menu_typo_spacing":0,"ocean_menu_typo_spacing_tablet":0,"ocean_menu_typo_spacing_mobile":0,"ocean_menu_typo_spacing_unit":"","ocean_menu_link_color":"","ocean_menu_link_color_hover":"","ocean_menu_link_color_active":"","ocean_menu_link_background":"","ocean_menu_link_hover_background":"","ocean_menu_link_active_background":"","ocean_menu_social_links_bg":"","ocean_menu_social_hover_links_bg":"","ocean_menu_social_links_color":"","ocean_menu_social_hover_links_color":"","ocean_disable_title":"default","ocean_disable_heading":"default","ocean_post_title":"","ocean_post_subheading":"","ocean_post_title_style":"","ocean_post_title_background_color":"","ocean_post_title_background":0,"ocean_post_title_bg_image_position":"","ocean_post_title_bg_image_attachment":"","ocean_post_title_bg_image_repeat":"","ocean_post_title_bg_image_size":"","ocean_post_title_height":0,"ocean_post_title_bg_overlay":0.5,"ocean_post_title_bg_overlay_color":"","ocean_disable_breadcrumbs":"default","ocean_breadcrumbs_color":"","ocean_breadcrumbs_separator_color":"","ocean_breadcrumbs_links_color":"","ocean_breadcrumbs_links_hover_color":"","ocean_display_footer_widgets":"default","ocean_display_footer_bottom":"default","ocean_custom_footer_template":"0","footnotes":""},"class_list":["post-2643","page","type-page","status-publish","hentry","entry"],"coauthors":[],"author_meta":{"author_link":"https:\/\/www.acacr.es\/?author=1","display_name":"Acacr"},"relative_dates":{"created":"Publicado 2 a\u00f1os hace","modified":"Actualizado 5 meses hace"},"absolute_dates":{"created":"Publicado el 16 mayo 2024","modified":"Actualizado el 6 diciembre 2025"},"absolute_dates_time":{"created":"Publicado el 16 mayo 2024 15:11","modified":"Actualizado el 6 diciembre 2025 11:58"},"featured_img_caption":"","featured_img":false,"series_order":"","_links":{"self":[{"href":"https:\/\/www.acacr.es\/index.php?rest_route=\/wp\/v2\/pages\/2643","targetHints":{"allow":["GET"]}}],"collection":[{"href":"https:\/\/www.acacr.es\/index.php?rest_route=\/wp\/v2\/pages"}],"about":[{"href":"https:\/\/www.acacr.es\/index.php?rest_route=\/wp\/v2\/types\/page"}],"author":[{"embeddable":true,"href":"https:\/\/www.acacr.es\/index.php?rest_route=\/wp\/v2\/users\/1"}],"replies":[{"embeddable":true,"href":"https:\/\/www.acacr.es\/index.php?rest_route=%2Fwp%2Fv2%2Fcomments&post=2643"}],"version-history":[{"count":28,"href":"https:\/\/www.acacr.es\/index.php?rest_route=\/wp\/v2\/pages\/2643\/revisions"}],"predecessor-version":[{"id":3201,"href":"https:\/\/www.acacr.es\/index.php?rest_route=\/wp\/v2\/pages\/2643\/revisions\/3201"}],"wp:attachment":[{"href":"https:\/\/www.acacr.es\/index.php?rest_route=%2Fwp%2Fv2%2Fmedia&parent=2643"}],"curies":[{"name":"wp","href":"https:\/\/api.w.org\/{rel}","templated":true}]}}