{"id":372,"date":"2020-10-21T16:47:36","date_gmt":"2020-10-21T16:47:36","guid":{"rendered":"https:\/\/www.acacr.es\/Wordpress\/?page_id=372"},"modified":"2026-04-17T11:58:13","modified_gmt":"2026-04-17T11:58:13","slug":"actividades-2","status":"publish","type":"page","link":"https:\/\/www.acacr.es\/?page_id=372","title":{"rendered":"Actividades"},"content":{"rendered":"\t\t<div data-elementor-type=\"wp-page\" data-elementor-id=\"372\" class=\"elementor elementor-372\">\n\t\t\t\t\t\t<section class=\"elementor-section elementor-top-section elementor-element elementor-element-b5affd4 elementor-section-boxed elementor-section-height-default elementor-section-height-default\" data-id=\"b5affd4\" data-element_type=\"section\">\n\t\t\t\t\t\t<div class=\"elementor-container elementor-column-gap-default\">\n\t\t\t\t\t<div class=\"elementor-column elementor-col-100 elementor-top-column elementor-element elementor-element-fb510c7\" data-id=\"fb510c7\" data-element_type=\"column\">\n\t\t\t<div class=\"elementor-widget-wrap elementor-element-populated\">\n\t\t\t\t\t\t<div class=\"elementor-element elementor-element-0809e74 elementor-grid-eael-col-1 elementor-grid-tablet-eael-col-2 elementor-grid-mobile-eael-col-1 elementor-widget elementor-widget-eael-post-grid\" data-id=\"0809e74\" data-element_type=\"widget\" data-settings=\"{&quot;eael_post_grid_columns&quot;:&quot;eael-col-1&quot;,&quot;eael_post_grid_columns_tablet&quot;:&quot;eael-col-2&quot;,&quot;eael_post_grid_columns_mobile&quot;:&quot;eael-col-1&quot;}\" data-widget_type=\"eael-post-grid.default\">\n\t\t\t\t<div class=\"elementor-widget-container\">\n\t\t\t\t\t<div id=\"eael-post-grid-0809e74\" class=\"eael-post-grid-container\">\n            <div class=\"eael-post-grid eael-post-appender eael-post-appender-0809e74 eael-post-grid-style-two\" data-layout-mode=\"masonry\"><article class=\"eael-grid-post  eael-post-grid-column eael-pg-post-3816 category-actividades-sin-categoria\" data-id=\"3816\">\n    <div class=\"eael-grid-post-holder\">\n        <div class=\"eael-grid-post-holder-inner\"><div class=\"eael-entry-media\"><div class=\"eael-entry-overlay fade-in\"><i class=\"fas fa-long-arrow-alt-right\" aria-hidden=\"true\"><\/i><a href=\"https:\/\/www.acacr.es\/?p=3816\"><\/a><\/div><div class=\"eael-entry-thumbnail \">\n                            <img fetchpriority=\"high\" decoding=\"async\" width=\"1990\" height=\"1091\" src=\"https:\/\/www.acacr.es\/wp-content\/uploads\/2023\/11\/cies2024ban2.jpg\" class=\"attachment-full size-full wp-image-2430\" alt=\"\" srcset=\"https:\/\/www.acacr.es\/wp-content\/uploads\/2023\/11\/cies2024ban2.jpg 1990w, https:\/\/www.acacr.es\/wp-content\/uploads\/2023\/11\/cies2024ban2-300x164.jpg 300w, https:\/\/www.acacr.es\/wp-content\/uploads\/2023\/11\/cies2024ban2-1024x561.jpg 1024w, https:\/\/www.acacr.es\/wp-content\/uploads\/2023\/11\/cies2024ban2-768x421.jpg 768w, https:\/\/www.acacr.es\/wp-content\/uploads\/2023\/11\/cies2024ban2-1536x842.jpg 1536w, https:\/\/www.acacr.es\/wp-content\/uploads\/2023\/11\/cies2024ban2-1320x724.jpg 1320w\" sizes=\"(max-width: 1990px) 100vw, 1990px\" \/>\n                            <\/div>\n                    <\/div><div class=\"eael-entry-wrapper\"><header class=\"eael-entry-header\"><h1 class=\"eael-entry-title\"><a class=\"eael-grid-post-link\" href=\"https:\/\/www.acacr.es\/?p=3816\" title=\"Congreso Internacional de Econom\u00eda Social 2024\">Congreso Internacional de Econom\u00eda Social 2024<\/a><\/h1><\/header><\/div><\/div>\n    <\/div>\n<\/article><article class=\"eael-grid-post  eael-post-grid-column eael-pg-post-3810 category-actividades-sin-categoria\" data-id=\"3810\">\n    <div class=\"eael-grid-post-holder\">\n        <div class=\"eael-grid-post-holder-inner\"><div class=\"eael-entry-media\"><div class=\"eael-entry-overlay fade-in\"><i class=\"fas fa-long-arrow-alt-right\" aria-hidden=\"true\"><\/i><a href=\"https:\/\/www.acacr.es\/?p=3810\"><\/a><\/div><div class=\"eael-entry-thumbnail \">\n                            <img decoding=\"async\" width=\"1600\" height=\"800\" src=\"https:\/\/www.acacr.es\/wp-content\/uploads\/2026\/04\/BANNER-CIDR2023-3.jpg\" class=\"attachment-full size-full wp-image-3811\" alt=\"\" srcset=\"https:\/\/www.acacr.es\/wp-content\/uploads\/2026\/04\/BANNER-CIDR2023-3.jpg 1600w, https:\/\/www.acacr.es\/wp-content\/uploads\/2026\/04\/BANNER-CIDR2023-3-300x150.jpg 300w, https:\/\/www.acacr.es\/wp-content\/uploads\/2026\/04\/BANNER-CIDR2023-3-1024x512.jpg 1024w, https:\/\/www.acacr.es\/wp-content\/uploads\/2026\/04\/BANNER-CIDR2023-3-768x384.jpg 768w, https:\/\/www.acacr.es\/wp-content\/uploads\/2026\/04\/BANNER-CIDR2023-3-1536x768.jpg 1536w, https:\/\/www.acacr.es\/wp-content\/uploads\/2026\/04\/BANNER-CIDR2023-3-1320x660.jpg 1320w\" sizes=\"(max-width: 1600px) 100vw, 1600px\" \/>\n                            <\/div>\n                    <\/div><div class=\"eael-entry-wrapper\"><header class=\"eael-entry-header\"><h1 class=\"eael-entry-title\"><a class=\"eael-grid-post-link\" href=\"https:\/\/www.acacr.es\/?p=3810\" title=\"Congreso Internacional del Desarrollo Rural 2023\">Congreso Internacional del Desarrollo Rural 2023<\/a><\/h1><\/header><\/div><\/div>\n    <\/div>\n<\/article><article class=\"eael-grid-post  eael-post-grid-column eael-pg-post-3806 category-actividades\" data-id=\"3806\">\n    <div class=\"eael-grid-post-holder\">\n        <div class=\"eael-grid-post-holder-inner\"><div class=\"eael-entry-media\"><div class=\"eael-entry-overlay fade-in\"><i class=\"fas fa-long-arrow-alt-right\" aria-hidden=\"true\"><\/i><a href=\"https:\/\/www.acacr.es\/?p=3806\"><\/a><\/div><div class=\"eael-entry-thumbnail \">\n                            <img decoding=\"async\" width=\"1134\" height=\"584\" src=\"https:\/\/www.acacr.es\/wp-content\/uploads\/2026\/04\/Ciaobanner.png\" class=\"attachment-full size-full wp-image-3807\" alt=\"\" srcset=\"https:\/\/www.acacr.es\/wp-content\/uploads\/2026\/04\/Ciaobanner.png 1134w, https:\/\/www.acacr.es\/wp-content\/uploads\/2026\/04\/Ciaobanner-300x154.png 300w, https:\/\/www.acacr.es\/wp-content\/uploads\/2026\/04\/Ciaobanner-1024x527.png 1024w, https:\/\/www.acacr.es\/wp-content\/uploads\/2026\/04\/Ciaobanner-768x396.png 768w\" sizes=\"(max-width: 1134px) 100vw, 1134px\" \/>\n                            <\/div>\n                    <\/div><div class=\"eael-entry-wrapper\"><header class=\"eael-entry-header\"><h1 class=\"eael-entry-title\"><a class=\"eael-grid-post-link\" href=\"https:\/\/www.acacr.es\/?p=3806\" title=\"Congreso Internacional del Aceite de Oliva Los territorios olivareros frente a los cambios socioecon\u00f3micos y ambientales.\">Congreso Internacional del Aceite de Oliva Los territorios olivareros frente a los cambios socioecon\u00f3micos y ambientales.<\/a><\/h1><\/header><\/div><\/div>\n    <\/div>\n<\/article><article class=\"eael-grid-post  eael-post-grid-column eael-pg-post-3795 category-actividades\" data-id=\"3795\">\n    <div class=\"eael-grid-post-holder\">\n        <div class=\"eael-grid-post-holder-inner\"><div class=\"eael-entry-media\"><div class=\"eael-entry-overlay fade-in\"><i class=\"fas fa-long-arrow-alt-right\" aria-hidden=\"true\"><\/i><a href=\"https:\/\/www.acacr.es\/?p=3795\"><\/a><\/div><div class=\"eael-entry-thumbnail \">\n                            <img loading=\"lazy\" decoding=\"async\" width=\"1920\" height=\"1180\" src=\"https:\/\/www.acacr.es\/wp-content\/uploads\/2021\/09\/streaming.jpeg\" class=\"attachment-full size-full wp-image-1181\" alt=\"\" srcset=\"https:\/\/www.acacr.es\/wp-content\/uploads\/2021\/09\/streaming.jpeg 1920w, https:\/\/www.acacr.es\/wp-content\/uploads\/2021\/09\/streaming-300x184.jpeg 300w, https:\/\/www.acacr.es\/wp-content\/uploads\/2021\/09\/streaming-1024x629.jpeg 1024w, https:\/\/www.acacr.es\/wp-content\/uploads\/2021\/09\/streaming-768x472.jpeg 768w, https:\/\/www.acacr.es\/wp-content\/uploads\/2021\/09\/streaming-1536x944.jpeg 1536w, https:\/\/www.acacr.es\/wp-content\/uploads\/2021\/09\/streaming-1320x811.jpeg 1320w\" sizes=\"(max-width: 1920px) 100vw, 1920px\" \/>\n                            <\/div>\n                    <\/div><div class=\"eael-entry-wrapper\"><header class=\"eael-entry-header\"><h1 class=\"eael-entry-title\"><a class=\"eael-grid-post-link\" href=\"https:\/\/www.acacr.es\/?p=3795\" title=\"STREAMING Andaluc\u00eda en la Encrucijada de la Sostenibilidad del Sistema de Salud.\">STREAMING Andaluc\u00eda en la Encrucijada de la Sostenibilidad del Sistema de Salud.<\/a><\/h1><\/header><\/div><\/div>\n    <\/div>\n<\/article><article class=\"eael-grid-post  eael-post-grid-column eael-pg-post-3791 category-actividades\" data-id=\"3791\">\n    <div class=\"eael-grid-post-holder\">\n        <div class=\"eael-grid-post-holder-inner\"><div class=\"eael-entry-media\"><div class=\"eael-entry-overlay fade-in\"><i class=\"fas fa-long-arrow-alt-right\" aria-hidden=\"true\"><\/i><a href=\"https:\/\/www.acacr.es\/?p=3791\"><\/a><\/div><div class=\"eael-entry-thumbnail \">\n                            <img loading=\"lazy\" decoding=\"async\" width=\"720\" height=\"380\" src=\"https:\/\/www.acacr.es\/wp-content\/uploads\/2026\/04\/civa.jpg\" class=\"attachment-full size-full wp-image-3792\" alt=\"\" srcset=\"https:\/\/www.acacr.es\/wp-content\/uploads\/2026\/04\/civa.jpg 720w, https:\/\/www.acacr.es\/wp-content\/uploads\/2026\/04\/civa-300x158.jpg 300w\" sizes=\"(max-width: 720px) 100vw, 720px\" \/>\n                            <\/div>\n                    <\/div><div class=\"eael-entry-wrapper\"><header class=\"eael-entry-header\"><h1 class=\"eael-entry-title\"><a class=\"eael-grid-post-link\" href=\"https:\/\/www.acacr.es\/?p=3791\" title=\"CONGRESO INTERNACIONAL DEL VINO EN ANDALUC\u00cdA. Nuevos retos Internacionales \u00ab500 a\u00f1os despu\u00e9s de la primera vuelta al mundo\u00bb Sanl\u00facar de Barrameda, 13 al 18 de Septiembre de 2018\">CONGRESO INTERNACIONAL DEL VINO EN ANDALUC\u00cdA. Nuevos retos Internacionales \u00ab500 a\u00f1os despu\u00e9s de la primera vuelta al mundo\u00bb Sanl\u00facar de Barrameda, 13 al 18 de Septiembre de 2018<\/a><\/h1><\/header><\/div><\/div>\n    <\/div>\n<\/article><article class=\"eael-grid-post  eael-post-grid-column eael-pg-post-3787 category-actividades\" data-id=\"3787\">\n    <div class=\"eael-grid-post-holder\">\n        <div class=\"eael-grid-post-holder-inner\"><div class=\"eael-entry-media\"><div class=\"eael-entry-overlay fade-in\"><i class=\"fas fa-long-arrow-alt-right\" aria-hidden=\"true\"><\/i><a href=\"https:\/\/www.acacr.es\/?p=3787\"><\/a><\/div><div class=\"eael-entry-thumbnail \">\n                            <img loading=\"lazy\" decoding=\"async\" width=\"626\" height=\"390\" src=\"https:\/\/www.acacr.es\/wp-content\/uploads\/2026\/04\/Congreso-Int-Dlocal.jpg\" class=\"attachment-full size-full wp-image-3788\" alt=\"\" srcset=\"https:\/\/www.acacr.es\/wp-content\/uploads\/2026\/04\/Congreso-Int-Dlocal.jpg 626w, https:\/\/www.acacr.es\/wp-content\/uploads\/2026\/04\/Congreso-Int-Dlocal-300x187.jpg 300w\" sizes=\"(max-width: 626px) 100vw, 626px\" \/>\n                            <\/div>\n                    <\/div><div class=\"eael-entry-wrapper\"><header class=\"eael-entry-header\"><h1 class=\"eael-entry-title\"><a class=\"eael-grid-post-link\" href=\"https:\/\/www.acacr.es\/?p=3787\" title=\"Informaci\u00f3n sobre el IV Congreso Internacional de Desarrollo Local\">Informaci\u00f3n sobre el IV Congreso Internacional de Desarrollo Local<\/a><\/h1><\/header><\/div><\/div>\n    <\/div>\n<\/article><article class=\"eael-grid-post  eael-post-grid-column eael-pg-post-3781 category-actividades\" data-id=\"3781\">\n    <div class=\"eael-grid-post-holder\">\n        <div class=\"eael-grid-post-holder-inner\"><div class=\"eael-entry-media\"><div class=\"eael-entry-overlay fade-in\"><i class=\"fas fa-long-arrow-alt-right\" aria-hidden=\"true\"><\/i><a href=\"https:\/\/www.acacr.es\/?p=3781\"><\/a><\/div><div class=\"eael-entry-thumbnail \">\n                            <img loading=\"lazy\" decoding=\"async\" width=\"605\" height=\"208\" src=\"https:\/\/www.acacr.es\/wp-content\/uploads\/2026\/04\/congresoAndaluzempren.jpg\" class=\"attachment-full size-full wp-image-3782\" alt=\"\" srcset=\"https:\/\/www.acacr.es\/wp-content\/uploads\/2026\/04\/congresoAndaluzempren.jpg 605w, https:\/\/www.acacr.es\/wp-content\/uploads\/2026\/04\/congresoAndaluzempren-300x103.jpg 300w\" sizes=\"(max-width: 605px) 100vw, 605px\" \/>\n                            <\/div>\n                    <\/div><div class=\"eael-entry-wrapper\"><header class=\"eael-entry-header\"><h1 class=\"eael-entry-title\"><a class=\"eael-grid-post-link\" href=\"https:\/\/www.acacr.es\/?p=3781\" title=\"III Congreso Andaluz de Emprendimiento\">III Congreso Andaluz de Emprendimiento<\/a><\/h1><\/header><\/div><\/div>\n    <\/div>\n<\/article><article class=\"eael-grid-post  eael-post-grid-column eael-pg-post-3777 category-actividades-sin-categoria\" data-id=\"3777\">\n    <div class=\"eael-grid-post-holder\">\n        <div class=\"eael-grid-post-holder-inner\"><div class=\"eael-entry-media\"><div class=\"eael-entry-overlay fade-in\"><i class=\"fas fa-long-arrow-alt-right\" aria-hidden=\"true\"><\/i><a href=\"https:\/\/www.acacr.es\/?p=3777\"><\/a><\/div><div class=\"eael-entry-thumbnail \">\n                            <img loading=\"lazy\" decoding=\"async\" width=\"519\" height=\"248\" src=\"https:\/\/www.acacr.es\/wp-content\/uploads\/2026\/04\/curso-est.jpg\" class=\"attachment-full size-full wp-image-3778\" alt=\"\" srcset=\"https:\/\/www.acacr.es\/wp-content\/uploads\/2026\/04\/curso-est.jpg 519w, https:\/\/www.acacr.es\/wp-content\/uploads\/2026\/04\/curso-est-300x143.jpg 300w\" sizes=\"(max-width: 519px) 100vw, 519px\" \/>\n                            <\/div>\n                    <\/div><div class=\"eael-entry-wrapper\"><header class=\"eael-entry-header\"><h1 class=\"eael-entry-title\"><a class=\"eael-grid-post-link\" href=\"https:\/\/www.acacr.es\/?p=3777\" title=\"Curso Internacional de Desarrollo Local y Estrategias Territoriales\">Curso Internacional de Desarrollo Local y Estrategias Territoriales<\/a><\/h1><\/header><\/div><\/div>\n    <\/div>\n<\/article><article class=\"eael-grid-post  eael-post-grid-column eael-pg-post-3772 category-actividades\" data-id=\"3772\">\n    <div class=\"eael-grid-post-holder\">\n        <div class=\"eael-grid-post-holder-inner\"><div class=\"eael-entry-media\"><div class=\"eael-entry-overlay fade-in\"><i class=\"fas fa-long-arrow-alt-right\" aria-hidden=\"true\"><\/i><a href=\"https:\/\/www.acacr.es\/?p=3772\"><\/a><\/div><div class=\"eael-entry-thumbnail \">\n                            <img loading=\"lazy\" decoding=\"async\" width=\"498\" height=\"187\" src=\"https:\/\/www.acacr.es\/wp-content\/uploads\/2026\/04\/trans.jpg\" class=\"attachment-full size-full wp-image-3773\" alt=\"\" srcset=\"https:\/\/www.acacr.es\/wp-content\/uploads\/2026\/04\/trans.jpg 498w, https:\/\/www.acacr.es\/wp-content\/uploads\/2026\/04\/trans-300x113.jpg 300w\" sizes=\"(max-width: 498px) 100vw, 498px\" \/>\n                            <\/div>\n                    <\/div><div class=\"eael-entry-wrapper\"><header class=\"eael-entry-header\"><h1 class=\"eael-entry-title\"><a class=\"eael-grid-post-link\" href=\"https:\/\/www.acacr.es\/?p=3772\" title=\"Tr\u00edptico de la II Jornada sobre Econom\u00eda y Transportes\">Tr\u00edptico de la II Jornada sobre Econom\u00eda y Transportes<\/a><\/h1><\/header><\/div><\/div>\n    <\/div>\n<\/article><article class=\"eael-grid-post  eael-post-grid-column eael-pg-post-3768 category-actividades\" data-id=\"3768\">\n    <div class=\"eael-grid-post-holder\">\n        <div class=\"eael-grid-post-holder-inner\"><div class=\"eael-entry-media\"><div class=\"eael-entry-overlay fade-in\"><i class=\"fas fa-long-arrow-alt-right\" aria-hidden=\"true\"><\/i><a href=\"https:\/\/www.acacr.es\/?p=3768\"><\/a><\/div><div class=\"eael-entry-thumbnail \">\n                            <img loading=\"lazy\" decoding=\"async\" width=\"327\" height=\"231\" src=\"https:\/\/www.acacr.es\/wp-content\/uploads\/2026\/04\/curcien.jpg\" class=\"attachment-full size-full wp-image-3769\" alt=\"\" srcset=\"https:\/\/www.acacr.es\/wp-content\/uploads\/2026\/04\/curcien.jpg 327w, https:\/\/www.acacr.es\/wp-content\/uploads\/2026\/04\/curcien-300x212.jpg 300w\" sizes=\"(max-width: 327px) 100vw, 327px\" \/>\n                            <\/div>\n                    <\/div><div class=\"eael-entry-wrapper\"><header class=\"eael-entry-header\"><h1 class=\"eael-entry-title\"><a class=\"eael-grid-post-link\" href=\"https:\/\/www.acacr.es\/?p=3768\" title=\"Tr\u00edptico del XII Congreso Ciencia Regional\">Tr\u00edptico del XII Congreso Ciencia Regional<\/a><\/h1><\/header><\/div><\/div>\n    <\/div>\n<\/article><\/div>\n            <div class=\"clearfix\"><\/div>\n        <\/div>\t\t\t\t<\/div>\n\t\t\t\t<\/div>\n\t\t\t\t\t<\/div>\n\t\t<\/div>\n\t\t\t\t\t<\/div>\n\t\t<\/section>\n\t\t\t\t<section class=\"elementor-section elementor-top-section elementor-element elementor-element-5a771bc4 elementor-section-boxed elementor-section-height-default elementor-section-height-default\" data-id=\"5a771bc4\" data-element_type=\"section\">\n\t\t\t\t\t\t<div class=\"elementor-container elementor-column-gap-default\">\n\t\t\t\t\t<div class=\"elementor-column elementor-col-25 elementor-top-column elementor-element elementor-element-4f1f95b3\" data-id=\"4f1f95b3\" data-element_type=\"column\">\n\t\t\t<div class=\"elementor-widget-wrap elementor-element-populated\">\n\t\t\t\t\t\t<div class=\"elementor-element elementor-element-c7c9c68 elementor-widget elementor-widget-image\" data-id=\"c7c9c68\" data-element_type=\"widget\" data-widget_type=\"image.default\">\n\t\t\t\t<div class=\"elementor-widget-container\">\n\t\t\t\t\t\t\t\t\t\t\t\t\t\t\t<img loading=\"lazy\" decoding=\"async\" width=\"426\" height=\"118\" src=\"https:\/\/www.acacr.es\/wp-content\/uploads\/2020\/12\/gobespa2.png\" class=\"attachment-large size-large wp-image-722\" alt=\"\" srcset=\"https:\/\/www.acacr.es\/wp-content\/uploads\/2020\/12\/gobespa2.png 426w, https:\/\/www.acacr.es\/wp-content\/uploads\/2020\/12\/gobespa2-300x83.png 300w\" sizes=\"(max-width: 426px) 100vw, 426px\" \/>\t\t\t\t\t\t\t\t\t\t\t\t\t\t\t<\/div>\n\t\t\t\t<\/div>\n\t\t\t\t\t<\/div>\n\t\t<\/div>\n\t\t\t\t<div class=\"elementor-column elementor-col-25 elementor-top-column elementor-element elementor-element-530b3f04\" data-id=\"530b3f04\" data-element_type=\"column\">\n\t\t\t<div class=\"elementor-widget-wrap elementor-element-populated\">\n\t\t\t\t\t\t<div class=\"elementor-element elementor-element-7a6fa31b elementor-widget elementor-widget-image\" data-id=\"7a6fa31b\" data-element_type=\"widget\" data-widget_type=\"image.default\">\n\t\t\t\t<div class=\"elementor-widget-container\">\n\t\t\t\t\t\t\t\t\t\t\t\t\t\t\t<img loading=\"lazy\" decoding=\"async\" width=\"988\" height=\"384\" src=\"https:\/\/www.acacr.es\/wp-content\/uploads\/2021\/03\/mcei.jpg\" class=\"attachment-large size-large wp-image-1077\" alt=\"\" srcset=\"https:\/\/www.acacr.es\/wp-content\/uploads\/2021\/03\/mcei.jpg 988w, https:\/\/www.acacr.es\/wp-content\/uploads\/2021\/03\/mcei-300x117.jpg 300w, https:\/\/www.acacr.es\/wp-content\/uploads\/2021\/03\/mcei-768x298.jpg 768w\" sizes=\"(max-width: 988px) 100vw, 988px\" \/>\t\t\t\t\t\t\t\t\t\t\t\t\t\t\t<\/div>\n\t\t\t\t<\/div>\n\t\t\t\t\t<\/div>\n\t\t<\/div>\n\t\t\t\t<div class=\"elementor-column elementor-col-25 elementor-top-column elementor-element elementor-element-5667764a\" data-id=\"5667764a\" data-element_type=\"column\">\n\t\t\t<div class=\"elementor-widget-wrap elementor-element-populated\">\n\t\t\t\t\t\t<div class=\"elementor-element elementor-element-308cb2d6 elementor-widget elementor-widget-image\" data-id=\"308cb2d6\" data-element_type=\"widget\" data-widget_type=\"image.default\">\n\t\t\t\t<div class=\"elementor-widget-container\">\n\t\t\t\t\t\t\t\t\t\t\t\t\t\t\t<img loading=\"lazy\" decoding=\"async\" width=\"2048\" height=\"1148\" src=\"https:\/\/www.acacr.es\/wp-content\/uploads\/2020\/12\/logo-Junta-2-2048x1148.png\" class=\"attachment-2048x2048 size-2048x2048 wp-image-719\" alt=\"\" srcset=\"https:\/\/www.acacr.es\/wp-content\/uploads\/2020\/12\/logo-Junta-2-2048x1148.png 2048w, https:\/\/www.acacr.es\/wp-content\/uploads\/2020\/12\/logo-Junta-2-300x168.png 300w, https:\/\/www.acacr.es\/wp-content\/uploads\/2020\/12\/logo-Junta-2-1024x574.png 1024w, https:\/\/www.acacr.es\/wp-content\/uploads\/2020\/12\/logo-Junta-2-768x430.png 768w, https:\/\/www.acacr.es\/wp-content\/uploads\/2020\/12\/logo-Junta-2-1536x861.png 1536w, https:\/\/www.acacr.es\/wp-content\/uploads\/2020\/12\/logo-Junta-2-1320x740.png 1320w\" sizes=\"(max-width: 2048px) 100vw, 2048px\" \/>\t\t\t\t\t\t\t\t\t\t\t\t\t\t\t<\/div>\n\t\t\t\t<\/div>\n\t\t\t\t\t<\/div>\n\t\t<\/div>\n\t\t\t\t<div class=\"elementor-column elementor-col-25 elementor-top-column elementor-element elementor-element-12e44a57\" data-id=\"12e44a57\" data-element_type=\"column\">\n\t\t\t<div class=\"elementor-widget-wrap elementor-element-populated\">\n\t\t\t\t\t\t<div class=\"elementor-element elementor-element-3e7c1724 elementor-widget elementor-widget-image\" data-id=\"3e7c1724\" data-element_type=\"widget\" data-widget_type=\"image.default\">\n\t\t\t\t<div class=\"elementor-widget-container\">\n\t\t\t\t\t\t\t\t\t\t\t\t\t\t\t<img loading=\"lazy\" decoding=\"async\" width=\"300\" height=\"255\" src=\"https:\/\/www.acacr.es\/wp-content\/uploads\/2020\/12\/logoue-300x255.png\" class=\"attachment-medium size-medium wp-image-723\" alt=\"\" srcset=\"https:\/\/www.acacr.es\/wp-content\/uploads\/2020\/12\/logoue-300x255.png 300w, https:\/\/www.acacr.es\/wp-content\/uploads\/2020\/12\/logoue-1024x870.png 1024w, https:\/\/www.acacr.es\/wp-content\/uploads\/2020\/12\/logoue-768x653.png 768w, https:\/\/www.acacr.es\/wp-content\/uploads\/2020\/12\/logoue-1320x1122.png 1320w, https:\/\/www.acacr.es\/wp-content\/uploads\/2020\/12\/logoue.png 1446w\" sizes=\"(max-width: 300px) 100vw, 300px\" \/>\t\t\t\t\t\t\t\t\t\t\t\t\t\t\t<\/div>\n\t\t\t\t<\/div>\n\t\t\t\t\t<\/div>\n\t\t<\/div>\n\t\t\t\t\t<\/div>\n\t\t<\/section>\n\t\t\t\t<\/div>\n\t\t","protected":false},"excerpt":{"rendered":"<p>Congreso Internacional de Econom\u00eda Social 2024 Congreso Internacional del Desarrollo Rural 2023 Congreso Internacional del Aceite de Oliva Los territorios olivareros frente a los cambios socioecon\u00f3micos y ambientales. STREAMING Andaluc\u00eda en la Encrucijada de la Sostenibilidad del Sistema de Salud. CONGRESO INTERNACIONAL DEL VINO EN ANDALUC\u00cdA. Nuevos retos Internacionales \u00ab500 a\u00f1os despu\u00e9s de la primera [&hellip;]<\/p>\n","protected":false},"author":1,"featured_media":0,"parent":0,"menu_order":0,"comment_status":"closed","ping_status":"closed","template":"","meta":{"advgb_blocks_editor_width":"","advgb_blocks_columns_visual_guide":"","ocean_post_layout":"full-width","ocean_both_sidebars_style":"","ocean_both_sidebars_content_width":0,"ocean_both_sidebars_sidebars_width":0,"ocean_sidebar":"0","ocean_second_sidebar":"0","ocean_disable_margins":"on","ocean_add_body_class":"","ocean_shortcode_before_top_bar":"","ocean_shortcode_after_top_bar":"","ocean_shortcode_before_header":"","ocean_shortcode_after_header":"","ocean_has_shortcode":"","ocean_shortcode_after_title":"","ocean_shortcode_before_footer_widgets":"","ocean_shortcode_after_footer_widgets":"","ocean_shortcode_before_footer_bottom":"","ocean_shortcode_after_footer_bottom":"","ocean_display_top_bar":"default","ocean_display_header":"default","ocean_header_style":"","ocean_center_header_left_menu":"0","ocean_custom_header_template":"0","ocean_custom_logo":0,"ocean_custom_retina_logo":0,"ocean_custom_logo_max_width":0,"ocean_custom_logo_tablet_max_width":0,"ocean_custom_logo_mobile_max_width":0,"ocean_custom_logo_max_height":0,"ocean_custom_logo_tablet_max_height":0,"ocean_custom_logo_mobile_max_height":0,"ocean_header_custom_menu":"0","ocean_menu_typo_font_family":"0","ocean_menu_typo_font_subset":"","ocean_menu_typo_font_size":0,"ocean_menu_typo_font_size_tablet":0,"ocean_menu_typo_font_size_mobile":0,"ocean_menu_typo_font_size_unit":"px","ocean_menu_typo_font_weight":"","ocean_menu_typo_font_weight_tablet":"","ocean_menu_typo_font_weight_mobile":"","ocean_menu_typo_transform":"","ocean_menu_typo_transform_tablet":"","ocean_menu_typo_transform_mobile":"","ocean_menu_typo_line_height":0,"ocean_menu_typo_line_height_tablet":0,"ocean_menu_typo_line_height_mobile":0,"ocean_menu_typo_line_height_unit":"","ocean_menu_typo_spacing":0,"ocean_menu_typo_spacing_tablet":0,"ocean_menu_typo_spacing_mobile":0,"ocean_menu_typo_spacing_unit":"","ocean_menu_link_color":"","ocean_menu_link_color_hover":"","ocean_menu_link_color_active":"","ocean_menu_link_background":"","ocean_menu_link_hover_background":"","ocean_menu_link_active_background":"","ocean_menu_social_links_bg":"","ocean_menu_social_hover_links_bg":"","ocean_menu_social_links_color":"","ocean_menu_social_hover_links_color":"","ocean_disable_title":"default","ocean_disable_heading":"default","ocean_post_title":"","ocean_post_subheading":"","ocean_post_title_style":"","ocean_post_title_background_color":"","ocean_post_title_background":0,"ocean_post_title_bg_image_position":"","ocean_post_title_bg_image_attachment":"","ocean_post_title_bg_image_repeat":"","ocean_post_title_bg_image_size":"","ocean_post_title_height":0,"ocean_post_title_bg_overlay":0.5,"ocean_post_title_bg_overlay_color":"","ocean_disable_breadcrumbs":"default","ocean_breadcrumbs_color":"","ocean_breadcrumbs_separator_color":"","ocean_breadcrumbs_links_color":"","ocean_breadcrumbs_links_hover_color":"","ocean_display_footer_widgets":"default","ocean_display_footer_bottom":"default","ocean_custom_footer_template":"0","footnotes":""},"class_list":["post-372","page","type-page","status-publish","hentry","entry","has-media"],"coauthors":[],"author_meta":{"author_link":"https:\/\/www.acacr.es\/?author=1","display_name":"Acacr"},"relative_dates":{"created":"Publicado 6 a\u00f1os hace","modified":"Actualizado 5 d\u00edas hace"},"absolute_dates":{"created":"Publicado el 21 octubre 2020","modified":"Actualizado el 17 abril 2026"},"absolute_dates_time":{"created":"Publicado el 21 octubre 2020 16:47","modified":"Actualizado el 17 abril 2026 11:58"},"featured_img_caption":"","featured_img":false,"series_order":"","_links":{"self":[{"href":"https:\/\/www.acacr.es\/index.php?rest_route=\/wp\/v2\/pages\/372","targetHints":{"allow":["GET"]}}],"collection":[{"href":"https:\/\/www.acacr.es\/index.php?rest_route=\/wp\/v2\/pages"}],"about":[{"href":"https:\/\/www.acacr.es\/index.php?rest_route=\/wp\/v2\/types\/page"}],"author":[{"embeddable":true,"href":"https:\/\/www.acacr.es\/index.php?rest_route=\/wp\/v2\/users\/1"}],"replies":[{"embeddable":true,"href":"https:\/\/www.acacr.es\/index.php?rest_route=%2Fwp%2Fv2%2Fcomments&post=372"}],"version-history":[{"count":49,"href":"https:\/\/www.acacr.es\/index.php?rest_route=\/wp\/v2\/pages\/372\/revisions"}],"predecessor-version":[{"id":3821,"href":"https:\/\/www.acacr.es\/index.php?rest_route=\/wp\/v2\/pages\/372\/revisions\/3821"}],"wp:attachment":[{"href":"https:\/\/www.acacr.es\/index.php?rest_route=%2Fwp%2Fv2%2Fmedia&parent=372"}],"curies":[{"name":"wp","href":"https:\/\/api.w.org\/{rel}","templated":true}]}}